{"id":16305,"date":"2025-04-03T23:54:51","date_gmt":"2025-04-03T23:54:51","guid":{"rendered":"https:\/\/gogashop.com\/it\/?post_type=product&#038;p=16305"},"modified":"2025-04-03T23:58:38","modified_gmt":"2025-04-03T23:58:38","slug":"etichetta-per-auto-som","status":"publish","type":"product","link":"https:\/\/gogashop.com\/it\/etichetta-per-auto-som\/","title":{"rendered":"Etichetta per auto SOM"},"content":{"rendered":"","protected":false},"excerpt":{"rendered":"<p class=\"\" data-start=\"0\" data-end=\"240\">L&#8217;adesivo per auto personalizzabile \u00e8 una scelta eccellente per tutti i veri pescatori appassionati della cattura di questo pesce forte e misterioso. Con il motivo distintivo del pesce gatto con i caratteristici baffi, la tua auto mostrer\u00e0 immediatamente che sei un pescatore dedicato. \u00c8 adatto a tutti gli amanti della pesca nei grandi fiumi e laghi, dove i pesci gatto amano abitare. Puoi aggiungere il tuo testo all&#8217;adesivo &#8211; che sia il tuo nome, il nome della squadra di pesca o un pensiero divertente che ti rappresenta.<\/p>\n<p class=\"\" data-start=\"456\" data-end=\"679\">L&#8217;adesivo \u00e8 realizzato con materiali di alta qualit\u00e0 e resistenti alle intemperie, quindi manterr\u00e0 il suo bell&#8217;aspetto a lungo, indipendentemente dalla pioggia, dal sole o dal freddo. \u00c8 facile da installare e non danneggia l&#8217;auto quando viene rimosso.<\/p>\n<p><strong>Vantaggi dell&#8217;adesivo:<\/strong><\/p>\n<ul>\n<li>L&#8217;intera produzione dell&#8217;adesivo \u00e8 realizzata in Gogashop<\/li>\n<li>Puoi opzionalmente aggiungere il tuo testo all&#8217;adesivo &#8211; GRATUITAMENTE<\/li>\n<li>Produzione di alta qualit\u00e0 dell&#8217;adesivo per auto di qualit\u00e0 superiore<\/li>\n<li>Utilizzata pellicola di alta qualit\u00e0 del produttore TEDESCO<\/li>\n<li>Non danneggia l&#8217;auto e la vernice<\/li>\n<li>Facile installazione e rimozione<\/li>\n<\/ul>\n<p><strong>Contenuto del pacchetto:<\/strong><\/p>\n<ul>\n<li>1x Adesivo per auto<\/li>\n<\/ul>\n","protected":false},"featured_media":16503,"comment_status":"closed","ping_status":"closed","template":"","meta":[],"product_cat":[132],"product_tag":[],"class_list":{"0":"post-16305","1":"product","2":"type-product","3":"status-publish","4":"has-post-thumbnail","6":"product_cat-adesivi-pesca","8":"first","9":"instock","10":"shipping-taxable","11":"purchasable","12":"product-type-variable"},"_links":{"self":[{"href":"https:\/\/gogashop.com\/it\/wp-json\/wp\/v2\/product\/16305","targetHints":{"allow":["GET"]}}],"collection":[{"href":"https:\/\/gogashop.com\/it\/wp-json\/wp\/v2\/product"}],"about":[{"href":"https:\/\/gogashop.com\/it\/wp-json\/wp\/v2\/types\/product"}],"replies":[{"embeddable":true,"href":"https:\/\/gogashop.com\/it\/wp-json\/wp\/v2\/comments?post=16305"}],"version-history":[{"count":1,"href":"https:\/\/gogashop.com\/it\/wp-json\/wp\/v2\/product\/16305\/revisions"}],"predecessor-version":[{"id":16504,"href":"https:\/\/gogashop.com\/it\/wp-json\/wp\/v2\/product\/16305\/revisions\/16504"}],"wp:featuredmedia":[{"embeddable":true,"href":"https:\/\/gogashop.com\/it\/wp-json\/wp\/v2\/media\/16503"}],"wp:attachment":[{"href":"https:\/\/gogashop.com\/it\/wp-json\/wp\/v2\/media?parent=16305"}],"wp:term":[{"taxonomy":"product_cat","embeddable":true,"href":"https:\/\/gogashop.com\/it\/wp-json\/wp\/v2\/product_cat?post=16305"},{"taxonomy":"product_tag","embeddable":true,"href":"https:\/\/gogashop.com\/it\/wp-json\/wp\/v2\/product_tag?post=16305"}],"curies":[{"name":"wp","href":"https:\/\/api.w.org\/{rel}","templated":true}]}}