{"id":10965,"date":"2024-02-18T21:04:33","date_gmt":"2024-02-18T21:04:33","guid":{"rendered":"https:\/\/gogashop.com\/it\/?post_type=product&#038;p=10965"},"modified":"2024-06-21T12:09:40","modified_gmt":"2024-06-21T12:09:40","slug":"tatuaggio-temporaneo-di-una-rosa-e-della-luna","status":"publish","type":"product","link":"https:\/\/gogashop.com\/it\/tatuaggio-temporaneo-di-una-rosa-e-della-luna\/","title":{"rendered":"Tatuaggio temporaneo di una rosa e della luna"},"content":{"rendered":"","protected":false},"excerpt":{"rendered":"<p>Il tatuaggio temporaneo con rosa e luna \u00e8 estremamente magico e fiabesco. Il motivo unisce due simboli potenti &#8211; la rosa, che rappresenta l&#8217;amore, la passione e la bellezza, e la luna, simbolo dei sogni, della femminilit\u00e0 e dell&#8217;infinito.<\/p>\n<p>La rosa \u00e8 accuratamente e delicatamente disegnata, con dettagli meravigliosi dei petali dei fiori che prendono vita sotto la maestria della tecnica in bianco e nero. Intorno alla rosa si avvolge elegantemente la luna, che con le sue curve piene aggiunge un&#8217;energia mistica e femminile all&#8217;intera composizione. La palette in bianco e nero rende il tatuaggio ancora pi\u00f9 drammatico e sensuale. Questo tatuaggio temporaneo \u00e8 veramente simbolico e potente, catturando la raffinata bellezza e il mistero della natura e dei suoi cicli. \u00c8 adatto a coloro che apprezzano significati pi\u00f9 profondi e desiderano esprimere il loro amore per l&#8217;estetica e la simbologia.<\/p>\n<p>Dimensioni del tatuaggio: 21 cm x 15 cm<\/p>\n<p>Nel pacchetto riceverai:<br \/>\n&#8211; 1x Tatuaggio temporaneo<\/p>\n","protected":false},"featured_media":11012,"comment_status":"open","ping_status":"closed","template":"","meta":[],"product_cat":[162],"product_tag":[],"class_list":{"0":"post-10965","1":"product","2":"type-product","3":"status-publish","4":"has-post-thumbnail","6":"product_cat-rosa-del-tatuaggio","8":"first","9":"outofstock","10":"shipping-taxable","11":"purchasable","12":"product-type-simple"},"_links":{"self":[{"href":"https:\/\/gogashop.com\/it\/wp-json\/wp\/v2\/product\/10965","targetHints":{"allow":["GET"]}}],"collection":[{"href":"https:\/\/gogashop.com\/it\/wp-json\/wp\/v2\/product"}],"about":[{"href":"https:\/\/gogashop.com\/it\/wp-json\/wp\/v2\/types\/product"}],"replies":[{"embeddable":true,"href":"https:\/\/gogashop.com\/it\/wp-json\/wp\/v2\/comments?post=10965"}],"version-history":[{"count":1,"href":"https:\/\/gogashop.com\/it\/wp-json\/wp\/v2\/product\/10965\/revisions"}],"predecessor-version":[{"id":11013,"href":"https:\/\/gogashop.com\/it\/wp-json\/wp\/v2\/product\/10965\/revisions\/11013"}],"wp:featuredmedia":[{"embeddable":true,"href":"https:\/\/gogashop.com\/it\/wp-json\/wp\/v2\/media\/11012"}],"wp:attachment":[{"href":"https:\/\/gogashop.com\/it\/wp-json\/wp\/v2\/media?parent=10965"}],"wp:term":[{"taxonomy":"product_cat","embeddable":true,"href":"https:\/\/gogashop.com\/it\/wp-json\/wp\/v2\/product_cat?post=10965"},{"taxonomy":"product_tag","embeddable":true,"href":"https:\/\/gogashop.com\/it\/wp-json\/wp\/v2\/product_tag?post=10965"}],"curies":[{"name":"wp","href":"https:\/\/api.w.org\/{rel}","templated":true}]}}