{"id":9972,"date":"2021-10-31T18:52:31","date_gmt":"2021-10-31T18:52:31","guid":{"rendered":"https:\/\/gogashop.com\/hr\/?post_type=product&#038;p=9972"},"modified":"2023-01-21T11:52:11","modified_gmt":"2023-01-21T11:52:11","slug":"sveta-biljka-yearba-santa","status":"publish","type":"product","link":"https:\/\/gogashop.com\/hr\/sveta-biljka-yearba-santa\/","title":{"rendered":"Sveta biljka Yearba Santa"},"content":{"rendered":"<h3>Sveta biljka Yearba Santa<\/h3>\n<p><span style=\"font-weight: 400;\">Kad \u010dujete da je ne\u0161to ozna\u010deno kao &#8220;sveto&#8221;, onda vrlo vjerojatno i sami mo\u017eete zaklju\u010diti koliko je velika mo\u0107 te svete stvari.\u00a0Kad je ne\u0161to ozna\u010deno kao sveto, to zna\u010di da je svemogu\u0107e, da nam mo\u017ee pomo\u0107i u prevladavanju \u010dak i onih problema koji se na prvi pogled mogu \u010diniti nerje\u0161ivima.\u00a0Pa, ako se borite s nekim dosadnim, a naizgled nerje\u0161ivim problemima, vjerojatno \u0107e vas zanimati upravo takvo rje\u0161enje koje vam je nadohvat ruke.\u00a0<\/span><\/p>\n<p><span style=\"font-weight: 400;\">Svetu biljku Yearba Santa\u00a0stari su Indijanci koristili za razli\u010dite probleme s kojima su se svakodnevno suo\u010davali u svom svakodnevnom \u017eivotu.\u00a0Tako su, na primjer, stari Indijanci koristili Svetu biljku Yearba Santa za rje\u0161avanje razli\u010ditih zdravstvenih problema, poput problema povezanih s respiratornim organima (poput ka\u0161lja, astme, bronhitisa itd.), ali i za rje\u0161avanje zdravstvenih problema povezanih s bolovima u trbuhu i cijelim probavnim traktom.\u00a0Stari su narodi koristili Svetu biljku u raznim oblicima, naj\u010de\u0161\u0107e u suhom, ali ponekad i kao oblog ili tinkturu.\u00a0<\/span><\/p>\n<p>Sveta biljka Yearba Santa poznata je i kao medvje\u0111i korov i planinarski melem, a prvenstveno se koristla za osloba\u0111anje zagu\u0161enih di\u0161nih putova od astme, prehlade ili ka\u0161lja.<\/p>\n<p>Sveta biljka Yearba Santa u\u010dinkovita je i za gastrointestinalne poreme\u0107aje i umor. Mo\u017ee se koristiti kao oblog na ko\u017ei za ubla\u017eavanje modirca, uboda komaraca ili uganu\u0107a. Sveta biljka Yearba Santa koristi se i kao tonik za \u010di\u0161\u0107enje krvi, toniranje \u017eiv\u010danog sustava, poticanje uma te kontrolu apetita.<\/p>\n<p><span style=\"font-weight: 400;\">Na koji god na\u010din su koristili Svetu biljku Yearba Santa, gotovo se uvijek pokazalo iznimno u\u010dinkovitom, pa je, s obzirom da je rije\u0161ilo sve zdravstvene probleme, s pravom dobila ime Sveta biljka.<\/span><\/p>\n<p><span style=\"font-weight: 400;\">Kako je vrijeme odmicalo, ljudi su postupno otkrivali nova korisna svojstva Svete biljke Yearba Santa,\u00a0te se s vremenom pokazalo da je uporaba ove biljke iznimno korisna za ljude koji se povremeno susre\u0107u s problemima poput depresije, tjeskobe i sli\u010dno.\u00a0<\/span><\/p>\n<p><span style=\"font-weight: 400;\">Danas, nakon toliko vremena, kada mo\u017eemo vidjeti koje su sve prednosti kori\u0161tenja Yerba Sante, besmisleno je ne koristiti ovu biljku i iskoristiti sve njezine blagotvorne u\u010dinke.\u00a0<\/span><\/p>\n<h3>Sveta biljka Yearba Santa &#8211; Ritual Ka\u0111enja<\/h3>\n<p><span style=\"font-weight: 400;\">Ono \u0161to se preporu\u010duje je upotreba svete biljke Yerba Santa<\/span><span style=\"font-weight: 400;\">\u00a0u osu\u0161enom obliku ili upotreba sve\u017enja suhog li\u0161\u0107a.\u00a0Budu\u0107i da govorimo o biljci koja nosi epitet svete biljke, tijekom rituala spaljivanja i ka\u0111enja savjetuje se odmjeren stav pun po\u0161tovanja.\u00a0Ovo nije obi\u010dna biljka i zato joj se preporu\u010duje pristupiti s po\u0161tovanjem i divljenjem.<\/span><\/p>\n<p><span style=\"font-weight: 400;\">Ritual ka\u0111enja sve\u017enjem suhog bilja svete biljke Yerba Santa nije nimalo kompliciran. Sve \u0161to vam treba je nekoliko minuta slobodnog vremena i koncentracije, sve\u017eanj suhog li\u0161\u0107a Yerba Sante i plamen za njegovo paljenje.\u00a0<\/span><\/p>\n<p><span style=\"font-weight: 400;\">Nakon toga morate upaliti sve\u017eanj suhog li\u0161\u0107a, a preporu\u010da se to u\u010diniti na vatrostalnoj posudi. Nakon \u0161to ste upalili sve\u017eanj li\u0161\u0107a Svete biljke, dajte si nekoliko minuta mira i u\u017eivajte u njezinom slatko-gorkastom mirisu. Samo nekoliko minuta je dovoljno da se va\u0161e unutarnje bi\u0107e osje\u0107a bolje.\u00a0<\/span><\/p>\n<p><span style=\"font-weight: 400;\">Nakon toga mo\u017eete ugasiti suho li\u0161\u0107e i odlo\u017eiti ga za ponovnu uporabu.\u00a0Odmah \u0107ete osjetiti snagu ove Svete biljke.\u00a0Ne samo da \u0107ete lak\u0161e disati, ve\u0107 \u0107e i va\u0161 \u017eiv\u010dani sustav biti rastere\u0107en, a ako ste se borili sa &#8220;lo\u0161im mislima&#8221; i nekom vrstom tjeskobe, te \u0107e se emocije zamijeniti emocijama mira i spokoja.\u00a0<\/span><\/p>\n<p>&nbsp;<\/p>\n","protected":false},"excerpt":{"rendered":"<p>Sveta biljka Yearba Santa se koristila za lije\u010denje raznih bolesti poput bronhitisa, prehlade, ka\u0161lja, proljeva ili bolova u trbuhu. Njezinu ljekovitu vrijednost otkrili su Indijci koji su je \u010dak i pu\u0161ili.<\/p>\n<p><span style=\"font-weight: 400;\">Ritual ka\u0111enja sve\u017enjem suhog bilja svete biljke Yerba Santa nije nimalo kompliciran, sve \u0161to vam treba jest nekoliko minuta slobodnog vremena i koncentracije, sve\u017eanj suhog li\u0161\u0107a Yerba Sante te plamen za njegovo paljenje.\u00a0<\/span><\/p>\n<p><span style=\"font-weight: 400;\"> Nakon \u0161to ste upalili sve\u017eanj li\u0161\u0107a Svete biljke, dajte si nekoliko minuta mira i u\u017eivajte u njezinom slatko-gorkastom mirisu.<\/span><\/p>\n<p><span style=\"font-weight: 400;\"> Samo nekoliko minuta je dovoljno da se va\u0161e unutarnje bi\u0107e osje\u0107a bolje, stoga i<\/span><span style=\"font-weight: 400;\">skoristite snagu svete biljke i dopustite si mir, zaslu\u017eili ste to.\u00a0<\/span><\/p>\n<p><strong>Paket sadr\u017ei:<\/strong><\/p>\n<p>1 x Sveta biljka Yearba Santa ( 10 x 3 cm )<\/p>\n","protected":false},"featured_media":11583,"template":"","meta":[],"product_brand":[],"product_cat":[804,1129],"product_tag":[832,833,834],"class_list":{"0":"post-9972","1":"product","2":"type-product","3":"status-publish","4":"has-post-thumbnail","6":"product_cat-ezoterija","7":"product_cat-svezanj-za-kadenje","8":"product_tag-sveta-biljka","9":"product_tag-sveta-biljka-yearba-santa","10":"product_tag-yearba-santa","12":"first","13":"instock","14":"taxable","15":"shipping-taxable","16":"purchasable","17":"product-type-simple"},"_links":{"self":[{"href":"https:\/\/gogashop.com\/hr\/wp-json\/wp\/v2\/product\/9972","targetHints":{"allow":["GET"]}}],"collection":[{"href":"https:\/\/gogashop.com\/hr\/wp-json\/wp\/v2\/product"}],"about":[{"href":"https:\/\/gogashop.com\/hr\/wp-json\/wp\/v2\/types\/product"}],"version-history":[{"count":0,"href":"https:\/\/gogashop.com\/hr\/wp-json\/wp\/v2\/product\/9972\/revisions"}],"wp:featuredmedia":[{"embeddable":true,"href":"https:\/\/gogashop.com\/hr\/wp-json\/wp\/v2\/media\/11583"}],"wp:attachment":[{"href":"https:\/\/gogashop.com\/hr\/wp-json\/wp\/v2\/media?parent=9972"}],"wp:term":[{"taxonomy":"product_brand","embeddable":true,"href":"https:\/\/gogashop.com\/hr\/wp-json\/wp\/v2\/product_brand?post=9972"},{"taxonomy":"product_cat","embeddable":true,"href":"https:\/\/gogashop.com\/hr\/wp-json\/wp\/v2\/product_cat?post=9972"},{"taxonomy":"product_tag","embeddable":true,"href":"https:\/\/gogashop.com\/hr\/wp-json\/wp\/v2\/product_tag?post=9972"}],"curies":[{"name":"wp","href":"https:\/\/api.w.org\/{rel}","templated":true}]}}