{"id":9789,"date":"2021-10-22T11:36:11","date_gmt":"2021-10-22T11:36:11","guid":{"rendered":"https:\/\/gogashop.com\/hr\/?post_type=product&#038;p=9789"},"modified":"2023-11-21T14:56:21","modified_gmt":"2023-11-21T14:56:21","slug":"vakuumska-pumpa-za-povecanje-penisa","status":"publish","type":"product","link":"https:\/\/gogashop.com\/hr\/vakuumska-pumpa-za-povecanje-penisa\/","title":{"rendered":"Vakuumska pumpa za pove\u0107anje penisa"},"content":{"rendered":"","protected":false},"excerpt":{"rendered":"<p>HORNY vakuumska pumpa za pove\u0107anje penisa u novom i elegantnom dizajnu koji \u0107e se pobrinuti za svoju namjenu. <strong> Prozirni vakuumski cilindar: <\/strong> 19 cm <\/strong> U paketu dobivate: <\/strong> <\/p>\n<ul>\n<li>\n<li> 1x penis pumpa <\/li>\n<\/ul>\n","protected":false},"featured_media":9847,"template":"","meta":[],"product_brand":[],"product_cat":[761],"product_tag":[762,763,765,766,764,767,768],"class_list":{"0":"post-9789","1":"product","2":"type-product","3":"status-publish","4":"has-post-thumbnail","6":"product_cat-pumpa-za-penis","7":"product_tag-kako-povecati-penis","8":"product_tag-povecanje-penisa","9":"product_tag-pumpe","10":"product_tag-pumpe-za-povecanje-penisa","11":"product_tag-pumpu-za-penis","12":"product_tag-veci-penis","13":"product_tag-velicinu-penisa","15":"first","16":"outofstock","17":"taxable","18":"shipping-taxable","19":"purchasable","20":"product-type-simple"},"_links":{"self":[{"href":"https:\/\/gogashop.com\/hr\/wp-json\/wp\/v2\/product\/9789","targetHints":{"allow":["GET"]}}],"collection":[{"href":"https:\/\/gogashop.com\/hr\/wp-json\/wp\/v2\/product"}],"about":[{"href":"https:\/\/gogashop.com\/hr\/wp-json\/wp\/v2\/types\/product"}],"version-history":[{"count":0,"href":"https:\/\/gogashop.com\/hr\/wp-json\/wp\/v2\/product\/9789\/revisions"}],"wp:featuredmedia":[{"embeddable":true,"href":"https:\/\/gogashop.com\/hr\/wp-json\/wp\/v2\/media\/9847"}],"wp:attachment":[{"href":"https:\/\/gogashop.com\/hr\/wp-json\/wp\/v2\/media?parent=9789"}],"wp:term":[{"taxonomy":"product_brand","embeddable":true,"href":"https:\/\/gogashop.com\/hr\/wp-json\/wp\/v2\/product_brand?post=9789"},{"taxonomy":"product_cat","embeddable":true,"href":"https:\/\/gogashop.com\/hr\/wp-json\/wp\/v2\/product_cat?post=9789"},{"taxonomy":"product_tag","embeddable":true,"href":"https:\/\/gogashop.com\/hr\/wp-json\/wp\/v2\/product_tag?post=9789"}],"curies":[{"name":"wp","href":"https:\/\/api.w.org\/{rel}","templated":true}]}}