{"id":9785,"date":"2021-10-22T11:36:10","date_gmt":"2021-10-22T11:36:10","guid":{"rendered":"https:\/\/gogashop.com\/hr\/?post_type=product&#038;p=9785"},"modified":"2023-07-03T23:30:23","modified_gmt":"2023-07-03T23:30:23","slug":"set-vibratora-za-parove","status":"publish","type":"product","link":"https:\/\/gogashop.com\/hr\/set-vibratora-za-parove\/","title":{"rendered":"Set vibratora za parove"},"content":{"rendered":"","protected":false},"excerpt":{"rendered":"<p>Set vibratora izvrstan je da va\u0161u ve\u010der s partnerom pretvori u no\u0107 punu u\u017eitaka. Odli\u010dan erotski komplet za parove, oboje \u0107e imati veliko iskustvo. <\/p>\n<ul>\n<li> Pogodno za po\u010detnike <\/li>\n<li>Jednostavno za kori\u0161tenje<\/li>\n<li>Set od 3 sjajna erotska pribora<\/li>\n<li>Otpornost na vodu<\/li>\n<\/ul>\n<p> materijal je napredna TPA guma presvu\u010dena vrhunskom ABS plastikom. Paket uklju\u010duje prsten za penis, vibrator s g-to\u010dkom i lopticu koja vibrira. Igra\u010dke se mogu koristiti zajedno ili pojedina\u010dno. Na primjer, mo\u017eete umetnuti vibriraju\u0107u kuglu u prsten za penis i vibratorom promijeniti prsten za penis. <b> Vibrator: <\/b> 13 cm <b>, Vibracijska kugla: <\/b> 6 cm <b>, Promjer prstena: <\/b> 2 cm <strong> U pakiranju dobivate: <\/strong> <\/p>\n<ul>\n<li> 1x \u017eenski vibrator <\/li>\n<li> 1x prsten za penis <\/li>\n<li> 1x Vibra lopta <\/li>\n<\/ul>\n","protected":false},"featured_media":9834,"template":"","meta":[],"product_brand":[],"product_cat":[608],"product_tag":[637,640,641],"class_list":{"0":"post-9785","1":"product","2":"type-product","3":"status-publish","4":"has-post-thumbnail","6":"product_cat-vibrator","7":"product_tag-najbolji-vibrator","8":"product_tag-silikonski-vibratori","9":"product_tag-zenski-vibratori","11":"first","12":"instock","13":"taxable","14":"shipping-taxable","15":"purchasable","16":"product-type-simple"},"_links":{"self":[{"href":"https:\/\/gogashop.com\/hr\/wp-json\/wp\/v2\/product\/9785","targetHints":{"allow":["GET"]}}],"collection":[{"href":"https:\/\/gogashop.com\/hr\/wp-json\/wp\/v2\/product"}],"about":[{"href":"https:\/\/gogashop.com\/hr\/wp-json\/wp\/v2\/types\/product"}],"version-history":[{"count":0,"href":"https:\/\/gogashop.com\/hr\/wp-json\/wp\/v2\/product\/9785\/revisions"}],"wp:featuredmedia":[{"embeddable":true,"href":"https:\/\/gogashop.com\/hr\/wp-json\/wp\/v2\/media\/9834"}],"wp:attachment":[{"href":"https:\/\/gogashop.com\/hr\/wp-json\/wp\/v2\/media?parent=9785"}],"wp:term":[{"taxonomy":"product_brand","embeddable":true,"href":"https:\/\/gogashop.com\/hr\/wp-json\/wp\/v2\/product_brand?post=9785"},{"taxonomy":"product_cat","embeddable":true,"href":"https:\/\/gogashop.com\/hr\/wp-json\/wp\/v2\/product_cat?post=9785"},{"taxonomy":"product_tag","embeddable":true,"href":"https:\/\/gogashop.com\/hr\/wp-json\/wp\/v2\/product_tag?post=9785"}],"curies":[{"name":"wp","href":"https:\/\/api.w.org\/{rel}","templated":true}]}}