{"id":9778,"date":"2021-10-22T11:35:43","date_gmt":"2021-10-22T11:35:43","guid":{"rendered":"https:\/\/gogashop.com\/hr\/?post_type=product&#038;p=9778"},"modified":"2024-01-30T11:32:46","modified_gmt":"2024-01-30T11:32:46","slug":"premium-rabbit-vibrator","status":"publish","type":"product","link":"https:\/\/gogashop.com\/hr\/premium-rabbit-vibrator\/","title":{"rendered":"PREMIUM Rabbit vibrator"},"content":{"rendered":"","protected":false},"excerpt":{"rendered":"<p><strong>Izuzetna \u017eenstvenost<\/strong> koja \u0107e zadovoljiti i najzahtjevnije \u017eene. Ovaj vibrator ima revolucionaran dizajn koji \u0107e vam pru\u017eiti bo\u017eanske osje\u0107aje koje nikada niste uspjeli posti\u0107i s drugim vibratorima.<\/p>\n<p>Vibrator je ze\u010djeg tipa, koji \u0107e vam jo\u0161 vi\u0161e masirati klitoris i pobrinuti se da do\u017eivite orgazme o kojima ste dosad samo sanjali.<\/p>\n<p>Materijal je vrhunski silikon, koji ima dva izuzetno sna\u017ena motora. Jedan je na vrhu, a drugi u leptir ma\u0161ni, \u0161to \u0107e pru\u017eiti vrhunsku masa\u017eu klitorisa.<\/p>\n<p>Dostupno je 8 razli\u010ditih vibracija koje se lako mijenjaju. Radi na 2 x AAA baterije koje je potrebno kupiti.<\/p>\n<p><strong>Puna veli\u010dina:<\/strong> 15,5 cm<\/p>\n<p><strong>Promjer:<\/strong> 2,5 cm<\/p>\n<p><strong>Lemljenje:<\/strong> 8,5 cm<\/p>\n<p><strong>Materijal:<\/strong> medicinski silikon, bez ftalata prema EU REACH uredbi.<\/p>\n<p><strong>U paketu dobivate:<\/strong><\/p>\n<ul>\n<li>1x vibrator za \u017eene<\/li>\n<\/ul>\n","protected":false},"featured_media":9817,"template":"","meta":[],"product_brand":[],"product_cat":[608],"product_tag":[792,771,772],"class_list":{"0":"post-9778","1":"product","2":"type-product","3":"status-publish","4":"has-post-thumbnail","6":"product_cat-vibrator","7":"product_tag-najboljsi-vibrator","8":"product_tag-silikonski-vibratorji","9":"product_tag-zenski-vibratorji","11":"first","12":"instock","13":"taxable","14":"shipping-taxable","15":"purchasable","16":"product-type-simple"},"_links":{"self":[{"href":"https:\/\/gogashop.com\/hr\/wp-json\/wp\/v2\/product\/9778","targetHints":{"allow":["GET"]}}],"collection":[{"href":"https:\/\/gogashop.com\/hr\/wp-json\/wp\/v2\/product"}],"about":[{"href":"https:\/\/gogashop.com\/hr\/wp-json\/wp\/v2\/types\/product"}],"version-history":[{"count":0,"href":"https:\/\/gogashop.com\/hr\/wp-json\/wp\/v2\/product\/9778\/revisions"}],"wp:featuredmedia":[{"embeddable":true,"href":"https:\/\/gogashop.com\/hr\/wp-json\/wp\/v2\/media\/9817"}],"wp:attachment":[{"href":"https:\/\/gogashop.com\/hr\/wp-json\/wp\/v2\/media?parent=9778"}],"wp:term":[{"taxonomy":"product_brand","embeddable":true,"href":"https:\/\/gogashop.com\/hr\/wp-json\/wp\/v2\/product_brand?post=9778"},{"taxonomy":"product_cat","embeddable":true,"href":"https:\/\/gogashop.com\/hr\/wp-json\/wp\/v2\/product_cat?post=9778"},{"taxonomy":"product_tag","embeddable":true,"href":"https:\/\/gogashop.com\/hr\/wp-json\/wp\/v2\/product_tag?post=9778"}],"curies":[{"name":"wp","href":"https:\/\/api.w.org\/{rel}","templated":true}]}}