{"id":9777,"date":"2021-10-22T11:35:43","date_gmt":"2021-10-22T11:35:43","guid":{"rendered":"https:\/\/gogashop.com\/hr\/?post_type=product&#038;p=9777"},"modified":"2024-05-26T18:16:33","modified_gmt":"2024-05-26T18:16:33","slug":"analni-cep-diamond","status":"publish","type":"product","link":"https:\/\/gogashop.com\/hr\/analni-cep-diamond\/","title":{"rendered":"Analni \u010dep DIAMOND"},"content":{"rendered":"","protected":false},"excerpt":{"rendered":"<p>DIAMIND analni \u010dep s prekrasnim zavr\u0161etkom u obliku srca s kristalom izvrstan je i vrhunski analni \u010dep koji \u0107ete voljeti koristiti jer \u0107e zadovoljiti i najzahtjevnije korisnike.<\/p>\n<p>\u010cep dolazi u prekrasnoj srebrnoj boji s crvenim srcem koje \u0107e dodati lijep izgled kada se koristi s partnerom.<\/p>\n<p>Duljina: 8,2 cm, \u0160irina: 3,4 cm, Te\u017eina: 85 g<\/p>\n<p>Materijal: Aluminij, akril<\/p>\n<p><strong>U paketu dobivate:<\/strong><\/p>\n<ul>\n<li>1 x analni \u010dep<\/li>\n<\/ul>\n","protected":false},"featured_media":9807,"template":"","meta":[],"product_brand":[],"product_cat":[630],"product_tag":[631,730],"class_list":{"0":"post-9777","1":"product","2":"type-product","3":"status-publish","4":"has-post-thumbnail","6":"product_cat-analni-cepi","7":"product_tag-analni-cep","8":"product_tag-analni-cep-za-pocetnike","10":"first","11":"outofstock","12":"taxable","13":"shipping-taxable","14":"purchasable","15":"product-type-simple"},"_links":{"self":[{"href":"https:\/\/gogashop.com\/hr\/wp-json\/wp\/v2\/product\/9777","targetHints":{"allow":["GET"]}}],"collection":[{"href":"https:\/\/gogashop.com\/hr\/wp-json\/wp\/v2\/product"}],"about":[{"href":"https:\/\/gogashop.com\/hr\/wp-json\/wp\/v2\/types\/product"}],"version-history":[{"count":0,"href":"https:\/\/gogashop.com\/hr\/wp-json\/wp\/v2\/product\/9777\/revisions"}],"wp:featuredmedia":[{"embeddable":true,"href":"https:\/\/gogashop.com\/hr\/wp-json\/wp\/v2\/media\/9807"}],"wp:attachment":[{"href":"https:\/\/gogashop.com\/hr\/wp-json\/wp\/v2\/media?parent=9777"}],"wp:term":[{"taxonomy":"product_brand","embeddable":true,"href":"https:\/\/gogashop.com\/hr\/wp-json\/wp\/v2\/product_brand?post=9777"},{"taxonomy":"product_cat","embeddable":true,"href":"https:\/\/gogashop.com\/hr\/wp-json\/wp\/v2\/product_cat?post=9777"},{"taxonomy":"product_tag","embeddable":true,"href":"https:\/\/gogashop.com\/hr\/wp-json\/wp\/v2\/product_tag?post=9777"}],"curies":[{"name":"wp","href":"https:\/\/api.w.org\/{rel}","templated":true}]}}