{"id":9490,"date":"2021-10-22T11:31:51","date_gmt":"2021-10-22T11:31:51","guid":{"rendered":"https:\/\/gogashop.com\/hr\/?post_type=product&#038;p=9490"},"modified":"2024-01-30T11:33:09","modified_gmt":"2024-01-30T11:33:09","slug":"realistican-penis-europski-ljubavnik","status":"publish","type":"product","link":"https:\/\/gogashop.com\/hr\/realistican-penis-europski-ljubavnik\/","title":{"rendered":"Realisti\u010dan penis EUROPSKI LJUBAVNIK"},"content":{"rendered":"","protected":false},"excerpt":{"rendered":"<p><strong>Realisti\u010dan penis<\/strong> u boji ko\u017ee s izra\u017eenom glavom i venama pru\u017eit \u0107e nezaboravne u\u017eitke. Pri dnu se nalazi usisna \u010da\u0161ica koja se mo\u017ee pri\u010dvrstiti na podove ili ormare. <strong>Veli\u010dina:<\/strong> 18 cm <strong>Dubina prodiranja:<\/strong> 16 cm <strong>Promjer dilda:<\/strong> 2,3 -2.8 <strong>U paketu dobivate:<\/strong> <\/p>\n<ul>\n<li>1x \u017eenski dildo<\/li>\n<\/ul>\n","protected":false},"featured_media":9581,"template":"","meta":[],"product_brand":[],"product_cat":[760],"product_tag":[640,641],"class_list":{"0":"post-9490","1":"product","2":"type-product","3":"status-publish","4":"has-post-thumbnail","6":"product_cat-dildo","7":"product_tag-silikonski-vibratori","8":"product_tag-zenski-vibratori","10":"first","11":"instock","12":"taxable","13":"shipping-taxable","14":"purchasable","15":"product-type-simple"},"_links":{"self":[{"href":"https:\/\/gogashop.com\/hr\/wp-json\/wp\/v2\/product\/9490","targetHints":{"allow":["GET"]}}],"collection":[{"href":"https:\/\/gogashop.com\/hr\/wp-json\/wp\/v2\/product"}],"about":[{"href":"https:\/\/gogashop.com\/hr\/wp-json\/wp\/v2\/types\/product"}],"version-history":[{"count":0,"href":"https:\/\/gogashop.com\/hr\/wp-json\/wp\/v2\/product\/9490\/revisions"}],"wp:featuredmedia":[{"embeddable":true,"href":"https:\/\/gogashop.com\/hr\/wp-json\/wp\/v2\/media\/9581"}],"wp:attachment":[{"href":"https:\/\/gogashop.com\/hr\/wp-json\/wp\/v2\/media?parent=9490"}],"wp:term":[{"taxonomy":"product_brand","embeddable":true,"href":"https:\/\/gogashop.com\/hr\/wp-json\/wp\/v2\/product_brand?post=9490"},{"taxonomy":"product_cat","embeddable":true,"href":"https:\/\/gogashop.com\/hr\/wp-json\/wp\/v2\/product_cat?post=9490"},{"taxonomy":"product_tag","embeddable":true,"href":"https:\/\/gogashop.com\/hr\/wp-json\/wp\/v2\/product_tag?post=9490"}],"curies":[{"name":"wp","href":"https:\/\/api.w.org\/{rel}","templated":true}]}}