{"id":9318,"date":"2021-10-22T11:29:49","date_gmt":"2021-10-22T11:29:49","guid":{"rendered":"https:\/\/gogashop.com\/hr\/?post_type=product&#038;p=9318"},"modified":"2025-04-15T10:30:29","modified_gmt":"2025-04-15T10:30:29","slug":"set-erotskih-prstenova-za-penis-ring","status":"publish","type":"product","link":"https:\/\/gogashop.com\/hr\/set-erotskih-prstenova-za-penis-ring\/","title":{"rendered":"SET erotskih prstenova za penis RING"},"content":{"rendered":"","protected":false},"excerpt":{"rendered":"<p>Skup erotskih prstenova u razli\u010ditim veli\u010dinama, koji vam omogu\u0107uje da prona\u0111ete veli\u010dinu i oblik koji \u017eelite.<\/p>\n<p>S ovim sjajnim erotskim prstenom u crnoj boji kontrolirat \u0107ete preranu ejakulaciju i do\u017eivjeti mnogo te\u017ee i \u010darobnije ejakulacije.<\/p>\n<p>Zna\u010dajke ovog seta prstena za penis:<\/p>\n<ul>\n<li>Materijal prilago\u0111en ko\u017ei<\/li>\n<li>Vrlo fleksibilno<\/li>\n<li>Izvrsna rastezljivost prstenova<\/li>\n<li>3x razli\u010dite debljine i 3x razli\u010ditih promjera<\/li>\n<\/ul>\n<p>Izra\u0111ene su od mekog TPR-a koji je u skladu sa strogim propisom EU REACH i ne sadr\u017ei ftalate.<\/p>\n<p><strong>Promjeri:<\/strong> 2 cm, 2,4 cm i 3,6 cm<\/p>\n<p><strong>U paketu dobivate:<\/strong><\/p>\n<ul>\n<li>Set od 3x prstena razli\u010ditih veli\u010dina i debljina<\/li>\n<\/ul>\n","protected":false},"featured_media":9442,"template":"","meta":[],"product_brand":[],"product_cat":[670],"product_tag":[748,749,677],"class_list":{"0":"post-9318","1":"product","2":"type-product","3":"status-publish","4":"has-post-thumbnail","6":"product_cat-prsten-za-penis","7":"product_tag-erekcijski-prstenovi-za-penis","8":"product_tag-erotski-pribor-za-penis","9":"product_tag-prstenovi-za-penis","11":"first","12":"instock","13":"taxable","14":"shipping-taxable","15":"purchasable","16":"product-type-simple"},"_links":{"self":[{"href":"https:\/\/gogashop.com\/hr\/wp-json\/wp\/v2\/product\/9318","targetHints":{"allow":["GET"]}}],"collection":[{"href":"https:\/\/gogashop.com\/hr\/wp-json\/wp\/v2\/product"}],"about":[{"href":"https:\/\/gogashop.com\/hr\/wp-json\/wp\/v2\/types\/product"}],"version-history":[{"count":0,"href":"https:\/\/gogashop.com\/hr\/wp-json\/wp\/v2\/product\/9318\/revisions"}],"wp:featuredmedia":[{"embeddable":true,"href":"https:\/\/gogashop.com\/hr\/wp-json\/wp\/v2\/media\/9442"}],"wp:attachment":[{"href":"https:\/\/gogashop.com\/hr\/wp-json\/wp\/v2\/media?parent=9318"}],"wp:term":[{"taxonomy":"product_brand","embeddable":true,"href":"https:\/\/gogashop.com\/hr\/wp-json\/wp\/v2\/product_brand?post=9318"},{"taxonomy":"product_cat","embeddable":true,"href":"https:\/\/gogashop.com\/hr\/wp-json\/wp\/v2\/product_cat?post=9318"},{"taxonomy":"product_tag","embeddable":true,"href":"https:\/\/gogashop.com\/hr\/wp-json\/wp\/v2\/product_tag?post=9318"}],"curies":[{"name":"wp","href":"https:\/\/api.w.org\/{rel}","templated":true}]}}