{"id":9286,"date":"2021-10-22T11:29:26","date_gmt":"2021-10-22T11:29:26","guid":{"rendered":"https:\/\/gogashop.com\/hr\/?post_type=product&#038;p=9286"},"modified":"2024-01-30T11:33:07","modified_gmt":"2024-01-30T11:33:07","slug":"zecji-vibrator-secer-b","status":"publish","type":"product","link":"https:\/\/gogashop.com\/hr\/zecji-vibrator-secer-b\/","title":{"rendered":"Ze\u010dji vibrator \u0160e\u0107er B"},"content":{"rendered":"<p>Vrhunski vibrator Rabbit koji \u0107e ugoditi i najzahtjevnijim \u017eenama. Jednim pritiskom na gumb mo\u017eete zasebno kontrolirati do 4 razine rotacije rotiraju\u0107eg vratila i 8 razina vibracija.<\/p>\n<p>Ovo je vrlo popularan vibrator kod \u017eena jer ima izvrsne mogu\u0107nosti kondicioniranja mnogih skupljih vibratora.<\/p>\n<p>Izuzetno je mekan i izra\u0111en od visokokvalitetnog TPE materijala koji ne sadr\u017ei ftalate. Cijeli ze\u010dji vibrator u skladu je s iznimno strogim propisom EU REACH.<\/p>\n<p>Radi na 4x mikro baterije koje se moraju kupiti zasebno. <\/p>\n","protected":false},"excerpt":{"rendered":"<p>Vrhunski <strong>vibrator Rabbit<\/strong> s vrhunskom rotiraju\u0107om osovinom za pobolj\u0161ane osje\u0107aje s dodatkom stimulatora klitorisa (zec) koji \u0107e vas odvesti u iskustvo poput snova.<\/p>\n<p>Vibrator Sugar Babe ima 4 razine rotacije i 8 razli\u010ditih vibracija dodanih za vrhunski do\u017eivljaj. S ovim vibratorom zadovoljit \u0107ete sve svoje potrebe i otkriti nova zadovoljstva koja dosad niste otkrili.<\/p>\n<p>Materijal je izuzetno mekan TPE za maksimalno poja\u010dan u\u010dinak. Ukupna duljina iznosi 22 cm, od \u010dega se 12 cm mo\u017ee umetnuti. Materijali su u skladu s vrlo strogom uredbom REACH EU -a, jam\u010de\u0107i vrhunski proizvod koji ne \u0161teti va\u0161em zdravlju.<\/p>\n<p>Preporu\u010dujemo <ahref=\"\"\/\/water-based-lubricant\/\"\"> mazivo na bazi vode <\/a>.<\/p>\n<p>Morate kupiti 4x mikro baterije<\/p>\n<p><strong>U paketu koji dobivate:<\/strong><\/p>\n<ul>\n<li>1x Rabbit vibrator<\/li>\n<\/ul>\n","protected":false},"featured_media":9401,"template":"","meta":[],"product_brand":[],"product_cat":[716],"product_tag":[732,733,735,734],"class_list":{"0":"post-9286","1":"product","2":"type-product","3":"status-publish","4":"has-post-thumbnail","6":"product_cat-rabbit-vibrator","7":"product_tag-g-spot-rabbit-vibrator","8":"product_tag-gdje-kupiti-rabbit-vibrator","9":"product_tag-jeftini-vibratori","10":"product_tag-kupiti-rabbit-vibrator","12":"first","13":"instock","14":"taxable","15":"shipping-taxable","16":"purchasable","17":"product-type-simple"},"_links":{"self":[{"href":"https:\/\/gogashop.com\/hr\/wp-json\/wp\/v2\/product\/9286","targetHints":{"allow":["GET"]}}],"collection":[{"href":"https:\/\/gogashop.com\/hr\/wp-json\/wp\/v2\/product"}],"about":[{"href":"https:\/\/gogashop.com\/hr\/wp-json\/wp\/v2\/types\/product"}],"version-history":[{"count":0,"href":"https:\/\/gogashop.com\/hr\/wp-json\/wp\/v2\/product\/9286\/revisions"}],"wp:featuredmedia":[{"embeddable":true,"href":"https:\/\/gogashop.com\/hr\/wp-json\/wp\/v2\/media\/9401"}],"wp:attachment":[{"href":"https:\/\/gogashop.com\/hr\/wp-json\/wp\/v2\/media?parent=9286"}],"wp:term":[{"taxonomy":"product_brand","embeddable":true,"href":"https:\/\/gogashop.com\/hr\/wp-json\/wp\/v2\/product_brand?post=9286"},{"taxonomy":"product_cat","embeddable":true,"href":"https:\/\/gogashop.com\/hr\/wp-json\/wp\/v2\/product_cat?post=9286"},{"taxonomy":"product_tag","embeddable":true,"href":"https:\/\/gogashop.com\/hr\/wp-json\/wp\/v2\/product_tag?post=9286"}],"curies":[{"name":"wp","href":"https:\/\/api.w.org\/{rel}","templated":true}]}}