{"id":9189,"date":"2021-10-22T11:28:17","date_gmt":"2021-10-22T11:28:17","guid":{"rendered":"https:\/\/gogashop.com\/hr\/?post_type=product&#038;p=9189"},"modified":"2025-04-17T08:29:08","modified_gmt":"2025-04-17T08:29:08","slug":"masturbator-mini-xxx","status":"publish","type":"product","link":"https:\/\/gogashop.com\/hr\/masturbator-mini-xxx\/","title":{"rendered":"Masturbator mini XXX"},"content":{"rendered":"","protected":false},"excerpt":{"rendered":"<p><strong>Masturbator mini XXX<\/strong>, izvrstan je masturbator koji lako mo\u017eete staviti u putne torbe, kov\u010dege. Dovoljno je velik da vas zadovolji i dovoljno mali da se sakrije u male ladice u va\u0161em stanu.<\/p>\n<p>Masturbator ima prekrasan oblik rodnice s lijepim i izra\u017eenim usnama i klitorisom. Unutra je napredna tehnologija izra\u0111ena od super mekog materijala koji daje bo\u017eanski osje\u0107aj.<\/p>\n<p>Uz njega \u0107ete osjetiti realne senzacije prisutne tijekom pravog seksa. Tunel se mo\u017ee pro\u0161iriti i savr\u0161eno \u0107e se prilagoditi va\u0161em penisu.<\/p>\n<p>Veli\u010dina masturbatora: 10 cm<\/p>\n<p><strong>U paketu koji dobivate:<\/strong><\/p>\n<ul>\n<li> 1x masturbator <\/li>\n<\/ul>\n","protected":false},"featured_media":9314,"template":"","meta":[],"product_brand":[],"product_cat":[692],"product_tag":[694,697],"class_list":{"0":"post-9189","1":"product","2":"type-product","3":"status-publish","4":"has-post-thumbnail","6":"product_cat-vagine","7":"product_tag-masturbatori","8":"product_tag-masturbatori-za-muskarce","10":"first","11":"instock","12":"taxable","13":"shipping-taxable","14":"purchasable","15":"product-type-simple"},"_links":{"self":[{"href":"https:\/\/gogashop.com\/hr\/wp-json\/wp\/v2\/product\/9189","targetHints":{"allow":["GET"]}}],"collection":[{"href":"https:\/\/gogashop.com\/hr\/wp-json\/wp\/v2\/product"}],"about":[{"href":"https:\/\/gogashop.com\/hr\/wp-json\/wp\/v2\/types\/product"}],"version-history":[{"count":0,"href":"https:\/\/gogashop.com\/hr\/wp-json\/wp\/v2\/product\/9189\/revisions"}],"wp:featuredmedia":[{"embeddable":true,"href":"https:\/\/gogashop.com\/hr\/wp-json\/wp\/v2\/media\/9314"}],"wp:attachment":[{"href":"https:\/\/gogashop.com\/hr\/wp-json\/wp\/v2\/media?parent=9189"}],"wp:term":[{"taxonomy":"product_brand","embeddable":true,"href":"https:\/\/gogashop.com\/hr\/wp-json\/wp\/v2\/product_brand?post=9189"},{"taxonomy":"product_cat","embeddable":true,"href":"https:\/\/gogashop.com\/hr\/wp-json\/wp\/v2\/product_cat?post=9189"},{"taxonomy":"product_tag","embeddable":true,"href":"https:\/\/gogashop.com\/hr\/wp-json\/wp\/v2\/product_tag?post=9189"}],"curies":[{"name":"wp","href":"https:\/\/api.w.org\/{rel}","templated":true}]}}