{"id":9144,"date":"2021-10-22T11:27:53","date_gmt":"2021-10-22T11:27:53","guid":{"rendered":"https:\/\/gogashop.com\/hr\/?post_type=product&#038;p=9144"},"modified":"2024-01-30T11:16:18","modified_gmt":"2024-01-30T11:16:18","slug":"prsten-za-postavljanje-set-double","status":"publish","type":"product","link":"https:\/\/gogashop.com\/hr\/prsten-za-postavljanje-set-double\/","title":{"rendered":"Prsten za postavljanje SET DOUBLE"},"content":{"rendered":"","protected":false},"excerpt":{"rendered":"<p><strong>Prsten za erekciju SET DOUBLE<\/strong>, dva su vrhunska prstena za penis u pakiranju koji se razlikuju po obliku i uskla\u0111eni su sa zakonodavstvom EU REACH, koje se smatra najvi\u0161im standardom i sigurno\u0161\u0107u.<\/p>\n<p><strong>Dva prstena vrlo su fleksibilna<\/strong> i posti\u0107i \u0107e sve ciljeve koje zahtjevni korisnici imaju.<\/p>\n<ul>\n<li>Dva prstena produ\u017eit \u0107e spolni odnos<\/li>\n<li>\u010cvr\u0161\u0107e i du\u017ee erekcije<\/li>\n<li>Zadovoljan partner<\/li>\n<\/ul>\n<p>Prsteni za penis izra\u0111eni su od visokokvalitetnih materijala koji \u0107e osigurati ugodno iskustvo no\u0161enja. Materijal je TPE, koji je sli\u010dan gumi, ali mnogo bolji.<\/p>\n<p><strong>U paketu koji dobivate.<\/strong><\/p>\n<ul>\n<li>2x prsten za penis u razli\u010ditim oblicima<\/li>\n<\/ul>\n","protected":false},"featured_media":9257,"template":"","meta":[],"product_brand":[],"product_cat":[670],"product_tag":[677],"class_list":{"0":"post-9144","1":"product","2":"type-product","3":"status-publish","4":"has-post-thumbnail","6":"product_cat-prsten-za-penis","7":"product_tag-prstenovi-za-penis","9":"first","10":"instock","11":"taxable","12":"shipping-taxable","13":"purchasable","14":"product-type-simple"},"_links":{"self":[{"href":"https:\/\/gogashop.com\/hr\/wp-json\/wp\/v2\/product\/9144","targetHints":{"allow":["GET"]}}],"collection":[{"href":"https:\/\/gogashop.com\/hr\/wp-json\/wp\/v2\/product"}],"about":[{"href":"https:\/\/gogashop.com\/hr\/wp-json\/wp\/v2\/types\/product"}],"version-history":[{"count":0,"href":"https:\/\/gogashop.com\/hr\/wp-json\/wp\/v2\/product\/9144\/revisions"}],"wp:featuredmedia":[{"embeddable":true,"href":"https:\/\/gogashop.com\/hr\/wp-json\/wp\/v2\/media\/9257"}],"wp:attachment":[{"href":"https:\/\/gogashop.com\/hr\/wp-json\/wp\/v2\/media?parent=9144"}],"wp:term":[{"taxonomy":"product_brand","embeddable":true,"href":"https:\/\/gogashop.com\/hr\/wp-json\/wp\/v2\/product_brand?post=9144"},{"taxonomy":"product_cat","embeddable":true,"href":"https:\/\/gogashop.com\/hr\/wp-json\/wp\/v2\/product_cat?post=9144"},{"taxonomy":"product_tag","embeddable":true,"href":"https:\/\/gogashop.com\/hr\/wp-json\/wp\/v2\/product_tag?post=9144"}],"curies":[{"name":"wp","href":"https:\/\/api.w.org\/{rel}","templated":true}]}}