{"id":9118,"date":"2021-10-22T11:27:32","date_gmt":"2021-10-22T11:27:32","guid":{"rendered":"https:\/\/gogashop.com\/hr\/?post_type=product&#038;p=9118"},"modified":"2024-01-30T11:29:38","modified_gmt":"2024-01-30T11:29:38","slug":"vibe-naprstni-vibrator","status":"publish","type":"product","link":"https:\/\/gogashop.com\/hr\/vibe-naprstni-vibrator\/","title":{"rendered":"VIBE naprstni vibrator"},"content":{"rendered":"","protected":false},"excerpt":{"rendered":"<p><strong>VIBE Premium vibrator<\/strong> savr\u0161en je proizvod za u\u017eivanje u masa\u017ei klitorisa i do\u017eivljavanje nezaboravnih orgazama koje jednostavno niste otkrili bez ovog vibratora.<\/p>\n<p>Za jo\u0161 bolje iskustvo, naprstak mo\u017ee staviti va\u0161 partner i daje vam velike vibracije. Na vibratoru postoje male \u010detke koje osiguravaju 100% masa\u017eu i vrhunski osje\u0107aj.<\/p>\n<p>Naprstak dolazi s potpuno ispravnom baterijom koja se ne mo\u017ee ukloniti. Naprsta\u010d vibratora ne sadr\u017ei ftalate i uskla\u0111en je s uredbom EU REACH.<\/p>\n<p><strong>U paketu koji dobivate.<\/strong><\/p>\n<ul>\n<li>1x naprstak s ugra\u0111enom baterijom<\/li>\n<\/ul>\n","protected":false},"featured_media":9232,"template":"","meta":[],"product_brand":[],"product_cat":[667],"product_tag":[668,669],"class_list":{"0":"post-9118","1":"product","2":"type-product","3":"status-publish","4":"has-post-thumbnail","6":"product_cat-stimulatori-klitorisa","7":"product_tag-vibrator-za-prste","8":"product_tag-zenski-vibrator-za-prste","10":"first","11":"instock","12":"taxable","13":"shipping-taxable","14":"purchasable","15":"product-type-simple"},"_links":{"self":[{"href":"https:\/\/gogashop.com\/hr\/wp-json\/wp\/v2\/product\/9118","targetHints":{"allow":["GET"]}}],"collection":[{"href":"https:\/\/gogashop.com\/hr\/wp-json\/wp\/v2\/product"}],"about":[{"href":"https:\/\/gogashop.com\/hr\/wp-json\/wp\/v2\/types\/product"}],"version-history":[{"count":0,"href":"https:\/\/gogashop.com\/hr\/wp-json\/wp\/v2\/product\/9118\/revisions"}],"wp:featuredmedia":[{"embeddable":true,"href":"https:\/\/gogashop.com\/hr\/wp-json\/wp\/v2\/media\/9232"}],"wp:attachment":[{"href":"https:\/\/gogashop.com\/hr\/wp-json\/wp\/v2\/media?parent=9118"}],"wp:term":[{"taxonomy":"product_brand","embeddable":true,"href":"https:\/\/gogashop.com\/hr\/wp-json\/wp\/v2\/product_brand?post=9118"},{"taxonomy":"product_cat","embeddable":true,"href":"https:\/\/gogashop.com\/hr\/wp-json\/wp\/v2\/product_cat?post=9118"},{"taxonomy":"product_tag","embeddable":true,"href":"https:\/\/gogashop.com\/hr\/wp-json\/wp\/v2\/product_tag?post=9118"}],"curies":[{"name":"wp","href":"https:\/\/api.w.org\/{rel}","templated":true}]}}