{"id":9104,"date":"2021-10-22T11:27:30","date_gmt":"2021-10-22T11:27:30","guid":{"rendered":"https:\/\/gogashop.com\/hr\/?post_type=product&#038;p=9104"},"modified":"2023-01-28T17:10:23","modified_gmt":"2023-01-28T17:10:23","slug":"zenski-vibrator-lady-bullet","status":"publish","type":"product","link":"https:\/\/gogashop.com\/hr\/zenski-vibrator-lady-bullet\/","title":{"rendered":"\u017denski vibrator Lady bullet"},"content":{"rendered":"<p><strong> Mu\u0161ki vibrator <\/strong> odli\u010dan je za stimulaciju vagine, nudi lijepe nje\u017ene vibracije. Mo\u017eete kombinirati lubrikante na bazi vode.<\/p>\n<p>Izra\u0111en je od visokokvalitetnih materijala koji ne sadr\u017ee ftalate. Nudi 1 brzinu, \u0161to je upravo ono \u0161to nam daje savr\u0161enu stimulaciju da nas dovede do orgazma.<\/p>\n<p>Radi na AA baterije, koje nisu uklju\u010dene u paket i moraju se kupiti. <\/p>\n","protected":false},"excerpt":{"rendered":"<p><strong>\u017denski vibrator Lady<\/strong> prijenosni je vibrator koji mo\u017eete staviti u torbicu. Vibrator ima zakrivljeni vrh i odrezani vrh, \u0161to omogu\u0107uje izvrsnu masa\u017eu, izazivaju\u0107i veliko zadovoljstvo i orgazam.<\/p>\n<p><strong>Veli\u010dina:<\/strong> 13 cm<\/p>\n<p><strong>Promjer:<\/strong> 2,5 cm<\/p>\n<p><strong>U paketu dobivate:<\/strong><\/p>\n<ul>\n<li>1x \u017eenski vibrator (bez AA baterije)<\/li>\n<\/ul>\n","protected":false},"featured_media":9158,"template":"","meta":[],"product_brand":[],"product_cat":[608],"product_tag":[634,635,636],"class_list":{"0":"post-9104","1":"product","2":"type-product","3":"status-publish","4":"has-post-thumbnail","6":"product_cat-vibrator","7":"product_tag-dama-prst","8":"product_tag-vibrator-dama-prst","9":"product_tag-zenski-vibrator","11":"first","12":"instock","13":"taxable","14":"shipping-taxable","15":"purchasable","16":"product-type-simple"},"_links":{"self":[{"href":"https:\/\/gogashop.com\/hr\/wp-json\/wp\/v2\/product\/9104","targetHints":{"allow":["GET"]}}],"collection":[{"href":"https:\/\/gogashop.com\/hr\/wp-json\/wp\/v2\/product"}],"about":[{"href":"https:\/\/gogashop.com\/hr\/wp-json\/wp\/v2\/types\/product"}],"version-history":[{"count":0,"href":"https:\/\/gogashop.com\/hr\/wp-json\/wp\/v2\/product\/9104\/revisions"}],"wp:featuredmedia":[{"embeddable":true,"href":"https:\/\/gogashop.com\/hr\/wp-json\/wp\/v2\/media\/9158"}],"wp:attachment":[{"href":"https:\/\/gogashop.com\/hr\/wp-json\/wp\/v2\/media?parent=9104"}],"wp:term":[{"taxonomy":"product_brand","embeddable":true,"href":"https:\/\/gogashop.com\/hr\/wp-json\/wp\/v2\/product_brand?post=9104"},{"taxonomy":"product_cat","embeddable":true,"href":"https:\/\/gogashop.com\/hr\/wp-json\/wp\/v2\/product_cat?post=9104"},{"taxonomy":"product_tag","embeddable":true,"href":"https:\/\/gogashop.com\/hr\/wp-json\/wp\/v2\/product_tag?post=9104"}],"curies":[{"name":"wp","href":"https:\/\/api.w.org\/{rel}","templated":true}]}}