{"id":8916,"date":"2021-10-10T10:42:58","date_gmt":"2021-10-10T10:42:58","guid":{"rendered":"https:\/\/gogashop.com\/hr\/?post_type=product&#038;p=8916"},"modified":"2025-03-17T12:18:16","modified_gmt":"2025-03-17T12:18:16","slug":"narukvica-side-by-side","status":"publish","type":"product","link":"https:\/\/gogashop.com\/hr\/narukvica-side-by-side\/","title":{"rendered":"Narukvica Side by side"},"content":{"rendered":"","protected":false},"excerpt":{"rendered":"<p><strong>Narukvica Side by Side iz serije narukvica Gogalove<\/strong> koja je iznimno popularna, proizvela je i narukvice s prekrasnim srcima, koje uz lijepu poruku <em>Side By Side Or Miles Apart&lt; \/em&gt;Mi smo<em> Uvijek blizu srca! <\/em> dajte narukvici lijepo zna\u010denje koje \u0107e odu\u0161eviti partnera koji \u0107e primiti ovaj dar.<\/em><\/p>\n<p>Kad se nose narukvice s ru\u017ei\u010dastim obe\u0107anjem, prikladno je i zavjetovati se prilikom stavljanja narukvica.<\/p>\n<p><strong>U paketu dobivate:<\/strong><\/p>\n<ul>\n<li>2x narukvice<\/li>\n<li>1x karticu s prekrasnim natpisom<\/li>\n<\/ul>\n","protected":false},"featured_media":8710,"template":"","meta":[],"product_brand":[],"product_cat":[125],"product_tag":[599,601,600,602],"class_list":{"0":"post-8916","1":"product","2":"type-product","3":"status-publish","4":"has-post-thumbnail","6":"product_cat-narukvice-za-parove","7":"product_tag-magnetne-narukvice-za-parove","8":"product_tag-narukvica-za-ljubav","9":"product_tag-narukvice-za-parove-na-daljinu","10":"product_tag-narukvice-za-parove-na-daljinu-gdje-kupiti","12":"first","13":"instock","14":"taxable","15":"shipping-taxable","16":"purchasable","17":"product-type-simple"},"_links":{"self":[{"href":"https:\/\/gogashop.com\/hr\/wp-json\/wp\/v2\/product\/8916","targetHints":{"allow":["GET"]}}],"collection":[{"href":"https:\/\/gogashop.com\/hr\/wp-json\/wp\/v2\/product"}],"about":[{"href":"https:\/\/gogashop.com\/hr\/wp-json\/wp\/v2\/types\/product"}],"version-history":[{"count":1,"href":"https:\/\/gogashop.com\/hr\/wp-json\/wp\/v2\/product\/8916\/revisions"}],"predecessor-version":[{"id":15170,"href":"https:\/\/gogashop.com\/hr\/wp-json\/wp\/v2\/product\/8916\/revisions\/15170"}],"wp:featuredmedia":[{"embeddable":true,"href":"https:\/\/gogashop.com\/hr\/wp-json\/wp\/v2\/media\/8710"}],"wp:attachment":[{"href":"https:\/\/gogashop.com\/hr\/wp-json\/wp\/v2\/media?parent=8916"}],"wp:term":[{"taxonomy":"product_brand","embeddable":true,"href":"https:\/\/gogashop.com\/hr\/wp-json\/wp\/v2\/product_brand?post=8916"},{"taxonomy":"product_cat","embeddable":true,"href":"https:\/\/gogashop.com\/hr\/wp-json\/wp\/v2\/product_cat?post=8916"},{"taxonomy":"product_tag","embeddable":true,"href":"https:\/\/gogashop.com\/hr\/wp-json\/wp\/v2\/product_tag?post=8916"}],"curies":[{"name":"wp","href":"https:\/\/api.w.org\/{rel}","templated":true}]}}