{"id":8477,"date":"2021-09-15T16:21:57","date_gmt":"2021-09-15T16:21:57","guid":{"rendered":"https:\/\/gogashop.com\/hr\/?post_type=product&#038;p=8477"},"modified":"2024-10-28T10:41:35","modified_gmt":"2024-10-28T10:41:35","slug":"narukvica-pinky-promise-infinity-srce","status":"publish","type":"product","link":"https:\/\/gogashop.com\/hr\/narukvica-pinky-promise-infinity-srce\/","title":{"rendered":"Narukvica Pinky promise Infinity srce"},"content":{"rendered":"","protected":false},"excerpt":{"rendered":"<p>Narukvica Pinky promise Infinity srce je prekrasna narukvica za parove koja ima predivan simbol isprepletenog srca i beskona\u010dnosti.<\/p>\n<p>Ova predivna narukvica za parove svaki \u0107e Vas dan podsije\u0107ati na va\u0161u voljenu osobu. Narukvica za parove nosi jaku poruku vije\u010dne ljubavi.<\/p>\n<p>Poklonite svojoj voljenoj osobi ovu predivnu narukvicu za parove i budite sretni u beskona\u010dnoj ljubavi.<\/p>\n<p><strong>Paket sadr\u017ei:<\/strong><\/p>\n<p>1 x Narukvica Pinky promise Infinity srce + inspirativna poruka<\/p>\n","protected":false},"featured_media":8480,"template":"","meta":[],"product_brand":[],"product_cat":[125],"product_tag":[595],"class_list":{"0":"post-8477","1":"product","2":"type-product","3":"status-publish","4":"has-post-thumbnail","6":"product_cat-narukvice-za-parove","7":"product_tag-gogalove-kolekcija","9":"first","10":"instock","11":"taxable","12":"shipping-taxable","13":"purchasable","14":"product-type-simple"},"_links":{"self":[{"href":"https:\/\/gogashop.com\/hr\/wp-json\/wp\/v2\/product\/8477","targetHints":{"allow":["GET"]}}],"collection":[{"href":"https:\/\/gogashop.com\/hr\/wp-json\/wp\/v2\/product"}],"about":[{"href":"https:\/\/gogashop.com\/hr\/wp-json\/wp\/v2\/types\/product"}],"version-history":[{"count":2,"href":"https:\/\/gogashop.com\/hr\/wp-json\/wp\/v2\/product\/8477\/revisions"}],"predecessor-version":[{"id":15243,"href":"https:\/\/gogashop.com\/hr\/wp-json\/wp\/v2\/product\/8477\/revisions\/15243"}],"wp:featuredmedia":[{"embeddable":true,"href":"https:\/\/gogashop.com\/hr\/wp-json\/wp\/v2\/media\/8480"}],"wp:attachment":[{"href":"https:\/\/gogashop.com\/hr\/wp-json\/wp\/v2\/media?parent=8477"}],"wp:term":[{"taxonomy":"product_brand","embeddable":true,"href":"https:\/\/gogashop.com\/hr\/wp-json\/wp\/v2\/product_brand?post=8477"},{"taxonomy":"product_cat","embeddable":true,"href":"https:\/\/gogashop.com\/hr\/wp-json\/wp\/v2\/product_cat?post=8477"},{"taxonomy":"product_tag","embeddable":true,"href":"https:\/\/gogashop.com\/hr\/wp-json\/wp\/v2\/product_tag?post=8477"}],"curies":[{"name":"wp","href":"https:\/\/api.w.org\/{rel}","templated":true}]}}