{"id":8474,"date":"2021-09-14T20:45:57","date_gmt":"2021-09-14T20:45:57","guid":{"rendered":"https:\/\/gogashop.com\/hr\/?post_type=product&#038;p=8474"},"modified":"2024-09-09T07:34:26","modified_gmt":"2024-09-09T07:34:26","slug":"narukvice-prijateljstva-make-a-wish","status":"publish","type":"product","link":"https:\/\/gogashop.com\/hr\/narukvice-prijateljstva-make-a-wish\/","title":{"rendered":"Narukvice prijateljstva Make a Wish"},"content":{"rendered":"","protected":false},"excerpt":{"rendered":"<p>Narukvice prijateljstva Make a Wish predivne su narukvice za prijatelje jer narukvicom darujete sebe, svoju ljubav te motivirate prijatelje na bolje sutra.<\/p>\n<p>Ove narukvice prijateljstva izra\u0111ene su od crvenog i crnog konca te predivnog simbola dijeteline sa \u010detiri lista koja donosi sre\u010du.<\/p>\n<p>Uz narukvice prijateljstve Make a Wish dolazi i prekrasna poruka te prijatelji prilikom stavljanja narukvice na ruku trebaju za\u017eeljeti \u017eelju i ona \u0107e se ostvariti ukoliko je dovoljno jako \u017eelite i ukoliko ustrajate u ostvarenju.<\/p>\n<p>Usre\u010dite prijatelje i darujte ovu predivnu narukvicu za sre\u010du u ostvarivanju svih \u017eelja.<\/p>\n<p><strong>Paket sadr\u017ei:<\/strong><\/p>\n<p>1 x Narukvice prijateljstva Make a Wish<\/p>\n<p>1 x Karton\u010di\u0107 s porukom<\/p>\n","protected":false},"featured_media":8476,"template":"","meta":[],"product_brand":[],"product_cat":[119],"product_tag":[595,997,596],"class_list":{"0":"post-8474","1":"product","2":"type-product","3":"status-publish","4":"has-post-thumbnail","6":"product_cat-narukvice-prijateljstva","7":"product_tag-gogalove-kolekcija","8":"product_tag-make-a-wish","9":"product_tag-narukvice-prijateljstva","11":"first","12":"instock","13":"taxable","14":"shipping-taxable","15":"purchasable","16":"product-type-simple"},"_links":{"self":[{"href":"https:\/\/gogashop.com\/hr\/wp-json\/wp\/v2\/product\/8474","targetHints":{"allow":["GET"]}}],"collection":[{"href":"https:\/\/gogashop.com\/hr\/wp-json\/wp\/v2\/product"}],"about":[{"href":"https:\/\/gogashop.com\/hr\/wp-json\/wp\/v2\/types\/product"}],"version-history":[{"count":1,"href":"https:\/\/gogashop.com\/hr\/wp-json\/wp\/v2\/product\/8474\/revisions"}],"predecessor-version":[{"id":15218,"href":"https:\/\/gogashop.com\/hr\/wp-json\/wp\/v2\/product\/8474\/revisions\/15218"}],"wp:featuredmedia":[{"embeddable":true,"href":"https:\/\/gogashop.com\/hr\/wp-json\/wp\/v2\/media\/8476"}],"wp:attachment":[{"href":"https:\/\/gogashop.com\/hr\/wp-json\/wp\/v2\/media?parent=8474"}],"wp:term":[{"taxonomy":"product_brand","embeddable":true,"href":"https:\/\/gogashop.com\/hr\/wp-json\/wp\/v2\/product_brand?post=8474"},{"taxonomy":"product_cat","embeddable":true,"href":"https:\/\/gogashop.com\/hr\/wp-json\/wp\/v2\/product_cat?post=8474"},{"taxonomy":"product_tag","embeddable":true,"href":"https:\/\/gogashop.com\/hr\/wp-json\/wp\/v2\/product_tag?post=8474"}],"curies":[{"name":"wp","href":"https:\/\/api.w.org\/{rel}","templated":true}]}}