{"id":7016,"date":"2021-02-07T17:04:29","date_gmt":"2021-02-07T17:04:29","guid":{"rendered":"https:\/\/gogashop.com\/hr\/?post_type=product&#038;p=7016"},"modified":"2024-01-30T11:35:54","modified_gmt":"2024-01-30T11:35:54","slug":"kopce-za-kosu-s-umjetnim-biserima","status":"publish","type":"product","link":"https:\/\/gogashop.com\/hr\/kopce-za-kosu-s-umjetnim-biserima\/","title":{"rendered":"Kop\u010de za kosu s umjetnim biserima"},"content":{"rendered":"","protected":false},"excerpt":{"rendered":"<p>Kop\u010de za kosu s umjetnim biserima ovogodi\u0161nji su HIT. Svaka frizura pri\u017eeljkuje bijeli detaljj u kosi u obliku prekrasne kop\u010de s biserima.<\/p>\n<p>Kop\u010de za kosu s umjetnim biserima dolaze u razli\u010ditim oblicima, a svaki oblik savr\u0161eno \u0107e pristajati svakoj kombinaciji bilo da ste u le\u017eernom ili formalnom izdanju.<\/p>\n<p>Kop\u010de za kosu s umjetnim biserima nepogre\u0161iv su detalj koji \u0107e svaku frizuru podignuti i istaknuti ljepotu Va\u0161eg lica i obraza.<\/p>\n<p><strong>Paket sadr\u017ei:\u00a0<\/strong><\/p>\n<p>1 x Kop\u010de za kosu s umjetnim biserima<\/p>\n","protected":false},"featured_media":7035,"template":"","meta":[],"product_brand":[],"product_cat":[87],"product_tag":[],"class_list":{"0":"post-7016","1":"product","2":"type-product","3":"status-publish","4":"has-post-thumbnail","6":"product_cat-kopce-za-kosu","8":"first","9":"instock","10":"taxable","11":"shipping-taxable","12":"purchasable","13":"product-type-variable"},"_links":{"self":[{"href":"https:\/\/gogashop.com\/hr\/wp-json\/wp\/v2\/product\/7016","targetHints":{"allow":["GET"]}}],"collection":[{"href":"https:\/\/gogashop.com\/hr\/wp-json\/wp\/v2\/product"}],"about":[{"href":"https:\/\/gogashop.com\/hr\/wp-json\/wp\/v2\/types\/product"}],"version-history":[{"count":0,"href":"https:\/\/gogashop.com\/hr\/wp-json\/wp\/v2\/product\/7016\/revisions"}],"wp:featuredmedia":[{"embeddable":true,"href":"https:\/\/gogashop.com\/hr\/wp-json\/wp\/v2\/media\/7035"}],"wp:attachment":[{"href":"https:\/\/gogashop.com\/hr\/wp-json\/wp\/v2\/media?parent=7016"}],"wp:term":[{"taxonomy":"product_brand","embeddable":true,"href":"https:\/\/gogashop.com\/hr\/wp-json\/wp\/v2\/product_brand?post=7016"},{"taxonomy":"product_cat","embeddable":true,"href":"https:\/\/gogashop.com\/hr\/wp-json\/wp\/v2\/product_cat?post=7016"},{"taxonomy":"product_tag","embeddable":true,"href":"https:\/\/gogashop.com\/hr\/wp-json\/wp\/v2\/product_tag?post=7016"}],"curies":[{"name":"wp","href":"https:\/\/api.w.org\/{rel}","templated":true}]}}