{"id":32184,"date":"2024-10-26T00:49:05","date_gmt":"2024-10-26T00:49:05","guid":{"rendered":"https:\/\/gogashop.com\/hr\/?post_type=product&#038;p=32184"},"modified":"2025-01-01T13:33:12","modified_gmt":"2025-01-01T13:33:12","slug":"lovna-naljepnica-dva-jelena","status":"publish","type":"product","link":"https:\/\/gogashop.com\/hr\/lovna-naljepnica-dva-jelena\/","title":{"rendered":"Lovna naljepnica dva JELENA"},"content":{"rendered":"","protected":false},"excerpt":{"rendered":"<p>Lovska naljepnica <strong>dva kozoroga<\/strong> je savr\u0161en izbor za tebe, ako si ljubitelj planinskog svijeta i divi\u0161 se tim prekrasnim \u017eivotinjama. Na naljepnici su prikazana dva kozoroga, koji ponosno stoje na stijeni, okru\u017eeni veli\u010danstvenim planinama. Ova scena simbolizira divljinu i snagu prirode, \u0161to \u0107e tvoj automobil u\u010diniti jedinstvenim i istaknutim.<\/p>\n<p><strong>Prednosti naljepnice:<\/strong><\/p>\n<ul>\n<li>Cjelokupna izrada naljepnice je napravljena u Gogashopu<\/li>\n<li>Naljepnici mo\u017eete opcionalno dodati svoj natpis \u2013 BESPLATNO<\/li>\n<li>Kvalitetna izrada naljepnice za auto vi\u0161e kvalitete<\/li>\n<li>Kori\u0161tena vrhunska folija NJEMA\u010cKOG proizvo\u0111a\u010da<\/li>\n<li>Ne o\u0161te\u0107uje automobil i boju<\/li>\n<li>Jednostavna instalacija i uklanjanje<\/li>\n<\/ul>\n<p><strong>Sadr\u017eaj paketa:<\/strong><\/p>\n<ul>\n<li>1x Naljepnica za auto<\/li>\n<\/ul>\n","protected":false},"featured_media":32185,"template":"","meta":[],"product_brand":[],"product_cat":[1522],"product_tag":[],"class_list":{"0":"post-32184","1":"product","2":"type-product","3":"status-publish","4":"has-post-thumbnail","6":"product_cat-lovacke-naljepnice","8":"first","9":"instock","10":"taxable","11":"shipping-taxable","12":"purchasable","13":"product-type-variable"},"_links":{"self":[{"href":"https:\/\/gogashop.com\/hr\/wp-json\/wp\/v2\/product\/32184","targetHints":{"allow":["GET"]}}],"collection":[{"href":"https:\/\/gogashop.com\/hr\/wp-json\/wp\/v2\/product"}],"about":[{"href":"https:\/\/gogashop.com\/hr\/wp-json\/wp\/v2\/types\/product"}],"version-history":[{"count":1,"href":"https:\/\/gogashop.com\/hr\/wp-json\/wp\/v2\/product\/32184\/revisions"}],"predecessor-version":[{"id":32186,"href":"https:\/\/gogashop.com\/hr\/wp-json\/wp\/v2\/product\/32184\/revisions\/32186"}],"wp:featuredmedia":[{"embeddable":true,"href":"https:\/\/gogashop.com\/hr\/wp-json\/wp\/v2\/media\/32185"}],"wp:attachment":[{"href":"https:\/\/gogashop.com\/hr\/wp-json\/wp\/v2\/media?parent=32184"}],"wp:term":[{"taxonomy":"product_brand","embeddable":true,"href":"https:\/\/gogashop.com\/hr\/wp-json\/wp\/v2\/product_brand?post=32184"},{"taxonomy":"product_cat","embeddable":true,"href":"https:\/\/gogashop.com\/hr\/wp-json\/wp\/v2\/product_cat?post=32184"},{"taxonomy":"product_tag","embeddable":true,"href":"https:\/\/gogashop.com\/hr\/wp-json\/wp\/v2\/product_tag?post=32184"}],"curies":[{"name":"wp","href":"https:\/\/api.w.org\/{rel}","templated":true}]}}