{"id":31490,"date":"2024-10-26T00:29:19","date_gmt":"2024-10-26T00:29:19","guid":{"rendered":"https:\/\/gogashop.com\/hr\/?post_type=product&#038;p=31490"},"modified":"2025-01-01T13:23:16","modified_gmt":"2025-01-01T13:23:16","slug":"lovna-naljepnica-lov-na-divlju-svinju","status":"publish","type":"product","link":"https:\/\/gogashop.com\/hr\/lovna-naljepnica-lov-na-divlju-svinju\/","title":{"rendered":"Lovna naljepnica lov na divlju svinju"},"content":{"rendered":"","protected":false},"excerpt":{"rendered":"<p><strong>Lova\u010dka naljepnica lov na divlju svinju<\/strong> je izvanredan dodatak za sve koji \u017eele unijeti da\u0161ak divljine i avanture na svoj automobil. Na ovoj naljepnici dominira slika divlje svinje u srcu kompasa, koja simbolizira va\u0161u spremnost da slijedite svoju strast, bez obzira na smjer u kojem vas vodi. Kompas nagla\u0161ava osje\u0107aj avanture i istra\u017eivanja, dok sna\u017ena slika divlje svinje dodaje element sirovosti i snage.<\/p>\n<p>Ova naljepnica je idealna za lovce na divlje svinje koji \u017eele ponosno izraziti svoju strast prema lovu i neustra\u0161ivom istra\u017eivanju prirode. Tako\u0111er je prikladna za sve koji su povezani s lovom i divljim \u017eivotinjama i tra\u017ee na\u010din da to poka\u017eu na svom vozilu.<\/p>\n<p><strong>Prednosti naljepnice:<\/strong><\/p>\n<ul>\n<li>Cjelokupna izrada naljepnice je napravljena u Gogashopu<\/li>\n<li>Naljepnici mo\u017eete opcionalno dodati svoj natpis \u2013 BESPLATNO<\/li>\n<li>Kvalitetna izrada naljepnice za auto vi\u0161e kvalitete<\/li>\n<li>Kori\u0161tena vrhunska folija NJEMA\u010cKOG proizvo\u0111a\u010da<\/li>\n<li>Ne o\u0161te\u0107uje automobil i boju<\/li>\n<li>Jednostavna instalacija i uklanjanje<\/li>\n<\/ul>\n<p><strong>Sadr\u017eaj paketa:<\/strong><\/p>\n<ul>\n<li>1x Naljepnica za auto<\/li>\n<\/ul>\n","protected":false},"featured_media":31491,"template":"","meta":[],"product_brand":[],"product_cat":[1522],"product_tag":[],"class_list":{"0":"post-31490","1":"product","2":"type-product","3":"status-publish","4":"has-post-thumbnail","6":"product_cat-lovacke-naljepnice","8":"first","9":"instock","10":"taxable","11":"shipping-taxable","12":"purchasable","13":"product-type-variable"},"_links":{"self":[{"href":"https:\/\/gogashop.com\/hr\/wp-json\/wp\/v2\/product\/31490","targetHints":{"allow":["GET"]}}],"collection":[{"href":"https:\/\/gogashop.com\/hr\/wp-json\/wp\/v2\/product"}],"about":[{"href":"https:\/\/gogashop.com\/hr\/wp-json\/wp\/v2\/types\/product"}],"version-history":[{"count":1,"href":"https:\/\/gogashop.com\/hr\/wp-json\/wp\/v2\/product\/31490\/revisions"}],"predecessor-version":[{"id":31492,"href":"https:\/\/gogashop.com\/hr\/wp-json\/wp\/v2\/product\/31490\/revisions\/31492"}],"wp:featuredmedia":[{"embeddable":true,"href":"https:\/\/gogashop.com\/hr\/wp-json\/wp\/v2\/media\/31491"}],"wp:attachment":[{"href":"https:\/\/gogashop.com\/hr\/wp-json\/wp\/v2\/media?parent=31490"}],"wp:term":[{"taxonomy":"product_brand","embeddable":true,"href":"https:\/\/gogashop.com\/hr\/wp-json\/wp\/v2\/product_brand?post=31490"},{"taxonomy":"product_cat","embeddable":true,"href":"https:\/\/gogashop.com\/hr\/wp-json\/wp\/v2\/product_cat?post=31490"},{"taxonomy":"product_tag","embeddable":true,"href":"https:\/\/gogashop.com\/hr\/wp-json\/wp\/v2\/product_tag?post=31490"}],"curies":[{"name":"wp","href":"https:\/\/api.w.org\/{rel}","templated":true}]}}