{"id":31394,"date":"2024-10-26T00:28:02","date_gmt":"2024-10-26T00:28:02","guid":{"rendered":"https:\/\/gogashop.com\/hr\/?post_type=product&#038;p=31394"},"modified":"2025-01-01T13:20:34","modified_gmt":"2025-01-01T13:20:34","slug":"lovac-s-puskom-i-psom","status":"publish","type":"product","link":"https:\/\/gogashop.com\/hr\/lovac-s-puskom-i-psom\/","title":{"rendered":"Lovac s pu\u0161kom i psom"},"content":{"rendered":"","protected":false},"excerpt":{"rendered":"<p><strong>Naljepnica lovac s pu\u0161kom i psom<\/strong> odli\u010dno prikazuje klasi\u010dnu lova\u010dku scenu, gdje lovac s pu\u0161kom prati svog vjernog psa koji slijedi divlja\u010d. Motiv ptice u letu dodaje akcijski element koji lijepo upotpunjuje ovu scenu lova na otvorenom. Ova naljepnica izra\u017eava blisku povezanost izme\u0111u lovca i njegovog psa te predstavlja pravi lova\u010dki duh.<\/p>\n<p>Kada ovu naljepnicu pri\u010dvrstite na svoj automobil, odmah \u0107e privu\u0107i pa\u017enju i naglasiti va\u0161u strast prema lovu i prirodi. Naljepnica je idealna za sve koji u\u017eivaju u lovu uz pomo\u0107 psa i \u017eele to izraziti na svom vozilu. Izra\u0111ena je od visokokvalitetnih materijala, \u0161to osigurava otpornost na sve vremenske uvjete i dugotrajnu postojanost. Naljepnica je jednostavna za upotrebu i mo\u017ee se lako ukloniti bez o\u0161te\u0107enja povr\u0161ine va\u0161eg automobila, \u0161to omogu\u0107uje bezbri\u017enu upotrebu.<\/p>\n<p><strong>Prednosti naljepnice:<\/strong><\/p>\n<ul>\n<li>Cjelokupna izrada naljepnice je napravljena u Gogashopu<\/li>\n<li>Naljepnici mo\u017eete opcionalno dodati svoj natpis \u2013 BESPLATNO<\/li>\n<li>Kvalitetna izrada naljepnice za auto vi\u0161e kvalitete<\/li>\n<li>Kori\u0161tena vrhunska folija NJEMA\u010cKOG proizvo\u0111a\u010da<\/li>\n<li>Ne o\u0161te\u0107uje automobil i boju<\/li>\n<li>Jednostavna instalacija i uklanjanje<\/li>\n<\/ul>\n<p><strong>Sadr\u017eaj paketa:<\/strong><\/p>\n<ul>\n<li>1x Naljepnica za auto<\/li>\n<\/ul>\n","protected":false},"featured_media":31395,"template":"","meta":[],"product_brand":[],"product_cat":[1522],"product_tag":[],"class_list":{"0":"post-31394","1":"product","2":"type-product","3":"status-publish","4":"has-post-thumbnail","6":"product_cat-lovacke-naljepnice","8":"first","9":"instock","10":"taxable","11":"shipping-taxable","12":"purchasable","13":"product-type-variable"},"_links":{"self":[{"href":"https:\/\/gogashop.com\/hr\/wp-json\/wp\/v2\/product\/31394","targetHints":{"allow":["GET"]}}],"collection":[{"href":"https:\/\/gogashop.com\/hr\/wp-json\/wp\/v2\/product"}],"about":[{"href":"https:\/\/gogashop.com\/hr\/wp-json\/wp\/v2\/types\/product"}],"version-history":[{"count":1,"href":"https:\/\/gogashop.com\/hr\/wp-json\/wp\/v2\/product\/31394\/revisions"}],"predecessor-version":[{"id":31396,"href":"https:\/\/gogashop.com\/hr\/wp-json\/wp\/v2\/product\/31394\/revisions\/31396"}],"wp:featuredmedia":[{"embeddable":true,"href":"https:\/\/gogashop.com\/hr\/wp-json\/wp\/v2\/media\/31395"}],"wp:attachment":[{"href":"https:\/\/gogashop.com\/hr\/wp-json\/wp\/v2\/media?parent=31394"}],"wp:term":[{"taxonomy":"product_brand","embeddable":true,"href":"https:\/\/gogashop.com\/hr\/wp-json\/wp\/v2\/product_brand?post=31394"},{"taxonomy":"product_cat","embeddable":true,"href":"https:\/\/gogashop.com\/hr\/wp-json\/wp\/v2\/product_cat?post=31394"},{"taxonomy":"product_tag","embeddable":true,"href":"https:\/\/gogashop.com\/hr\/wp-json\/wp\/v2\/product_tag?post=31394"}],"curies":[{"name":"wp","href":"https:\/\/api.w.org\/{rel}","templated":true}]}}