{"id":31023,"date":"2024-09-24T20:15:08","date_gmt":"2024-09-24T20:15:08","guid":{"rendered":"https:\/\/gogashop.com\/hr\/?post_type=product&#038;p=31023"},"modified":"2025-01-01T18:03:26","modified_gmt":"2025-01-01T18:03:26","slug":"naljepnica-limited-edition-premium","status":"publish","type":"product","link":"https:\/\/gogashop.com\/hr\/naljepnica-limited-edition-premium\/","title":{"rendered":"Naljepnica Limited edition PREMIUM"},"content":{"rendered":"","protected":false},"excerpt":{"rendered":"<p>Naljepnica <strong>Limited Edition PREMIUM<\/strong> je savr\u0161en dodatak za sve koji \u017eele dodati sofisticiran i ekskluzivan izgled svom vozilu ili bilo kojem drugom predmetu. Svojim elegantnim i sofisticiranim fontom, ova naljepnica zra\u010di luksuz i jedinstvenost.<\/p>\n<p>Naljepnica je dizajnirana s mislima na one koji cijene visoku kvalitetu i \u017eele dodati dodir presti\u017ea svojim predmetima. Idealna je za automobile, motore, prijenosna ra\u010dunala ili druge povr\u0161ine gdje \u017eelite izraziti svoj jedinstveni stil i istaknuti se iz mase.<\/p>\n<p><strong>Prednosti naljepnice:<\/strong><\/p>\n<ul>\n<li>Izra\u0111ena u Gogashopu kori\u0161tenjem najmodernijih ure\u0111aja<\/li>\n<li>Njema\u010dka visokokvalitetna folija, otporna na vremenske uvjete + UV<\/li>\n<li>Ne o\u0161te\u0107uje povr\u0161ine automobila i boje<\/li>\n<li>Jednostavna instalacija na va\u0161 automobil<\/li>\n<\/ul>\n<p><strong>Sadr\u017eaj paketa:<\/strong><\/p>\n<ul>\n<li>1x Naljepnica za auto<\/li>\n<\/ul>\n","protected":false},"featured_media":31024,"template":"","meta":[],"product_brand":[],"product_cat":[1520],"product_tag":[],"class_list":{"0":"post-31023","1":"product","2":"type-product","3":"status-publish","4":"has-post-thumbnail","6":"product_cat-naljepnice-limited-edition","8":"first","9":"instock","10":"taxable","11":"shipping-taxable","12":"purchasable","13":"product-type-variable"},"_links":{"self":[{"href":"https:\/\/gogashop.com\/hr\/wp-json\/wp\/v2\/product\/31023","targetHints":{"allow":["GET"]}}],"collection":[{"href":"https:\/\/gogashop.com\/hr\/wp-json\/wp\/v2\/product"}],"about":[{"href":"https:\/\/gogashop.com\/hr\/wp-json\/wp\/v2\/types\/product"}],"version-history":[{"count":1,"href":"https:\/\/gogashop.com\/hr\/wp-json\/wp\/v2\/product\/31023\/revisions"}],"predecessor-version":[{"id":31025,"href":"https:\/\/gogashop.com\/hr\/wp-json\/wp\/v2\/product\/31023\/revisions\/31025"}],"wp:featuredmedia":[{"embeddable":true,"href":"https:\/\/gogashop.com\/hr\/wp-json\/wp\/v2\/media\/31024"}],"wp:attachment":[{"href":"https:\/\/gogashop.com\/hr\/wp-json\/wp\/v2\/media?parent=31023"}],"wp:term":[{"taxonomy":"product_brand","embeddable":true,"href":"https:\/\/gogashop.com\/hr\/wp-json\/wp\/v2\/product_brand?post=31023"},{"taxonomy":"product_cat","embeddable":true,"href":"https:\/\/gogashop.com\/hr\/wp-json\/wp\/v2\/product_cat?post=31023"},{"taxonomy":"product_tag","embeddable":true,"href":"https:\/\/gogashop.com\/hr\/wp-json\/wp\/v2\/product_tag?post=31023"}],"curies":[{"name":"wp","href":"https:\/\/api.w.org\/{rel}","templated":true}]}}