{"id":22635,"date":"2024-02-15T21:37:30","date_gmt":"2024-02-15T21:37:30","guid":{"rendered":"https:\/\/gogashop.com\/hr\/?post_type=product&#038;p=22635"},"modified":"2025-01-01T14:39:31","modified_gmt":"2025-01-01T14:39:31","slug":"macka-skotski-fold-naljepnica-za-auto","status":"publish","type":"product","link":"https:\/\/gogashop.com\/hr\/macka-skotski-fold-naljepnica-za-auto\/","title":{"rendered":"Ma\u010dka \u0161kotski fold naljepnica za auto"},"content":{"rendered":"","protected":false},"excerpt":{"rendered":"<p><strong>\u0160kotska fold ma\u010dka naljepnica za automobil<\/strong> nosi u sebi duboku ljubav prema pasmini \u0160kotska fold ma\u010dka, koja prevazilazi re\u010di. Kada je zalijepite na svoj automobil, nosit \u0107ete sa sobom dio ove nje\u017ene i elegantne pasmine, koja je poznata po svom \u0161armantnom izgledu i prijateljskoj prirodi.<\/p>\n<p>Svaki put kada pogledate svoj automobil, osjetit \u0107ete toplinu i radost koju donose \u0160kotska fold ma\u010dke. Njihove mekane u\u0161i i nje\u017ean pogled \u0107e vas pratiti na svakoj vo\u017enji, podsje\u0107aju\u0107i vas na \u010daroliju ovih divnih \u017eivotinja.<\/p>\n<p>Ova naljepnica je vi\u0161e od samo ukrasa za va\u0161 automobil, ona je izraz va\u0161e strastvene ljubavi prema \u0160kotskim fold ma\u010dkama. Prikazuje va\u0161u duboku emociju i povezuje vas sa zajednicom ljubitelja ove pasmine. Neka va\u0161 automobil postane ambasador ove predivne ma\u010dke pasmine i podijelite svoju strast sa drugima.<\/p>\n<p>Zalijepite ovu naljepnicu na svoj automobil i prepustite se emocijama koje donosi. To je savr\u0161en na\u010din da poka\u017eete svoju neizmjernu ljubav prema \u0160kotskim fold ma\u010dkama, gdje god da idete.<\/p>\n<ul>\n<li>Cijela izrada naljepnice je napravljena u Gogashopu<\/li>\n<li>Kvalitetna izrada naljepnice za automobil vi\u0161e kvalitete<\/li>\n<li>Kori\u0161tena vrhunska folija NJEMA\u010cKOG proizvo\u0111a\u010da<\/li>\n<li>\n","protected":false},"featured_media":22775,"template":"","meta":[],"product_brand":[],"product_cat":[1511],"product_tag":[],"class_list":{"0":"post-22635","1":"product","2":"type-product","3":"status-publish","4":"has-post-thumbnail","6":"product_cat-naljepnice-macke","8":"first","9":"instock","10":"taxable","11":"shipping-taxable","12":"purchasable","13":"product-type-variable"},"_links":{"self":[{"href":"https:\/\/gogashop.com\/hr\/wp-json\/wp\/v2\/product\/22635","targetHints":{"allow":["GET"]}}],"collection":[{"href":"https:\/\/gogashop.com\/hr\/wp-json\/wp\/v2\/product"}],"about":[{"href":"https:\/\/gogashop.com\/hr\/wp-json\/wp\/v2\/types\/product"}],"version-history":[{"count":1,"href":"https:\/\/gogashop.com\/hr\/wp-json\/wp\/v2\/product\/22635\/revisions"}],"predecessor-version":[{"id":22776,"href":"https:\/\/gogashop.com\/hr\/wp-json\/wp\/v2\/product\/22635\/revisions\/22776"}],"wp:featuredmedia":[{"embeddable":true,"href":"https:\/\/gogashop.com\/hr\/wp-json\/wp\/v2\/media\/22775"}],"wp:attachment":[{"href":"https:\/\/gogashop.com\/hr\/wp-json\/wp\/v2\/media?parent=22635"}],"wp:term":[{"taxonomy":"product_brand","embeddable":true,"href":"https:\/\/gogashop.com\/hr\/wp-json\/wp\/v2\/product_brand?post=22635"},{"taxonomy":"product_cat","embeddable":true,"href":"https:\/\/gogashop.com\/hr\/wp-json\/wp\/v2\/product_cat?post=22635"},{"taxonomy":"product_tag","embeddable":true,"href":"https:\/\/gogashop.com\/hr\/wp-json\/wp\/v2\/product_tag?post=22635"}],"curies":[{"name":"wp","href":"https:\/\/api.w.org\/{rel}","templated":true}]}}