{"id":21964,"date":"2024-02-15T21:33:10","date_gmt":"2024-02-15T21:33:10","guid":{"rendered":"https:\/\/gogashop.com\/hr\/?post_type=product&#038;p=21964"},"modified":"2025-01-01T14:31:25","modified_gmt":"2025-01-01T14:31:25","slug":"naljepnica-maine-coon","status":"publish","type":"product","link":"https:\/\/gogashop.com\/hr\/naljepnica-maine-coon\/","title":{"rendered":"Naljepnica Maine Coon"},"content":{"rendered":"","protected":false},"excerpt":{"rendered":"<p><strong>Sticker Maine Coon<\/strong> prikazuje veli\u010danstvenu sliku jedne od najve\u0107ih i najkarizmati\u010dnijih ma\u010djih pasmina. Sticker je dizajniran tako da uhvati karakteristi\u010dan izgled Maine Coona &#8211; od njegove impresivne veli\u010dine do guste dlake i prodornih o\u010diju koje budno promatraju okolinu.<\/p>\n<p>Kada je zalijepljen na automobil, ovaj sticker ne samo da lijepo prenosi poruku, ve\u0107 tako\u0111er simbolizira eleganciju i mo\u0107 koja je svojstvena ovoj pasmini. Njegov dizajn je dovoljno upadljiv da privu\u010de pa\u017enju, ali istovremeno ne preplavi cjelokupni izgled vozila.<\/p>\n<p>Ljubitelji ma\u010daka, posebno obo\u017eavatelji pasmine Maine Coon, \u0107e u ovom stickeru prona\u0107i idealan na\u010din da svojem automobilu dodaju osobni pe\u010dat. Tako\u0111er je odli\u010dan izbor za one koji tra\u017ee diskretan, ali izuzetan dodatak za svoje vozilo.<\/p>\n<ul>\n<li>Cijela izrada stickera je napravljena u Gogashopu<\/li>\n<li>Kvalitetna izrada stickera vi\u0161e kvalitete za automobil<\/li>\n<li>Kori\u0161tena vrhunska folija NJEMA\u010cKOG proizvo\u0111a\u010da<\/li>\n<li>Ne o\u0161te\u0107uje automobil i boje<\/li>\n<li>Otpornost na sve vremenske uvjete<\/li>\n<\/ul>\n<p><strong>U paketu dobivate:<\/strong><\/p>\n<ul>\n<li>1x Sticker za automobil<\/li>\n<\/ul>\n","protected":false},"featured_media":22149,"template":"","meta":[],"product_brand":[],"product_cat":[1511],"product_tag":[],"class_list":{"0":"post-21964","1":"product","2":"type-product","3":"status-publish","4":"has-post-thumbnail","6":"product_cat-naljepnice-macke","8":"first","9":"instock","10":"taxable","11":"shipping-taxable","12":"purchasable","13":"product-type-variable"},"_links":{"self":[{"href":"https:\/\/gogashop.com\/hr\/wp-json\/wp\/v2\/product\/21964","targetHints":{"allow":["GET"]}}],"collection":[{"href":"https:\/\/gogashop.com\/hr\/wp-json\/wp\/v2\/product"}],"about":[{"href":"https:\/\/gogashop.com\/hr\/wp-json\/wp\/v2\/types\/product"}],"version-history":[{"count":1,"href":"https:\/\/gogashop.com\/hr\/wp-json\/wp\/v2\/product\/21964\/revisions"}],"predecessor-version":[{"id":22150,"href":"https:\/\/gogashop.com\/hr\/wp-json\/wp\/v2\/product\/21964\/revisions\/22150"}],"wp:featuredmedia":[{"embeddable":true,"href":"https:\/\/gogashop.com\/hr\/wp-json\/wp\/v2\/media\/22149"}],"wp:attachment":[{"href":"https:\/\/gogashop.com\/hr\/wp-json\/wp\/v2\/media?parent=21964"}],"wp:term":[{"taxonomy":"product_brand","embeddable":true,"href":"https:\/\/gogashop.com\/hr\/wp-json\/wp\/v2\/product_brand?post=21964"},{"taxonomy":"product_cat","embeddable":true,"href":"https:\/\/gogashop.com\/hr\/wp-json\/wp\/v2\/product_cat?post=21964"},{"taxonomy":"product_tag","embeddable":true,"href":"https:\/\/gogashop.com\/hr\/wp-json\/wp\/v2\/product_tag?post=21964"}],"curies":[{"name":"wp","href":"https:\/\/api.w.org\/{rel}","templated":true}]}}