{"id":21961,"date":"2024-02-15T21:33:10","date_gmt":"2024-02-15T21:33:10","guid":{"rendered":"https:\/\/gogashop.com\/hr\/?post_type=product&#038;p=21961"},"modified":"2025-01-01T14:30:47","modified_gmt":"2025-01-01T14:30:47","slug":"auto-naljepnica-macka-sjedi","status":"publish","type":"product","link":"https:\/\/gogashop.com\/hr\/auto-naljepnica-macka-sjedi\/","title":{"rendered":"Auto naljepnica ma\u010dka sjedi"},"content":{"rendered":"","protected":false},"excerpt":{"rendered":"<p><strong>Automobilska naljepnica Ma\u010dka sjedi<\/strong> je slatka i \u010darobna dekoracija za va\u0161e vozilo koja prikazuje ma\u010dku u sjede\u0107em polo\u017eaju. Ovaj simpati\u010dan dizajn ne samo da dodaje razigran i ugodan dodir va\u0161em automobilu, ve\u0107 tako\u0111er odra\u017eava va\u0161u ljubav prema \u017eivotinjama, posebno ma\u010dkama. Naljepnica je idealna za izra\u017eavanje va\u0161e naklonosti prema ovim elegantnim i gracioznim bi\u0107ima na suptilan i estetski na\u010din.<\/p>\n<p>Naljepnica Ma\u010dka sjedi namijenjena je ljubiteljima ma\u010daka i svima koji \u017eele svoj automobil osobno prilagoditi i ukrasiti toplim i prijateljskim motivom. Ovaj dizajn je savr\u0161en za one koji \u017eele svoje vozilo opremiti posebnim detaljem koji izra\u017eava njihovu osobnost i ljubav prema \u017eivotinjama.<\/p>\n<p>Kao sve na\u0161e naljepnice, i &#8220;Ma\u010dka sjedi&#8221; je izra\u0111ena s ciljem osiguranja otpornosti na razli\u010dite vremenske uvjete i dugotrajnosti. To zna\u010di da \u0107e slika ma\u010dke zadr\u017eati svoju ljepotu i \u017eivopisnost kroz godine, bez obzira na vremenske uvjete. Naljepnice su jednostavne za postavljanje i uklanjanje, \u0161to omogu\u0107uje da ih mo\u017eete zamijeniti kad god \u017eelite, bez o\u0161te\u0107enja povr\u0161ine va\u0161eg automobila.<\/p>\n<ul>\n<li>Cjelokupna izrada naljepnice je napravljena u Gogashopu<\/li>\n<li>Kvalitetna izrada automobilske naljepnice vi\u0161e kvalitete<\/li>\n<li>Koristi se vr<br \/>\n","protected":false},"featured_media":22128,"template":"","meta":[],"product_brand":[],"product_cat":[1511],"product_tag":[],"class_list":{"0":"post-21961","1":"product","2":"type-product","3":"status-publish","4":"has-post-thumbnail","6":"product_cat-naljepnice-macke","8":"first","9":"instock","10":"taxable","11":"shipping-taxable","12":"purchasable","13":"product-type-variable"},"_links":{"self":[{"href":"https:\/\/gogashop.com\/hr\/wp-json\/wp\/v2\/product\/21961","targetHints":{"allow":["GET"]}}],"collection":[{"href":"https:\/\/gogashop.com\/hr\/wp-json\/wp\/v2\/product"}],"about":[{"href":"https:\/\/gogashop.com\/hr\/wp-json\/wp\/v2\/types\/product"}],"version-history":[{"count":1,"href":"https:\/\/gogashop.com\/hr\/wp-json\/wp\/v2\/product\/21961\/revisions"}],"predecessor-version":[{"id":22129,"href":"https:\/\/gogashop.com\/hr\/wp-json\/wp\/v2\/product\/21961\/revisions\/22129"}],"wp:featuredmedia":[{"embeddable":true,"href":"https:\/\/gogashop.com\/hr\/wp-json\/wp\/v2\/media\/22128"}],"wp:attachment":[{"href":"https:\/\/gogashop.com\/hr\/wp-json\/wp\/v2\/media?parent=21961"}],"wp:term":[{"taxonomy":"product_brand","embeddable":true,"href":"https:\/\/gogashop.com\/hr\/wp-json\/wp\/v2\/product_brand?post=21961"},{"taxonomy":"product_cat","embeddable":true,"href":"https:\/\/gogashop.com\/hr\/wp-json\/wp\/v2\/product_cat?post=21961"},{"taxonomy":"product_tag","embeddable":true,"href":"https:\/\/gogashop.com\/hr\/wp-json\/wp\/v2\/product_tag?post=21961"}],"curies":[{"name":"wp","href":"https:\/\/api.w.org\/{rel}","templated":true}]}}