{"id":21959,"date":"2024-02-15T21:33:10","date_gmt":"2024-02-15T21:33:10","guid":{"rendered":"https:\/\/gogashop.com\/hr\/?post_type=product&#038;p=21959"},"modified":"2025-01-01T14:30:23","modified_gmt":"2025-01-01T14:30:23","slug":"naljepnica-za-auto-s-likom-macke","status":"publish","type":"product","link":"https:\/\/gogashop.com\/hr\/naljepnica-za-auto-s-likom-macke\/","title":{"rendered":"Naljepnica za auto s likom ma\u010dke"},"content":{"rendered":"","protected":false},"excerpt":{"rendered":"<p><strong>Automobilska naljepnica s likom ma\u010dke<\/strong> je elegantna i privla\u010dna dekoracija koja prikazuje detaljnu i izra\u017eajnu sliku lica ma\u010dke. Ova prekrasna naljepnica unosi da\u0161ak tajanstvenosti i elegancije na va\u0161 automobil, istovremeno izra\u017eavaju\u0107i va\u0161u ljubav prema ma\u010dkama i \u017eivotinjama op\u0107enito. S njom \u0107ete va\u0161em vozilu dodati jedinstven i umjetni\u010dki dodir koji \u0107e sigurno privu\u0107i poglede.<\/p>\n<p>Ova naljepnica je savr\u0161ena za sve koji \u017eele izraziti svoju naklonost prema ma\u010dkama i dodati osobni dodir svom automobilu. Bez obzira jeste li strastveni ljubitelj ma\u010daka ili jednostavno cijenite ljepotu i eleganciju ovih \u017eivotinja, naljepnica &#8220;Lice ma\u010dke&#8221; \u0107e savr\u0161eno nadopuniti va\u0161e vozilo.<\/p>\n<p>Automobilske naljepnice &#8220;Lice ma\u010dke&#8221; izra\u0111ene su tako da su otporne na razli\u010dite vremenske uvjete. To osigurava da \u0107e slika ostati \u017eiva i \u010dista, bez promjene boje ili o\u0161te\u0107enja, bez obzira na vremenske uvjete. Naljepnice su tako\u0111er dugotrajne i jednostavne za postavljanje i uklanjanje, \u0161to zna\u010di da ih mo\u017eete bez problema koristiti i mijenjati, bez o\u0161te\u0107enja povr\u0161ine va\u0161eg automobila.<\/p>\n<ul>\n<li>Cjelokupna izrada naljepnice je napravljena u Gogashopu<\/li>\n<li>Kvalitetna izrada automobilske naljepnice vi\u0161e kvalitete<\/li>\n<li>Koristi se vrhunska folija NJEMA\u010cKOG proiz<br \/>\n","protected":false},"featured_media":22108,"template":"","meta":[],"product_brand":[],"product_cat":[1511],"product_tag":[],"class_list":{"0":"post-21959","1":"product","2":"type-product","3":"status-publish","4":"has-post-thumbnail","6":"product_cat-naljepnice-macke","8":"first","9":"instock","10":"taxable","11":"shipping-taxable","12":"purchasable","13":"product-type-variable"},"_links":{"self":[{"href":"https:\/\/gogashop.com\/hr\/wp-json\/wp\/v2\/product\/21959","targetHints":{"allow":["GET"]}}],"collection":[{"href":"https:\/\/gogashop.com\/hr\/wp-json\/wp\/v2\/product"}],"about":[{"href":"https:\/\/gogashop.com\/hr\/wp-json\/wp\/v2\/types\/product"}],"version-history":[{"count":1,"href":"https:\/\/gogashop.com\/hr\/wp-json\/wp\/v2\/product\/21959\/revisions"}],"predecessor-version":[{"id":22109,"href":"https:\/\/gogashop.com\/hr\/wp-json\/wp\/v2\/product\/21959\/revisions\/22109"}],"wp:featuredmedia":[{"embeddable":true,"href":"https:\/\/gogashop.com\/hr\/wp-json\/wp\/v2\/media\/22108"}],"wp:attachment":[{"href":"https:\/\/gogashop.com\/hr\/wp-json\/wp\/v2\/media?parent=21959"}],"wp:term":[{"taxonomy":"product_brand","embeddable":true,"href":"https:\/\/gogashop.com\/hr\/wp-json\/wp\/v2\/product_brand?post=21959"},{"taxonomy":"product_cat","embeddable":true,"href":"https:\/\/gogashop.com\/hr\/wp-json\/wp\/v2\/product_cat?post=21959"},{"taxonomy":"product_tag","embeddable":true,"href":"https:\/\/gogashop.com\/hr\/wp-json\/wp\/v2\/product_tag?post=21959"}],"curies":[{"name":"wp","href":"https:\/\/api.w.org\/{rel}","templated":true}]}}