{"id":21955,"date":"2024-02-15T21:33:10","date_gmt":"2024-02-15T21:33:10","guid":{"rendered":"https:\/\/gogashop.com\/hr\/?post_type=product&#038;p=21955"},"modified":"2025-01-01T14:29:38","modified_gmt":"2025-01-01T14:29:38","slug":"naljepnica-macka-sjedi","status":"publish","type":"product","link":"https:\/\/gogashop.com\/hr\/naljepnica-macka-sjedi\/","title":{"rendered":"Naljepnica ma\u010dka sjedi"},"content":{"rendered":"","protected":false},"excerpt":{"rendered":"<p><strong>Naljepnica ma\u010dka sjedi za auto<\/strong> je prekrasan, smiren dodatak koji prikazuje ma\u010dku u sjede\u0107em polo\u017eaju. Ova naljepnica odlikuje se tipi\u010dnom elegancijom i dostojanstvom, koji su \u010desto povezani s ma\u010dkama. S jasnim prikazom ma\u010dke koja sjedi opu\u0161teno, ali s dostojanstvenim dr\u017eanjem, ova naljepnica izra\u017eava mir i neovisnost.<\/p>\n<p>Idealna je za one koji \u017eele svom vozilu dodati nje\u017ean, ali izra\u017een estetski dodir. Naljepnica je jednostavna za postavljanje na bilo koju glatku povr\u0161inu automobila, od stra\u017enjeg stakla do bo\u010dnih vrata, i otporna je na vanjske vremenske uvjete. &#8220;Ma\u010dka Sjedi&#8221; ne samo da privla\u010di pa\u017enju, ve\u0107 donosi i osje\u0107aj spokojnosti i ljepote, koji su tipi\u010dni za ma\u010dji karakter.<\/p>\n<ul>\n<li>Cjelokupna izrada naljepnice je napravljena u Gogashopu<\/li>\n<li>Kvalitetna izrada naljepnice za auto vi\u0161e kvalitete<\/li>\n<li>Koristi se vrhunska folija NJEMA\u010cKOG proizvo\u0111a\u010da<\/li>\n<li>Ne o\u0161te\u0107uje automobil i boju<\/li>\n<li>Otpornost na sve vremenske uvjete<\/li>\n<\/ul>\n<p><strong>U paketu dobivate:<\/strong><\/p>\n<ul>\n<li>1x Naljepnicu za auto<\/li>\n<\/ul>\n","protected":false},"featured_media":22079,"template":"","meta":[],"product_brand":[],"product_cat":[1511],"product_tag":[],"class_list":{"0":"post-21955","1":"product","2":"type-product","3":"status-publish","4":"has-post-thumbnail","6":"product_cat-naljepnice-macke","8":"first","9":"instock","10":"taxable","11":"shipping-taxable","12":"purchasable","13":"product-type-variable","14":"has-default-attributes"},"_links":{"self":[{"href":"https:\/\/gogashop.com\/hr\/wp-json\/wp\/v2\/product\/21955","targetHints":{"allow":["GET"]}}],"collection":[{"href":"https:\/\/gogashop.com\/hr\/wp-json\/wp\/v2\/product"}],"about":[{"href":"https:\/\/gogashop.com\/hr\/wp-json\/wp\/v2\/types\/product"}],"version-history":[{"count":1,"href":"https:\/\/gogashop.com\/hr\/wp-json\/wp\/v2\/product\/21955\/revisions"}],"predecessor-version":[{"id":22080,"href":"https:\/\/gogashop.com\/hr\/wp-json\/wp\/v2\/product\/21955\/revisions\/22080"}],"wp:featuredmedia":[{"embeddable":true,"href":"https:\/\/gogashop.com\/hr\/wp-json\/wp\/v2\/media\/22079"}],"wp:attachment":[{"href":"https:\/\/gogashop.com\/hr\/wp-json\/wp\/v2\/media?parent=21955"}],"wp:term":[{"taxonomy":"product_brand","embeddable":true,"href":"https:\/\/gogashop.com\/hr\/wp-json\/wp\/v2\/product_brand?post=21955"},{"taxonomy":"product_cat","embeddable":true,"href":"https:\/\/gogashop.com\/hr\/wp-json\/wp\/v2\/product_cat?post=21955"},{"taxonomy":"product_tag","embeddable":true,"href":"https:\/\/gogashop.com\/hr\/wp-json\/wp\/v2\/product_tag?post=21955"}],"curies":[{"name":"wp","href":"https:\/\/api.w.org\/{rel}","templated":true}]}}