{"id":21952,"date":"2024-02-15T21:33:09","date_gmt":"2024-02-15T21:33:09","guid":{"rendered":"https:\/\/gogashop.com\/hr\/?post_type=product&#038;p=21952"},"modified":"2025-01-01T14:29:06","modified_gmt":"2025-01-01T14:29:06","slug":"macja-naljepnica-za-auto","status":"publish","type":"product","link":"https:\/\/gogashop.com\/hr\/macja-naljepnica-za-auto\/","title":{"rendered":"Ma\u010dja naljepnica za auto"},"content":{"rendered":"","protected":false},"excerpt":{"rendered":"<p><strong>Ma\u010dja naljepnica za auto<\/strong> je predivan dodatak za svakog ljubitelja ma\u010daka i estetike. Na njoj je prikazana simpati\u010dna glava ma\u010dke koja svojim \u0161armantnim pogledom privla\u010di pa\u017enju i dodaje dozu simpati\u010dnosti va\u0161em vozilu. Umjetni\u010dki nacrtana, ova naljepnica izra\u017eava toplinu i ljubaznost koje obi\u010dno povezujemo s ma\u010dkama.<\/p>\n<p>Idealna je za kori\u0161tenje na razli\u010ditim dijelovima automobila, poput bo\u010dnih prozora, zadnjeg stakla ili \u010dak poklopca motora. Njezin dizajn je jednostavan za postavljanje, a tako\u0111er je otporna na vremenske utjecaje, \u0161to osigurava dugotrajnost i o\u010duvanje boja. Ova ma\u010dja naljepnica je vi\u0161e od ukrasa; ona je izraz va\u0161e osobnosti i naklonosti prema ovim elegantnim i tajanstvenim \u017eivotinjama. S njom \u0107e va\u0161 auto istaknuti na ulici i izra\u017eavati va\u0161 jedinstveni stil.<\/p>\n<ul>\n<li>Cijela izrada naljepnice je napravljena u Gogashopu<\/li>\n<li>Kvalitetna izrada naljepnice za auto vi\u0161e kvalitete<\/li>\n<li>Kori\u0161tena vrhunska folija NJEMA\u010cKOG proizvo\u0111a\u010da<\/li>\n<li>Ne o\u0161te\u0107uje automobil i boje<\/li>\n<li>Otpornost na sve vremenske uvjete<\/li>\n<\/ul>\n<p><strong>U paketu dobivate:<\/strong><\/p>\n<ul>\n<li>1x Naljepnicu za auto<\/li>\n<\/ul>\n","protected":false},"featured_media":22052,"template":"","meta":[],"product_brand":[],"product_cat":[1511],"product_tag":[],"class_list":{"0":"post-21952","1":"product","2":"type-product","3":"status-publish","4":"has-post-thumbnail","6":"product_cat-naljepnice-macke","8":"first","9":"instock","10":"taxable","11":"shipping-taxable","12":"purchasable","13":"product-type-variable","14":"has-default-attributes"},"_links":{"self":[{"href":"https:\/\/gogashop.com\/hr\/wp-json\/wp\/v2\/product\/21952","targetHints":{"allow":["GET"]}}],"collection":[{"href":"https:\/\/gogashop.com\/hr\/wp-json\/wp\/v2\/product"}],"about":[{"href":"https:\/\/gogashop.com\/hr\/wp-json\/wp\/v2\/types\/product"}],"version-history":[{"count":1,"href":"https:\/\/gogashop.com\/hr\/wp-json\/wp\/v2\/product\/21952\/revisions"}],"predecessor-version":[{"id":22053,"href":"https:\/\/gogashop.com\/hr\/wp-json\/wp\/v2\/product\/21952\/revisions\/22053"}],"wp:featuredmedia":[{"embeddable":true,"href":"https:\/\/gogashop.com\/hr\/wp-json\/wp\/v2\/media\/22052"}],"wp:attachment":[{"href":"https:\/\/gogashop.com\/hr\/wp-json\/wp\/v2\/media?parent=21952"}],"wp:term":[{"taxonomy":"product_brand","embeddable":true,"href":"https:\/\/gogashop.com\/hr\/wp-json\/wp\/v2\/product_brand?post=21952"},{"taxonomy":"product_cat","embeddable":true,"href":"https:\/\/gogashop.com\/hr\/wp-json\/wp\/v2\/product_cat?post=21952"},{"taxonomy":"product_tag","embeddable":true,"href":"https:\/\/gogashop.com\/hr\/wp-json\/wp\/v2\/product_tag?post=21952"}],"curies":[{"name":"wp","href":"https:\/\/api.w.org\/{rel}","templated":true}]}}