{"id":21950,"date":"2024-02-15T21:33:09","date_gmt":"2024-02-15T21:33:09","guid":{"rendered":"https:\/\/gogashop.com\/hr\/?post_type=product&#038;p=21950"},"modified":"2025-01-01T14:28:42","modified_gmt":"2025-01-01T14:28:42","slug":"naljepnica-za-auto-macka-gleda","status":"publish","type":"product","link":"https:\/\/gogashop.com\/hr\/naljepnica-za-auto-macka-gleda\/","title":{"rendered":"Naljepnica za auto ma\u010dka gleda"},"content":{"rendered":"","protected":false},"excerpt":{"rendered":"<p>Naljepnica za automobil s motivom ma\u010dke, koja ima tajanstven i \u0161armantan pogled, predstavlja iznimnu dodatnu opremu za svaki automobil. Ova elegantna naljepnica se mo\u017ee lako zalijepiti na bilo koju glatku povr\u0161inu, \u0161to omogu\u0107uje njezinu upotrebu na razli\u010ditim dijelovima va\u0161eg vozila. Njezin dizajn ne samo da dodaje posebnu vizualnu poruku va\u0161em automobilu, ve\u0107 ga oboga\u0107uje dodir umjetni\u010dkog \u0161arma i jedinstvenosti.<\/p>\n<p>Osim toga, naljepnica je iznimno otporna na razli\u010dite vremenske uvjete, \u0161to osigurava njezinu dugotrajnost i o\u010duvanje izvornog izgleda bez obzira na vremenske uvjete. Tako u sun\u010danim danima kao i u ki\u0161nom vremenu, naljepnica \u0107e zadr\u017eati svoju boju i ljepotu, \u0161to zna\u010di da \u0107e va\u0161 automobil uvijek istaknuti svoj privla\u010dan i \u0161armantan dizajn. Dodajte svom vozilu ovaj predivan dodir s na\u0161om kvalitetnom naljepnicom ma\u010dke i dopustite da njen tajanstveni pogled privu\u010de divljenje vrijedne poglede.<\/p>\n<p>&#8211; Cijela izrada naljepnice je napravljena u Gogashopu<br \/>\n&#8211; Kvalitetna izrada naljepnice vi\u0161e kvalitete za automobil<br \/>\n&#8211; Kori\u0161tena vrhunska folija NJEMA\u010cKOG proizvo\u0111a\u010da<br \/>\n&#8211; Ne o\u0161te\u0107uje automobil i boje<br \/>\n&#8211; Otpornost na sve vremenske uvjete<\/p>\n<p>U paketu dobivate:<br \/>\n&#8211; 1x Naljepnicu za automobil<\/p>\n","protected":false},"featured_media":22038,"template":"","meta":[],"product_brand":[],"product_cat":[1511],"product_tag":[],"class_list":{"0":"post-21950","1":"product","2":"type-product","3":"status-publish","4":"has-post-thumbnail","6":"product_cat-naljepnice-macke","8":"first","9":"instock","10":"taxable","11":"shipping-taxable","12":"purchasable","13":"product-type-variable","14":"has-default-attributes"},"_links":{"self":[{"href":"https:\/\/gogashop.com\/hr\/wp-json\/wp\/v2\/product\/21950","targetHints":{"allow":["GET"]}}],"collection":[{"href":"https:\/\/gogashop.com\/hr\/wp-json\/wp\/v2\/product"}],"about":[{"href":"https:\/\/gogashop.com\/hr\/wp-json\/wp\/v2\/types\/product"}],"version-history":[{"count":1,"href":"https:\/\/gogashop.com\/hr\/wp-json\/wp\/v2\/product\/21950\/revisions"}],"predecessor-version":[{"id":22039,"href":"https:\/\/gogashop.com\/hr\/wp-json\/wp\/v2\/product\/21950\/revisions\/22039"}],"wp:featuredmedia":[{"embeddable":true,"href":"https:\/\/gogashop.com\/hr\/wp-json\/wp\/v2\/media\/22038"}],"wp:attachment":[{"href":"https:\/\/gogashop.com\/hr\/wp-json\/wp\/v2\/media?parent=21950"}],"wp:term":[{"taxonomy":"product_brand","embeddable":true,"href":"https:\/\/gogashop.com\/hr\/wp-json\/wp\/v2\/product_brand?post=21950"},{"taxonomy":"product_cat","embeddable":true,"href":"https:\/\/gogashop.com\/hr\/wp-json\/wp\/v2\/product_cat?post=21950"},{"taxonomy":"product_tag","embeddable":true,"href":"https:\/\/gogashop.com\/hr\/wp-json\/wp\/v2\/product_tag?post=21950"}],"curies":[{"name":"wp","href":"https:\/\/api.w.org\/{rel}","templated":true}]}}