{"id":21947,"date":"2024-02-15T21:33:09","date_gmt":"2024-02-15T21:33:09","guid":{"rendered":"https:\/\/gogashop.com\/hr\/?post_type=product&#038;p=21947"},"modified":"2025-01-01T14:28:01","modified_gmt":"2025-01-01T14:28:01","slug":"naljepnica-macka-u-joga-poziciji","status":"publish","type":"product","link":"https:\/\/gogashop.com\/hr\/naljepnica-macka-u-joga-poziciji\/","title":{"rendered":"Naljepnica ma\u010dka u joga poziciji"},"content":{"rendered":"","protected":false},"excerpt":{"rendered":"<p><strong>Naljepnica ma\u010dke u pozi joge<\/strong>, koja na elegantan na\u010din di\u017ee svoju stra\u017enju nogu u zrak, simboliziraju\u0107i savr\u0161enu ravnote\u017eu i mir. Njeno tijelo je u savr\u0161enom skladu s prirodom, a njen izraz odra\u017eava duboko unutarnje opu\u0161tanje. Ova naljepnica je idealna za ljubitelje ma\u010daka i joge, koji \u017eele ukrasiti svoje vozilo s da\u0161kom zen smirenosti i jedinstvenog humora.<\/p>\n<ul>\n<li>Cijela izrada naljepnice je napravljena u Gogashopu<\/li>\n<li>Kvalitetna izrada naljepnice za auto vi\u0161e kvalitete<\/li>\n<li>Koristi se vrhunska folija NJEMA\u010cKOG proizvo\u0111a\u010da<\/li>\n<li>Ne o\u0161te\u0107uje automobil i boju<\/li>\n<li>Otpornost na sve vremenske uvjete<\/li>\n<\/ul>\n<p><strong>U paketu dobivate:<\/strong><\/p>\n<ul>\n<li>1x Naljepnicu za auto<\/li>\n<\/ul>\n","protected":false},"featured_media":22009,"template":"","meta":[],"product_brand":[],"product_cat":[1511],"product_tag":[],"class_list":{"0":"post-21947","1":"product","2":"type-product","3":"status-publish","4":"has-post-thumbnail","6":"product_cat-naljepnice-macke","8":"first","9":"instock","10":"taxable","11":"shipping-taxable","12":"purchasable","13":"product-type-variable","14":"has-default-attributes"},"_links":{"self":[{"href":"https:\/\/gogashop.com\/hr\/wp-json\/wp\/v2\/product\/21947","targetHints":{"allow":["GET"]}}],"collection":[{"href":"https:\/\/gogashop.com\/hr\/wp-json\/wp\/v2\/product"}],"about":[{"href":"https:\/\/gogashop.com\/hr\/wp-json\/wp\/v2\/types\/product"}],"version-history":[{"count":1,"href":"https:\/\/gogashop.com\/hr\/wp-json\/wp\/v2\/product\/21947\/revisions"}],"predecessor-version":[{"id":22010,"href":"https:\/\/gogashop.com\/hr\/wp-json\/wp\/v2\/product\/21947\/revisions\/22010"}],"wp:featuredmedia":[{"embeddable":true,"href":"https:\/\/gogashop.com\/hr\/wp-json\/wp\/v2\/media\/22009"}],"wp:attachment":[{"href":"https:\/\/gogashop.com\/hr\/wp-json\/wp\/v2\/media?parent=21947"}],"wp:term":[{"taxonomy":"product_brand","embeddable":true,"href":"https:\/\/gogashop.com\/hr\/wp-json\/wp\/v2\/product_brand?post=21947"},{"taxonomy":"product_cat","embeddable":true,"href":"https:\/\/gogashop.com\/hr\/wp-json\/wp\/v2\/product_cat?post=21947"},{"taxonomy":"product_tag","embeddable":true,"href":"https:\/\/gogashop.com\/hr\/wp-json\/wp\/v2\/product_tag?post=21947"}],"curies":[{"name":"wp","href":"https:\/\/api.w.org\/{rel}","templated":true}]}}