{"id":21946,"date":"2024-02-15T21:33:09","date_gmt":"2024-02-15T21:33:09","guid":{"rendered":"https:\/\/gogashop.com\/hr\/?post_type=product&#038;p=21946"},"modified":"2025-01-01T14:27:53","modified_gmt":"2025-01-01T14:27:53","slug":"naljepnica-macka-se-igra","status":"publish","type":"product","link":"https:\/\/gogashop.com\/hr\/naljepnica-macka-se-igra\/","title":{"rendered":"Naljepnica ma\u010dka se igra"},"content":{"rendered":"","protected":false},"excerpt":{"rendered":"<p><strong>Automobilska naljepnica u obliku simpati\u010dne ma\u010dke<\/strong>, koja ima slatki i iskri\u010davi pogled. Ova naljepnica, koja prikazuje razigranu sliku ma\u010dke, omogu\u0107uje vam da uklju\u010dite svoj tekst, \u010dime mo\u017eete izraziti svoju strast prema ovim slatkim \u017eivotinjama. Njena privla\u010dna i pa\u017eljivo izra\u0111ena slika je savr\u0161ena za one koji \u017eele dodati osobni dodir svom automobilu. Osim toga, imate mogu\u0107nost personalizacije naljepnice s odabranim tekstom koji odra\u017eava va\u0161u osobnost ili posebnu poruku. Uklju\u010divanjem ovog teksta u kombinaciji s simpati\u010dnim motivom ma\u010dke, va\u0161 automobil dobiva poseban karakter i privla\u010dnost.<\/p>\n<ul>\n<li>Cjelokupna izrada naljepnice je napravljena u Gogashopu<\/li>\n<li>Kvalitetna izrada automobilske naljepnice vi\u0161e kvalitete<\/li>\n<li>Kori\u0161tena vrhunska folija NJEMA\u010cKOG proizvo\u0111a\u010da<\/li>\n<li>Ne o\u0161te\u0107uje automobil i boju<\/li>\n<li>Otpornost na sve vremenske uvjete<\/li>\n<\/ul>\n<p><strong>U paketu dobivate:<\/strong><\/p>\n<ul>\n<li>1x Naljepnicu za auto<\/li>\n<\/ul>\n","protected":false},"featured_media":22002,"template":"","meta":[],"product_brand":[],"product_cat":[1511],"product_tag":[],"class_list":{"0":"post-21946","1":"product","2":"type-product","3":"status-publish","4":"has-post-thumbnail","6":"product_cat-naljepnice-macke","8":"first","9":"instock","10":"taxable","11":"shipping-taxable","12":"purchasable","13":"product-type-variable","14":"has-default-attributes"},"_links":{"self":[{"href":"https:\/\/gogashop.com\/hr\/wp-json\/wp\/v2\/product\/21946","targetHints":{"allow":["GET"]}}],"collection":[{"href":"https:\/\/gogashop.com\/hr\/wp-json\/wp\/v2\/product"}],"about":[{"href":"https:\/\/gogashop.com\/hr\/wp-json\/wp\/v2\/types\/product"}],"version-history":[{"count":1,"href":"https:\/\/gogashop.com\/hr\/wp-json\/wp\/v2\/product\/21946\/revisions"}],"predecessor-version":[{"id":22003,"href":"https:\/\/gogashop.com\/hr\/wp-json\/wp\/v2\/product\/21946\/revisions\/22003"}],"wp:featuredmedia":[{"embeddable":true,"href":"https:\/\/gogashop.com\/hr\/wp-json\/wp\/v2\/media\/22002"}],"wp:attachment":[{"href":"https:\/\/gogashop.com\/hr\/wp-json\/wp\/v2\/media?parent=21946"}],"wp:term":[{"taxonomy":"product_brand","embeddable":true,"href":"https:\/\/gogashop.com\/hr\/wp-json\/wp\/v2\/product_brand?post=21946"},{"taxonomy":"product_cat","embeddable":true,"href":"https:\/\/gogashop.com\/hr\/wp-json\/wp\/v2\/product_cat?post=21946"},{"taxonomy":"product_tag","embeddable":true,"href":"https:\/\/gogashop.com\/hr\/wp-json\/wp\/v2\/product_tag?post=21946"}],"curies":[{"name":"wp","href":"https:\/\/api.w.org\/{rel}","templated":true}]}}