{"id":21943,"date":"2024-02-15T21:33:09","date_gmt":"2024-02-15T21:33:09","guid":{"rendered":"https:\/\/gogashop.com\/hr\/?post_type=product&#038;p=21943"},"modified":"2025-01-01T14:27:12","modified_gmt":"2025-01-01T14:27:12","slug":"naljepnica-za-auto-s-mackom","status":"publish","type":"product","link":"https:\/\/gogashop.com\/hr\/naljepnica-za-auto-s-mackom\/","title":{"rendered":"Naljepnica za auto s ma\u010dkom"},"content":{"rendered":"","protected":false},"excerpt":{"rendered":"<p>Osvje\u017eite svoj automobil jedinstvenom <strong>naljepnicom za auto s ma\u010dkom<\/strong>, koja prikazuje veselu sliku ma\u010dke. Ova naljepnica, koja se ponosi slikom znati\u017eeljne ma\u010dke, nudi prostor za va\u0161u jedinstvenu poruku ili odabrani tekst. Idealna je za izra\u017eavanje va\u0161e naklonosti prema ovim elegantnim \u017eivotinjama i za dodavanje posebnog, osobnog dodira va\u0161em vozilu. Prilagodite naljepnicu s tekstom koji najbolje predstavlja va\u0161 stil ili poruku koju \u017eelite podijeliti, a smje\u0161taj ispod simpati\u010dne slike ma\u010dke dodaje poseban \u0161arm.<\/p>\n<ul>\n<li>Cjelokupna izrada naljepnice je napravljena u Gogashopu<\/li>\n<li>Kvalitetna izrada naljepnice za auto vi\u0161e kvalitete<\/li>\n<li>Koristi se vrhunska folija NJEMA\u010cKOG proizvo\u0111a\u010da<\/li>\n<li>Ne o\u0161te\u0107uje automobil i boju<\/li>\n<li>Otpornost na sve vremenske uvjete<\/li>\n<\/ul>\n<p><strong>U paketu dobivate:<\/strong><\/p>\n<ul>\n<li>1x Naljepnicu za auto<\/li>\n<\/ul>\n","protected":false},"featured_media":21981,"template":"","meta":[],"product_brand":[],"product_cat":[1511],"product_tag":[],"class_list":{"0":"post-21943","1":"product","2":"type-product","3":"status-publish","4":"has-post-thumbnail","6":"product_cat-naljepnice-macke","8":"first","9":"instock","10":"taxable","11":"shipping-taxable","12":"purchasable","13":"product-type-variable","14":"has-default-attributes"},"_links":{"self":[{"href":"https:\/\/gogashop.com\/hr\/wp-json\/wp\/v2\/product\/21943","targetHints":{"allow":["GET"]}}],"collection":[{"href":"https:\/\/gogashop.com\/hr\/wp-json\/wp\/v2\/product"}],"about":[{"href":"https:\/\/gogashop.com\/hr\/wp-json\/wp\/v2\/types\/product"}],"version-history":[{"count":1,"href":"https:\/\/gogashop.com\/hr\/wp-json\/wp\/v2\/product\/21943\/revisions"}],"predecessor-version":[{"id":21982,"href":"https:\/\/gogashop.com\/hr\/wp-json\/wp\/v2\/product\/21943\/revisions\/21982"}],"wp:featuredmedia":[{"embeddable":true,"href":"https:\/\/gogashop.com\/hr\/wp-json\/wp\/v2\/media\/21981"}],"wp:attachment":[{"href":"https:\/\/gogashop.com\/hr\/wp-json\/wp\/v2\/media?parent=21943"}],"wp:term":[{"taxonomy":"product_brand","embeddable":true,"href":"https:\/\/gogashop.com\/hr\/wp-json\/wp\/v2\/product_brand?post=21943"},{"taxonomy":"product_cat","embeddable":true,"href":"https:\/\/gogashop.com\/hr\/wp-json\/wp\/v2\/product_cat?post=21943"},{"taxonomy":"product_tag","embeddable":true,"href":"https:\/\/gogashop.com\/hr\/wp-json\/wp\/v2\/product_tag?post=21943"}],"curies":[{"name":"wp","href":"https:\/\/api.w.org\/{rel}","templated":true}]}}