{"id":20643,"date":"2023-10-12T11:26:08","date_gmt":"2023-10-12T11:26:08","guid":{"rendered":"https:\/\/gogashop.com\/hr\/?post_type=product&#038;p=20643"},"modified":"2024-01-30T11:29:48","modified_gmt":"2024-01-30T11:29:48","slug":"drive-safe-privjesak-za-parove","status":"publish","type":"product","link":"https:\/\/gogashop.com\/hr\/drive-safe-privjesak-za-parove\/","title":{"rendered":"Drive safe privjesak za parove"},"content":{"rendered":"","protected":false},"excerpt":{"rendered":"<p><strong>Privjesak vozi sigurno za parove <\/strong>na kojem vam na jednoj strani ispisujemo sliku, a na drugoj strani dodajemo va\u0161e ime za odli\u010dan poklon va\u0161oj voljenoj osobi.<\/p>\n<p>Privjesak s natpisom &#8220;<strong>Vozi sigurno, trebam te ovdje sa mnom. Volim te, &#8211; VA\u0160E IME<\/strong>&#8221; je odli\u010dan poklon i va\u0161i partneri \u0107e ga rado prihvatiti. Privjesak ima vrlo sna\u017enu poruku, posebno kada dodate ime i sliku koju \u017eelite da ispi\u0161emo.<\/p>\n<ul>\n<li>Izuzetno kvalitetni privjesci s profesionalnim ispisom<\/li>\n<li>Mogu\u0107nost personalizacije privjeska vozi sigurno<\/li>\n<li>Dovoljno lagan da ne ometa no\u0161enje i vo\u017enju<\/li>\n<li>\u0160arene i prekrasne boje<\/li>\n<\/ul>\n<p><strong>U paketu dobivate:\u00a0<\/strong><\/p>\n<ul>\n<li>1x Privjesak vozi sigurno<\/li>\n<\/ul>\n","protected":false},"featured_media":20438,"template":"","meta":[],"product_brand":[],"product_cat":[1477],"product_tag":[],"class_list":{"0":"post-20643","1":"product","2":"type-product","3":"status-publish","4":"has-post-thumbnail","6":"product_cat-drive-safe-privjesci","7":"product_shipping_class-personalizacija","9":"first","10":"instock","11":"taxable","12":"shipping-taxable","13":"purchasable","14":"product-type-simple"},"_links":{"self":[{"href":"https:\/\/gogashop.com\/hr\/wp-json\/wp\/v2\/product\/20643","targetHints":{"allow":["GET"]}}],"collection":[{"href":"https:\/\/gogashop.com\/hr\/wp-json\/wp\/v2\/product"}],"about":[{"href":"https:\/\/gogashop.com\/hr\/wp-json\/wp\/v2\/types\/product"}],"version-history":[{"count":1,"href":"https:\/\/gogashop.com\/hr\/wp-json\/wp\/v2\/product\/20643\/revisions"}],"predecessor-version":[{"id":20664,"href":"https:\/\/gogashop.com\/hr\/wp-json\/wp\/v2\/product\/20643\/revisions\/20664"}],"wp:featuredmedia":[{"embeddable":true,"href":"https:\/\/gogashop.com\/hr\/wp-json\/wp\/v2\/media\/20438"}],"wp:attachment":[{"href":"https:\/\/gogashop.com\/hr\/wp-json\/wp\/v2\/media?parent=20643"}],"wp:term":[{"taxonomy":"product_brand","embeddable":true,"href":"https:\/\/gogashop.com\/hr\/wp-json\/wp\/v2\/product_brand?post=20643"},{"taxonomy":"product_cat","embeddable":true,"href":"https:\/\/gogashop.com\/hr\/wp-json\/wp\/v2\/product_cat?post=20643"},{"taxonomy":"product_tag","embeddable":true,"href":"https:\/\/gogashop.com\/hr\/wp-json\/wp\/v2\/product_tag?post=20643"}],"curies":[{"name":"wp","href":"https:\/\/api.w.org\/{rel}","templated":true}]}}