{"id":20636,"date":"2023-10-12T11:26:08","date_gmt":"2023-10-12T11:26:08","guid":{"rendered":"https:\/\/gogashop.com\/hr\/?post_type=product&#038;p=20636"},"modified":"2024-01-30T11:30:29","modified_gmt":"2024-01-30T11:30:29","slug":"privjesak-horoskop-astroloski-znakovi","status":"publish","type":"product","link":"https:\/\/gogashop.com\/hr\/privjesak-horoskop-astroloski-znakovi\/","title":{"rendered":"Privjesak horoskop &#8211; astrolo\u0161ki znakovi"},"content":{"rendered":"","protected":false},"excerpt":{"rendered":"<p>Izvrsni privjesci horoskopa u modernom i lijepom obliku, idealni su privjesak za klju\u010deve. Privjesci za klju\u010deve s astrolo\u0161kim znakom tako\u0111er su izvrsni kao poklon koji mo\u017eemo pokloniti svojim voljenim osobama, prijateljima i poznanicima.<\/p>\n<p>&nbsp;<\/p>\n<p>Izra\u0111eni su od kvalitetnih materijala i prekrasno obojeni, \u0161to \u0107e odu\u0161eviti sve.<\/p>\n<p>&nbsp;<\/p>\n<p><strong>U paketu dobivate:<\/strong><\/p>\n<ul>\n<li>1x privjesak za klju\u010deve<\/li>\n<\/ul>\n","protected":false},"featured_media":20386,"template":"","meta":[],"product_brand":[],"product_cat":[98],"product_tag":[],"class_list":{"0":"post-20636","1":"product","2":"type-product","3":"status-publish","4":"has-post-thumbnail","6":"product_cat-privjesci-za-kljuceve","8":"first","9":"instock","10":"taxable","11":"shipping-taxable","12":"purchasable","13":"product-type-variable"},"_links":{"self":[{"href":"https:\/\/gogashop.com\/hr\/wp-json\/wp\/v2\/product\/20636","targetHints":{"allow":["GET"]}}],"collection":[{"href":"https:\/\/gogashop.com\/hr\/wp-json\/wp\/v2\/product"}],"about":[{"href":"https:\/\/gogashop.com\/hr\/wp-json\/wp\/v2\/types\/product"}],"version-history":[{"count":1,"href":"https:\/\/gogashop.com\/hr\/wp-json\/wp\/v2\/product\/20636\/revisions"}],"predecessor-version":[{"id":20657,"href":"https:\/\/gogashop.com\/hr\/wp-json\/wp\/v2\/product\/20636\/revisions\/20657"}],"wp:featuredmedia":[{"embeddable":true,"href":"https:\/\/gogashop.com\/hr\/wp-json\/wp\/v2\/media\/20386"}],"wp:attachment":[{"href":"https:\/\/gogashop.com\/hr\/wp-json\/wp\/v2\/media?parent=20636"}],"wp:term":[{"taxonomy":"product_brand","embeddable":true,"href":"https:\/\/gogashop.com\/hr\/wp-json\/wp\/v2\/product_brand?post=20636"},{"taxonomy":"product_cat","embeddable":true,"href":"https:\/\/gogashop.com\/hr\/wp-json\/wp\/v2\/product_cat?post=20636"},{"taxonomy":"product_tag","embeddable":true,"href":"https:\/\/gogashop.com\/hr\/wp-json\/wp\/v2\/product_tag?post=20636"}],"curies":[{"name":"wp","href":"https:\/\/api.w.org\/{rel}","templated":true}]}}