{"id":19947,"date":"2023-07-30T22:35:28","date_gmt":"2023-07-30T22:35:28","guid":{"rendered":"https:\/\/gogashop.com\/hr\/?post_type=product&#038;p=19947"},"modified":"2024-01-30T11:30:21","modified_gmt":"2024-01-30T11:30:21","slug":"privjesak-za-psa-vise-boja","status":"publish","type":"product","link":"https:\/\/gogashop.com\/hr\/privjesak-za-psa-vise-boja\/","title":{"rendered":"Privjesak za psa vi\u0161e boja"},"content":{"rendered":"","protected":false},"excerpt":{"rendered":"<p><strong>Privjesak za psa<\/strong>, koji dolazi u prekrasnom grafi\u010dkom obliku i mogu\u0107nosti odabira najpopularnijih i modernih boja za pse\u0107e privjeske.<\/p>\n<p>Izuzetno lijepi privjesci s prekrasnim sjajem i prekrasnim industrijskim tiskom. Na prednjoj strani mo\u017eete personalizirati ime svog psa, a na stra\u017enjoj strani dodati broj vlasnika psa, ako vam ikad pas pobjegne.<\/p>\n<p>Privjesci imaju sna\u017ene i \u017eive boje koje su vrlo ugodne i pristaju svakoj boji dlake psa. Pri\u010dvr\u0161\u0107ivanje privjeska za psa na ogrlicu je jednostavno, jer dobijete sve \u0161to je potrebno za pri\u010dvr\u0161\u0107ivanje.<\/p>\n<ul>\n<li>Privjesci za pse su napravljeni u Gogashopu<\/li>\n<li>Najvi\u0161a kvaliteta tiska s izuzetno lijepim nijansama<\/li>\n<li>Nadstandardna kvaliteta privjeska za pse<\/li>\n<li>Potpuna personalizacija pse\u0107eg privjeska<\/li>\n<\/ul>\n<p><strong>Materijal:<\/strong> Nehr\u0111aju\u0107i \u010delik + industrijski standard kvalitete tiska<\/p>\n<p><strong>U paketu dobijete:<\/strong><\/p>\n<ul>\n<li>1x Privjesak za psa<\/li>\n<\/ul>\n<p><strong><span style=\"color: #3366ff\" data-mce-style=\"color: #3366ff;\">Tako\u0111er nudimo uslugu potpune izrade prema va\u0161im \u017eeljama. Pi\u0161ite nam na<\/span><\/strong> <a href=\"mailto:podpora@gogashop.com\" target=\"_blank\" rel=\"noopener\" data-mce-href=\"mailto:podpora@gogashop.com\">podpora@gogashop.com<\/a><\/p>\n","protected":false},"featured_media":19713,"template":"","meta":[],"product_brand":[],"product_cat":[1476],"product_tag":[],"class_list":{"0":"post-19947","1":"product","2":"type-product","3":"status-publish","4":"has-post-thumbnail","6":"product_cat-privjesci-za-pse","8":"first","9":"instock","10":"taxable","11":"shipping-taxable","12":"purchasable","13":"product-type-variable"},"_links":{"self":[{"href":"https:\/\/gogashop.com\/hr\/wp-json\/wp\/v2\/product\/19947","targetHints":{"allow":["GET"]}}],"collection":[{"href":"https:\/\/gogashop.com\/hr\/wp-json\/wp\/v2\/product"}],"about":[{"href":"https:\/\/gogashop.com\/hr\/wp-json\/wp\/v2\/types\/product"}],"version-history":[{"count":1,"href":"https:\/\/gogashop.com\/hr\/wp-json\/wp\/v2\/product\/19947\/revisions"}],"predecessor-version":[{"id":19977,"href":"https:\/\/gogashop.com\/hr\/wp-json\/wp\/v2\/product\/19947\/revisions\/19977"}],"wp:featuredmedia":[{"embeddable":true,"href":"https:\/\/gogashop.com\/hr\/wp-json\/wp\/v2\/media\/19713"}],"wp:attachment":[{"href":"https:\/\/gogashop.com\/hr\/wp-json\/wp\/v2\/media?parent=19947"}],"wp:term":[{"taxonomy":"product_brand","embeddable":true,"href":"https:\/\/gogashop.com\/hr\/wp-json\/wp\/v2\/product_brand?post=19947"},{"taxonomy":"product_cat","embeddable":true,"href":"https:\/\/gogashop.com\/hr\/wp-json\/wp\/v2\/product_cat?post=19947"},{"taxonomy":"product_tag","embeddable":true,"href":"https:\/\/gogashop.com\/hr\/wp-json\/wp\/v2\/product_tag?post=19947"}],"curies":[{"name":"wp","href":"https:\/\/api.w.org\/{rel}","templated":true}]}}