{"id":19946,"date":"2023-07-30T22:35:28","date_gmt":"2023-07-30T22:35:28","guid":{"rendered":"https:\/\/gogashop.com\/hr\/?post_type=product&#038;p=19946"},"modified":"2024-01-30T11:30:17","modified_gmt":"2024-01-30T11:30:17","slug":"privjesak-za-psa-s-cvjetovima","status":"publish","type":"product","link":"https:\/\/gogashop.com\/hr\/privjesak-za-psa-s-cvjetovima\/","title":{"rendered":"Privjesak za psa s cvjetovima"},"content":{"rendered":"","protected":false},"excerpt":{"rendered":"<p><strong>Privjesak za psa <\/strong>s cvjetovima u prekrasnim nje\u017enim ru\u017ei\u010dastim bojama koje \u0107e savr\u0161eno ukrasiti svakog psi\u0107a. Privjesak mo\u017eete potpuno personalizirati i dodati poruku na prednjoj i stra\u017enjoj strani.<\/p>\n<p>Grafi\u010dki dizajn na privjesku za psa je oslikan s dodatkom svje\u017eine, minimalizma i modernog dizajna. Izvrsno za sve pse kod kojih \u017eelite kombinirati ru\u017ei\u010dastu boju.<\/p>\n<ul>\n<li>Privjesci za pse izra\u0111eni su u Gogashopu<\/li>\n<li>Najvi\u0161a kvaliteta ispisa s iznimno lijepim nijansama<\/li>\n<li>Nadstandardna kvaliteta privjeska za pse<\/li>\n<li>Potpuna personalizacija pasjeg privjeska<\/li>\n<\/ul>\n<p><strong>Materijal:<\/strong> Nehr\u0111aju\u0107i \u010delik + industrijski standard kvalitete ispisa<\/p>\n<p><strong>U paketu dobivate:<\/strong><\/p>\n<ul>\n<li>1x Privjesak za psa<\/li>\n<\/ul>\n<p><strong><span style=\"color: #3366ff\" data-mce-style=\"color: #3366ff;\">Tako\u0111er nudimo uslugu potpune izrade prema va\u0161im \u017eeljama. Pi\u0161ite nam na<\/span><\/strong> <a href=\"mailto:podpora@gogashop.com\" target=\"_blank\" rel=\"noopener\" data-mce-href=\"mailto:podpora@gogashop.com\">podpora@gogashop.com<\/a><\/p>\n","protected":false},"featured_media":19708,"template":"","meta":[],"product_brand":[],"product_cat":[1476],"product_tag":[],"class_list":{"0":"post-19946","1":"product","2":"type-product","3":"status-publish","4":"has-post-thumbnail","6":"product_cat-privjesci-za-pse","8":"first","9":"instock","10":"taxable","11":"shipping-taxable","12":"purchasable","13":"product-type-simple"},"_links":{"self":[{"href":"https:\/\/gogashop.com\/hr\/wp-json\/wp\/v2\/product\/19946","targetHints":{"allow":["GET"]}}],"collection":[{"href":"https:\/\/gogashop.com\/hr\/wp-json\/wp\/v2\/product"}],"about":[{"href":"https:\/\/gogashop.com\/hr\/wp-json\/wp\/v2\/types\/product"}],"version-history":[{"count":1,"href":"https:\/\/gogashop.com\/hr\/wp-json\/wp\/v2\/product\/19946\/revisions"}],"predecessor-version":[{"id":19976,"href":"https:\/\/gogashop.com\/hr\/wp-json\/wp\/v2\/product\/19946\/revisions\/19976"}],"wp:featuredmedia":[{"embeddable":true,"href":"https:\/\/gogashop.com\/hr\/wp-json\/wp\/v2\/media\/19708"}],"wp:attachment":[{"href":"https:\/\/gogashop.com\/hr\/wp-json\/wp\/v2\/media?parent=19946"}],"wp:term":[{"taxonomy":"product_brand","embeddable":true,"href":"https:\/\/gogashop.com\/hr\/wp-json\/wp\/v2\/product_brand?post=19946"},{"taxonomy":"product_cat","embeddable":true,"href":"https:\/\/gogashop.com\/hr\/wp-json\/wp\/v2\/product_cat?post=19946"},{"taxonomy":"product_tag","embeddable":true,"href":"https:\/\/gogashop.com\/hr\/wp-json\/wp\/v2\/product_tag?post=19946"}],"curies":[{"name":"wp","href":"https:\/\/api.w.org\/{rel}","templated":true}]}}