{"id":19943,"date":"2023-07-30T22:35:28","date_gmt":"2023-07-30T22:35:28","guid":{"rendered":"https:\/\/gogashop.com\/hr\/?post_type=product&#038;p=19943"},"modified":"2024-01-30T11:30:26","modified_gmt":"2024-01-30T11:30:26","slug":"privjesak-za-psa-s-crticama-2","status":"publish","type":"product","link":"https:\/\/gogashop.com\/hr\/privjesak-za-psa-s-crticama-2\/","title":{"rendered":"Privjesak za psa s crticama"},"content":{"rendered":"","protected":false},"excerpt":{"rendered":"<p><b>Privjesak za psa <\/b>s prekrasnim slikanjem ravno crtama i personaliziranim imenom sprijeda te telefonskim brojem straga.<\/p>\n<p>Odli\u010dna kombinacija za privjeske za pse, s kojima \u0107ete imati u\u010dinkovit i modni dodatak na svom psu. Privjesak za psa je metalni s na\u0161im grafi\u010dkim slikanjem.<\/p>\n<ul>\n<li>Privjesci za pse su napravljeni u Gogashopu<\/li>\n<li>Najvi\u0161a kvaliteta tiska s izuzetno lijepim nijansama<\/li>\n<li>Nadstandardna kvaliteta privjeska za pse<\/li>\n<li>Potpuna personalizacija pasjeg privjeska<\/li>\n<\/ul>\n<p><strong>Materijal:<\/strong> Nehr\u0111aju\u0107i \u010delik + industrijski standard kvalitete tiska<\/p>\n<p><strong>U paketu dobivate:<\/strong><\/p>\n<ul>\n<li>1x Privjesak za psa<\/li>\n<\/ul>\n<p><strong><span style=\"color: #3366ff\" data-mce-style=\"color: #3366ff;\">Tako\u0111er nudimo uslugu potpune izrade prema va\u0161im \u017eeljama. Pi\u0161ite nam na<\/span><\/strong> <a href=\"mailto:podpora@gogashop.com\" target=\"_blank\" rel=\"noopener\" data-mce-href=\"mailto:podpora@gogashop.com\">podpora@gogashop.com<\/a><\/p>\n","protected":false},"featured_media":19686,"template":"","meta":[],"product_brand":[],"product_cat":[1476],"product_tag":[],"class_list":{"0":"post-19943","1":"product","2":"type-product","3":"status-publish","4":"has-post-thumbnail","6":"product_cat-privjesci-za-pse","8":"first","9":"instock","10":"taxable","11":"shipping-taxable","12":"purchasable","13":"product-type-simple"},"_links":{"self":[{"href":"https:\/\/gogashop.com\/hr\/wp-json\/wp\/v2\/product\/19943","targetHints":{"allow":["GET"]}}],"collection":[{"href":"https:\/\/gogashop.com\/hr\/wp-json\/wp\/v2\/product"}],"about":[{"href":"https:\/\/gogashop.com\/hr\/wp-json\/wp\/v2\/types\/product"}],"version-history":[{"count":1,"href":"https:\/\/gogashop.com\/hr\/wp-json\/wp\/v2\/product\/19943\/revisions"}],"predecessor-version":[{"id":19973,"href":"https:\/\/gogashop.com\/hr\/wp-json\/wp\/v2\/product\/19943\/revisions\/19973"}],"wp:featuredmedia":[{"embeddable":true,"href":"https:\/\/gogashop.com\/hr\/wp-json\/wp\/v2\/media\/19686"}],"wp:attachment":[{"href":"https:\/\/gogashop.com\/hr\/wp-json\/wp\/v2\/media?parent=19943"}],"wp:term":[{"taxonomy":"product_brand","embeddable":true,"href":"https:\/\/gogashop.com\/hr\/wp-json\/wp\/v2\/product_brand?post=19943"},{"taxonomy":"product_cat","embeddable":true,"href":"https:\/\/gogashop.com\/hr\/wp-json\/wp\/v2\/product_cat?post=19943"},{"taxonomy":"product_tag","embeddable":true,"href":"https:\/\/gogashop.com\/hr\/wp-json\/wp\/v2\/product_tag?post=19943"}],"curies":[{"name":"wp","href":"https:\/\/api.w.org\/{rel}","templated":true}]}}