{"id":18599,"date":"2023-07-04T02:10:59","date_gmt":"2023-07-04T02:10:59","guid":{"rendered":"https:\/\/gogashop.com\/hr\/?post_type=product&#038;p=18599"},"modified":"2024-01-30T11:24:50","modified_gmt":"2024-01-30T11:24:50","slug":"naljepnica-divlje","status":"publish","type":"product","link":"https:\/\/gogashop.com\/hr\/naljepnica-divlje\/","title":{"rendered":"Naljepnica DIVLJE"},"content":{"rendered":"","protected":false},"excerpt":{"rendered":"<p><strong>Naljepnica za kamper WILD<\/strong> je jednostavna, ali sna\u017ena, puna simbolike i zna\u010denja. &#8220;WILD&#8221; nije samo rije\u010d, to je izjava &#8211; izjava o ljubavi prema prirodi, slobodi i divljem duhu. Naljepnica za kamper WILD simbolizira divlju i neukro\u0107enu strast prema avanturama i istra\u017eivanjima. Predstavlja \u017eelju za neovisno\u0161\u0107u, odlu\u010dnost da se ne zadr\u017eava, i strast prema istra\u017eivanju nepoznatog.<\/p>\n<p>S naljepnicom WILD na va\u0161em kamperu ili prikolici izra\u017eavate svoju nepokolebljivu \u017eelju za slobodom i ljubav prema divljini. Izra\u017eavate svoju strast prema istra\u017eivanju, svoju ljubav prema prirodi i svoju odlu\u010dnost da \u017eivite \u017eivot pun avantura. Ova naljepnica nije samo dekoracija &#8211; to je osobna izjava koja govori da ste divlji, slobodni i spremni na avanturu, gdje god vas put odvede. To je va\u0161a izjava o tome tko ste i kako \u017eelite \u017eivjeti svoj \u017eivot.<\/p>\n<ul>\n<li>Cijela izrada naljepnice je napravljena u Gogashopu<\/li>\n<li>Kvalitetna izrada naljepnice vi\u0161e kvalitete za automobil<\/li>\n<li>Kori\u0161tena vrhunska folija NJEMA\u010cKOG proizvo\u0111a\u010da<\/li>\n<li>Ne o\u0161te\u0107uje automobil i boje<\/li>\n<li>Otpornost na sve vremenske uvjete<\/li>\n<\/ul>\n<p><strong>U paketu dobivate:<\/strong><\/p>\n<ul>\n<li>1x Naljepnicu<\/li>\n<\/ul>\n","protected":false},"featured_media":18787,"template":"","meta":[],"product_brand":[],"product_cat":[1121,1345],"product_tag":[1363,1366,1367,1360,1361,1365,1063],"class_list":{"0":"post-18599","1":"product","2":"type-product","3":"status-publish","4":"has-post-thumbnail","6":"product_cat-avanturisticke","7":"product_cat-naljepnice-za-kamper","8":"product_tag-avanturisticke-naljepnice","9":"product_tag-naljepke-za-avanturiste","10":"product_tag-naljepke-za-kamper","11":"product_tag-naljepke-za-kampiranje","12":"product_tag-naljepke-za-prikolice","13":"product_tag-naljepnica-za-kamper","14":"product_tag-naljepnice-za-kampere","16":"first","17":"instock","18":"taxable","19":"shipping-taxable","20":"purchasable","21":"product-type-variable","22":"has-default-attributes"},"_links":{"self":[{"href":"https:\/\/gogashop.com\/hr\/wp-json\/wp\/v2\/product\/18599","targetHints":{"allow":["GET"]}}],"collection":[{"href":"https:\/\/gogashop.com\/hr\/wp-json\/wp\/v2\/product"}],"about":[{"href":"https:\/\/gogashop.com\/hr\/wp-json\/wp\/v2\/types\/product"}],"version-history":[{"count":1,"href":"https:\/\/gogashop.com\/hr\/wp-json\/wp\/v2\/product\/18599\/revisions"}],"predecessor-version":[{"id":18793,"href":"https:\/\/gogashop.com\/hr\/wp-json\/wp\/v2\/product\/18599\/revisions\/18793"}],"wp:featuredmedia":[{"embeddable":true,"href":"https:\/\/gogashop.com\/hr\/wp-json\/wp\/v2\/media\/18787"}],"wp:attachment":[{"href":"https:\/\/gogashop.com\/hr\/wp-json\/wp\/v2\/media?parent=18599"}],"wp:term":[{"taxonomy":"product_brand","embeddable":true,"href":"https:\/\/gogashop.com\/hr\/wp-json\/wp\/v2\/product_brand?post=18599"},{"taxonomy":"product_cat","embeddable":true,"href":"https:\/\/gogashop.com\/hr\/wp-json\/wp\/v2\/product_cat?post=18599"},{"taxonomy":"product_tag","embeddable":true,"href":"https:\/\/gogashop.com\/hr\/wp-json\/wp\/v2\/product_tag?post=18599"}],"curies":[{"name":"wp","href":"https:\/\/api.w.org\/{rel}","templated":true}]}}