{"id":18587,"date":"2023-07-04T02:10:58","date_gmt":"2023-07-04T02:10:58","guid":{"rendered":"https:\/\/gogashop.com\/hr\/?post_type=product&#038;p=18587"},"modified":"2024-01-30T11:12:21","modified_gmt":"2024-01-30T11:12:21","slug":"pustolovscina-te-caka","status":"publish","type":"product","link":"https:\/\/gogashop.com\/hr\/pustolovscina-te-caka\/","title":{"rendered":"Pustolov\u0161\u010dina te \u010daka"},"content":{"rendered":"","protected":false},"excerpt":{"rendered":"<p><strong>Naljepnica za kamper Adventure Awaits<\/strong> je sna\u017ena poruka koja utjelovljuje strast prema istra\u017eivanju i avanturi. Ovaj natpis predstavlja uzbu\u0111enje i o\u010dekivanje novog, nepoznatog i neo\u010dekivanog \u0161to nas \u010deka iza svakog zavoja na na\u0161em putovanju.<\/p>\n<p>Adventure Awaits simbolizira neprestanu potragu za novim iskustvima, mjestima, ljudima i pri\u010dama. To je podsjetnik da svijet oko nas nudi beskrajne mogu\u0107nosti za otkrivanje i u\u010denje, ako smo samo otvoreni za to. Ova naljepnica je tako\u0111er motivacijska izjava koja nas poti\u010de da iskoristimo svaki trenutak, bez obzira jesmo li na putu ili kod ku\u0107e. To je poziv na djelovanje, da iza\u0111emo iz svoje udobne zone, suo\u010dimo se s nepoznatim i do\u017eivimo sve \u0161to \u017eivot nudi.<\/p>\n<p>S naljepnicom za kamper Adventure Awaits na kamperu ili prikolici pokazujete svoju ljubav prema putovanju i avanturi, svoju strast prema istra\u017eivanju i svoju odlu\u010dnost da iskoristite svaki trenutak u \u017eivotu.<\/p>\n<ul>\n<li>Cijela izrada naljepnice je napravljena u Gogashopu<\/li>\n<li>Kvalitetna izrada naljepnice vi\u0161e kvalitete<\/li>\n<li>Kori\u0161tena vrhunska folija NJEMA\u010cKOG proizvo\u0111a\u010da<\/li>\n<li>Ne o\u0161te\u0107uje automobil i boje<\/li>\n<li>Otpornost na sve vremenske uvjete<\/li>\n<\/ul>\n<p><strong>U paketu dobivate:<\/strong><\/p>\n<ul>\n<li>\n","protected":false},"featured_media":18690,"template":"","meta":[],"product_brand":[],"product_cat":[1121,1345],"product_tag":[1363,1366,1367,1360,1361,1365,1063],"class_list":{"0":"post-18587","1":"product","2":"type-product","3":"status-publish","4":"has-post-thumbnail","6":"product_cat-avanturisticke","7":"product_cat-naljepnice-za-kamper","8":"product_tag-avanturisticke-naljepnice","9":"product_tag-naljepke-za-avanturiste","10":"product_tag-naljepke-za-kamper","11":"product_tag-naljepke-za-kampiranje","12":"product_tag-naljepke-za-prikolice","13":"product_tag-naljepnica-za-kamper","14":"product_tag-naljepnice-za-kampere","16":"first","17":"instock","18":"taxable","19":"shipping-taxable","20":"purchasable","21":"product-type-variable","22":"has-default-attributes"},"_links":{"self":[{"href":"https:\/\/gogashop.com\/hr\/wp-json\/wp\/v2\/product\/18587","targetHints":{"allow":["GET"]}}],"collection":[{"href":"https:\/\/gogashop.com\/hr\/wp-json\/wp\/v2\/product"}],"about":[{"href":"https:\/\/gogashop.com\/hr\/wp-json\/wp\/v2\/types\/product"}],"version-history":[{"count":1,"href":"https:\/\/gogashop.com\/hr\/wp-json\/wp\/v2\/product\/18587\/revisions"}],"predecessor-version":[{"id":18696,"href":"https:\/\/gogashop.com\/hr\/wp-json\/wp\/v2\/product\/18587\/revisions\/18696"}],"wp:featuredmedia":[{"embeddable":true,"href":"https:\/\/gogashop.com\/hr\/wp-json\/wp\/v2\/media\/18690"}],"wp:attachment":[{"href":"https:\/\/gogashop.com\/hr\/wp-json\/wp\/v2\/media?parent=18587"}],"wp:term":[{"taxonomy":"product_brand","embeddable":true,"href":"https:\/\/gogashop.com\/hr\/wp-json\/wp\/v2\/product_brand?post=18587"},{"taxonomy":"product_cat","embeddable":true,"href":"https:\/\/gogashop.com\/hr\/wp-json\/wp\/v2\/product_cat?post=18587"},{"taxonomy":"product_tag","embeddable":true,"href":"https:\/\/gogashop.com\/hr\/wp-json\/wp\/v2\/product_tag?post=18587"}],"curies":[{"name":"wp","href":"https:\/\/api.w.org\/{rel}","templated":true}]}}