{"id":17611,"date":"2023-07-03T22:30:53","date_gmt":"2023-07-03T22:30:53","guid":{"rendered":"https:\/\/gogashop.com\/hr\/?post_type=product&#038;p=17611"},"modified":"2024-01-30T11:13:52","modified_gmt":"2024-01-30T11:13:52","slug":"bojani-privremeni-tetovaza-cvijeta","status":"publish","type":"product","link":"https:\/\/gogashop.com\/hr\/bojani-privremeni-tetovaza-cvijeta\/","title":{"rendered":"Bojani privremeni tetova\u017ea cvijeta"},"content":{"rendered":"","protected":false},"excerpt":{"rendered":"<p>Prekrasan privremeni tetova\u017e s cvjetnim uzorkom, koji se vrlo jednostavno mo\u017ee zalijepiti na noge, le\u0111a, trbuh.<\/p>\n<p>Tetova\u017ea je dugotrajna.<\/p>\n<p><strong>U paketu dobivate:<\/strong><\/p>\n<ul>\n<li>1x Privremena tetova\u017ea<\/li>\n<\/ul>\n","protected":false},"featured_media":17676,"template":"","meta":[],"product_brand":[],"product_cat":[1168],"product_tag":[1181,1184],"class_list":{"0":"post-17611","1":"product","2":"type-product","3":"status-publish","4":"has-post-thumbnail","6":"product_cat-privremene-tetovaze","7":"product_tag-privremena-tetovaza","8":"product_tag-tetovaza","10":"first","11":"outofstock","12":"taxable","13":"shipping-taxable","14":"purchasable","15":"product-type-simple"},"_links":{"self":[{"href":"https:\/\/gogashop.com\/hr\/wp-json\/wp\/v2\/product\/17611","targetHints":{"allow":["GET"]}}],"collection":[{"href":"https:\/\/gogashop.com\/hr\/wp-json\/wp\/v2\/product"}],"about":[{"href":"https:\/\/gogashop.com\/hr\/wp-json\/wp\/v2\/types\/product"}],"version-history":[{"count":1,"href":"https:\/\/gogashop.com\/hr\/wp-json\/wp\/v2\/product\/17611\/revisions"}],"predecessor-version":[{"id":17677,"href":"https:\/\/gogashop.com\/hr\/wp-json\/wp\/v2\/product\/17611\/revisions\/17677"}],"wp:featuredmedia":[{"embeddable":true,"href":"https:\/\/gogashop.com\/hr\/wp-json\/wp\/v2\/media\/17676"}],"wp:attachment":[{"href":"https:\/\/gogashop.com\/hr\/wp-json\/wp\/v2\/media?parent=17611"}],"wp:term":[{"taxonomy":"product_brand","embeddable":true,"href":"https:\/\/gogashop.com\/hr\/wp-json\/wp\/v2\/product_brand?post=17611"},{"taxonomy":"product_cat","embeddable":true,"href":"https:\/\/gogashop.com\/hr\/wp-json\/wp\/v2\/product_cat?post=17611"},{"taxonomy":"product_tag","embeddable":true,"href":"https:\/\/gogashop.com\/hr\/wp-json\/wp\/v2\/product_tag?post=17611"}],"curies":[{"name":"wp","href":"https:\/\/api.w.org\/{rel}","templated":true}]}}