{"id":17607,"date":"2023-07-03T22:30:53","date_gmt":"2023-07-03T22:30:53","guid":{"rendered":"https:\/\/gogashop.com\/hr\/?post_type=product&#038;p=17607"},"modified":"2024-01-30T11:13:52","modified_gmt":"2024-01-30T11:13:52","slug":"bojani-privremeni-tetovaz","status":"publish","type":"product","link":"https:\/\/gogashop.com\/hr\/bojani-privremeni-tetovaz\/","title":{"rendered":"Bojani privremeni tetova\u017e"},"content":{"rendered":"","protected":false},"excerpt":{"rendered":"<p>Prekrasna privremena tetova\u017ea premium kvalitete s bojama, izgleda predivno na svakoj \u017eeni. Mo\u017eete je zalijepiti na svoj omiljeni dio tijela.<\/p>\n<p>U tetova\u017ei su dvije boje vrtnice. Mo\u017eete zalijepiti svaki cvijet na drugi dio tijela ili zajedno.<\/p>\n<p>Veli\u010dina: 19 cm x 19 cm<\/p>\n<p><strong>U paketu dobivate:<\/strong><\/p>\n<ul>\n<li>1x Privremena tetova\u017ea &#8211; bojena<\/li>\n<\/ul>\n","protected":false},"featured_media":17668,"template":"","meta":[],"product_brand":[],"product_cat":[1168],"product_tag":[],"class_list":{"0":"post-17607","1":"product","2":"type-product","3":"status-publish","4":"has-post-thumbnail","6":"product_cat-privremene-tetovaze","8":"first","9":"outofstock","10":"taxable","11":"shipping-taxable","12":"purchasable","13":"product-type-simple"},"_links":{"self":[{"href":"https:\/\/gogashop.com\/hr\/wp-json\/wp\/v2\/product\/17607","targetHints":{"allow":["GET"]}}],"collection":[{"href":"https:\/\/gogashop.com\/hr\/wp-json\/wp\/v2\/product"}],"about":[{"href":"https:\/\/gogashop.com\/hr\/wp-json\/wp\/v2\/types\/product"}],"version-history":[{"count":1,"href":"https:\/\/gogashop.com\/hr\/wp-json\/wp\/v2\/product\/17607\/revisions"}],"predecessor-version":[{"id":17669,"href":"https:\/\/gogashop.com\/hr\/wp-json\/wp\/v2\/product\/17607\/revisions\/17669"}],"wp:featuredmedia":[{"embeddable":true,"href":"https:\/\/gogashop.com\/hr\/wp-json\/wp\/v2\/media\/17668"}],"wp:attachment":[{"href":"https:\/\/gogashop.com\/hr\/wp-json\/wp\/v2\/media?parent=17607"}],"wp:term":[{"taxonomy":"product_brand","embeddable":true,"href":"https:\/\/gogashop.com\/hr\/wp-json\/wp\/v2\/product_brand?post=17607"},{"taxonomy":"product_cat","embeddable":true,"href":"https:\/\/gogashop.com\/hr\/wp-json\/wp\/v2\/product_cat?post=17607"},{"taxonomy":"product_tag","embeddable":true,"href":"https:\/\/gogashop.com\/hr\/wp-json\/wp\/v2\/product_tag?post=17607"}],"curies":[{"name":"wp","href":"https:\/\/api.w.org\/{rel}","templated":true}]}}