{"id":17368,"date":"2023-07-03T22:28:07","date_gmt":"2023-07-03T22:28:07","guid":{"rendered":"https:\/\/gogashop.com\/hr\/?post_type=product&#038;p=17368"},"modified":"2023-07-03T22:28:37","modified_gmt":"2023-07-03T22:28:37","slug":"privremena-tetovaza-tigar-s-simbolom-duginog-zivota","status":"publish","type":"product","link":"https:\/\/gogashop.com\/hr\/privremena-tetovaza-tigar-s-simbolom-duginog-zivota\/","title":{"rendered":"Privremena tetova\u017ea &#8211; tigar s simbolom duginog \u017eivota"},"content":{"rendered":"","protected":false},"excerpt":{"rendered":"<p>Privremena tetova\u017ea \u0107e biti odli\u010dna za sve koji \u017eele putem privremene tetova\u017ee prikazati poruku drugima, u\u010diniti se privla\u010dnijima ili samo isprobati kako bi prava tetova\u017ea izgledala na vama.<\/p>\n<p>Tetova\u017ea je vrlo kvalitetna i vodootporna, \u0161to \u0107e osigurati dugotrajnost. Privremene tetova\u017ee izra\u0111ene su od kvalitetnih materijala koji su prijateljski prema ko\u017ei i va\u0161em tijelu.<\/p>\n<p>Tetova\u017eu mo\u017eete zalijepiti na bilo koji dio va\u0161eg tijela na ko\u017eu u samo nekoliko sekundi.<\/p>\n<p>Veli\u010dina naljepnice za tetova\u017eu: 21 cm x 15 cm<\/p>\n<p><strong>U paketu dobivate:<\/strong><\/p>\n<ul>\n<li>1x privremena tetova\u017ea<\/li>\n<\/ul>\n","protected":false},"featured_media":17427,"template":"","meta":[],"product_brand":[],"product_cat":[1168],"product_tag":[1181,1171],"class_list":{"0":"post-17368","1":"product","2":"type-product","3":"status-publish","4":"has-post-thumbnail","6":"product_cat-privremene-tetovaze","7":"product_tag-privremena-tetovaza","8":"product_tag-privremene-tetovaze","10":"first","11":"outofstock","12":"taxable","13":"shipping-taxable","14":"purchasable","15":"product-type-simple"},"_links":{"self":[{"href":"https:\/\/gogashop.com\/hr\/wp-json\/wp\/v2\/product\/17368","targetHints":{"allow":["GET"]}}],"collection":[{"href":"https:\/\/gogashop.com\/hr\/wp-json\/wp\/v2\/product"}],"about":[{"href":"https:\/\/gogashop.com\/hr\/wp-json\/wp\/v2\/types\/product"}],"version-history":[{"count":1,"href":"https:\/\/gogashop.com\/hr\/wp-json\/wp\/v2\/product\/17368\/revisions"}],"predecessor-version":[{"id":17428,"href":"https:\/\/gogashop.com\/hr\/wp-json\/wp\/v2\/product\/17368\/revisions\/17428"}],"wp:featuredmedia":[{"embeddable":true,"href":"https:\/\/gogashop.com\/hr\/wp-json\/wp\/v2\/media\/17427"}],"wp:attachment":[{"href":"https:\/\/gogashop.com\/hr\/wp-json\/wp\/v2\/media?parent=17368"}],"wp:term":[{"taxonomy":"product_brand","embeddable":true,"href":"https:\/\/gogashop.com\/hr\/wp-json\/wp\/v2\/product_brand?post=17368"},{"taxonomy":"product_cat","embeddable":true,"href":"https:\/\/gogashop.com\/hr\/wp-json\/wp\/v2\/product_cat?post=17368"},{"taxonomy":"product_tag","embeddable":true,"href":"https:\/\/gogashop.com\/hr\/wp-json\/wp\/v2\/product_tag?post=17368"}],"curies":[{"name":"wp","href":"https:\/\/api.w.org\/{rel}","templated":true}]}}