{"id":14402,"date":"2022-10-27T20:33:17","date_gmt":"2022-10-27T20:33:17","guid":{"rendered":"https:\/\/gogashop.com\/hr\/?post_type=product&#038;p=14402"},"modified":"2023-01-21T11:54:57","modified_gmt":"2023-01-21T11:54:57","slug":"kadulja-za-dobro-raspolozenje","status":"publish","type":"product","link":"https:\/\/gogashop.com\/hr\/kadulja-za-dobro-raspolozenje\/","title":{"rendered":"Kadulja za dobro raspolo\u017eenje"},"content":{"rendered":"<p><span style=\"font-weight: 400;\">Da li ste znali da su va\u0161e dobre vibracije, odnosno va\u0161e visoke vibracije klju\u010dna stvar za \u017eivot o kome ste oduvijek sanjali? Vi ste sami odgovorni za to kakav \u0107ete \u017eivot \u017eivjeti odnosno kakva \u0107ete iskustva privla\u010diti i manifestirati u vlastiti \u017eivot.\u00a0<\/span><\/p>\n<p><span style=\"font-weight: 400;\">Vi, va\u0161e misli i va\u0161a najdublja uvjerenja utje\u010du na to kako \u0107ete se osje\u0107ati u datom trenutku. Ako su va\u0161e misli lo\u0161e i negativne, ako vjerujete da \u0107e vam se lo\u0161e i negativne stvati de\u0161avati u budu\u0107nosti, to \u0107e utjecati na to da se vi sami lo\u0161e osje\u0107ate. A kada se lo\u0161e osje\u0107ate, u tim trenucima, va\u0161a je vibracija niska, \u0161to zna\u010di da \u0107ete sa tom niskom vibracijom privla\u010diti u svoj \u017eivot iskustva koja ne \u017eelite.\u00a0<\/span><\/p>\n<p><span style=\"font-weight: 400;\">Ukoliko su va\u0161e misli lijepe i pozitivne, ako su va\u0161a uvjerenja isto takva, dakle ukoliko vjerujete da mo\u017eete u budu\u0107nosti iskusiti stvari o kojima ma\u0161tate, vi \u0107ete se osje\u0107ati bolje. Kada imate dobru i visoku vibraciju uz pomo\u0107 nje \u0107ete privu\u0107i sve lijepe stvari kojima se nadate, koje \u017eelite i o kojima svakodnevno ma\u0161tate.\u00a0<\/span><\/p>\n<p><span style=\"font-weight: 400;\">Mnogi od nas ne uspjevaju posti\u0107i visoku vibraciju zbog mnogobrojnih faktora. Neki imaju probleme na poslu, neke mu\u010de financije pa se zbog toga i osje\u0107aju lo\u0161e, a neki imaju probleme sa zdravljem pa se i zbog osje\u0107aju lo\u0161e. Razloga za osje\u0107ati se lo\u0161e ima mnogo, a kada se osije\u0107amo lo\u0161e, na\u0161a je vibracija sve ni\u017ea i ni\u017ea.\u00a0<\/span><\/p>\n<p><span style=\"font-weight: 400;\">Da li je mogu\u0107e posti\u0107i dobru i visoku vibraciju, bez obzira na probleme koje svakodnevno pro\u017eivljavamo? Mogu\u0107e je! I da bismo to postigli, mo\u017eemo koristiti jedno prirodno pomagalo a to je svje\u017eanj suhog li\u0161\u0107a kadulje za dobro raspolo\u017eenje i dobre vibracije.\u00a0<\/span><\/p>\n<p><span style=\"font-weight: 400;\">Kadulja za dobro raspolo\u017eenje je fantasti\u010dna stvar za sve vas koji se trenuta\u010dno ne osje\u0107ate ba\u0161 najbolje. Ono \u0161to trebate u\u010diniti je upaliti svje\u017eanj kadulje za dobro raspolo\u017eenje i upaljenim sve\u017enjem oplemeniti va\u0161 \u017eivotni prostor.\u00a0<\/span><\/p>\n<p><span style=\"font-weight: 400;\">Upaljeni sve\u017eanj kadulje za dobro raspolo\u017eenje ispu\u0161ta dim koji \u0107e eliminirat nakupljene negativne emocije i negativne energije kao \u0161to su stres, strah, osije\u0107aj bespomo\u0107nosti, brige, nervoze\u2026 Sve \u0107e to biti eliminirano pomo\u0107u dima ove kadulje za dobro raspolo\u017eenje.\u00a0<\/span><\/p>\n<p><span style=\"font-weight: 400;\">Nakon \u0161to prvi put upalite kadulju za dobro raspolo\u017eenje i dobre vibracije, primjetit \u0107ete olak\u0161anje unutar va\u0161eg bi\u0107a. Osjetit \u0107ete kao da vam je neko skinuo ogroman teret sa du\u0161e. To olak\u0161anje koje \u0107ete osjetiti, izazvati \u0107e lavinu pozitivnih osije\u0107anja kod vas.\u00a0<\/span><\/p>\n<p><span style=\"font-weight: 400;\">Osjetiti \u0107ete mir, opu\u0161tenost, spokoj\u2026 Va\u0161e \u0107e misli postati mirnije i stalo\u017eenije, a tim pozitivnim mislima i pozitivnim emocijama, va\u0161a \u0107e se vibracija tako\u0111er pove\u0107ati.\u00a0<\/span><\/p>\n<p><span style=\"font-weight: 400;\">Nakon samo jednog prakticiranja ovog rituala osjetiti \u0107ete rast vibracije \u0161to \u0107e dalje dovesti do toga da \u0107ete, vibriraju\u0107i tako visoko, krenuti privla\u010diti lijepe i pozitivne stvari i iskustva u va\u0161 \u017eivot. <\/span><\/p>\n","protected":false},"excerpt":{"rendered":"<p style=\"text-align: left;\">Kadulja za dobro raspolo\u017eenje odli\u010dna je za \u010di\u0161\u0107enje<span> ne samo \u017eivotne sredine, nego i uma sa svim njezinim mislima. <\/span><\/p>\n<p style=\"text-align: left;\"><span>Bijela kadulja za dobro raspolo\u017eenje ima prodoran i ljuti miris. <\/span><span>Znanstvena istra\u017eivanja su pokazala da se 94% bakterija u prostoriji razgradi nakon spaljivanja ove biljke.<\/span><\/p>\n<p>Kadulja za dobro raspolo\u017eenje dolazi u kombinaciji sa prekrasnim cvijeti\u0107ima tratin\u010dica koje poma\u017eu u uklanjanju negativnih energija iz du\u0161e, tijela, uma i prostora.<\/p>\n<p><strong>Paket sadr\u017ei:\u00a0<\/strong><\/p>\n<p>1 x Kadulja za dobro raspolo\u017eenje<span style=\"font-weight: 400;\">\u00a0<\/span><span style=\"font-weight: 400;\">(10 cm )\u00a0<\/span><\/p>\n<p>&nbsp;<\/p>\n","protected":false},"featured_media":14404,"template":"","meta":[],"product_brand":[],"product_cat":[1129,804],"product_tag":[844],"class_list":{"0":"post-14402","1":"product","2":"type-product","3":"status-publish","4":"has-post-thumbnail","6":"product_cat-svezanj-za-kadenje","7":"product_cat-ezoterija","8":"product_tag-bijela-i-crna-kadulja","10":"first","11":"instock","12":"taxable","13":"shipping-taxable","14":"purchasable","15":"product-type-simple"},"_links":{"self":[{"href":"https:\/\/gogashop.com\/hr\/wp-json\/wp\/v2\/product\/14402","targetHints":{"allow":["GET"]}}],"collection":[{"href":"https:\/\/gogashop.com\/hr\/wp-json\/wp\/v2\/product"}],"about":[{"href":"https:\/\/gogashop.com\/hr\/wp-json\/wp\/v2\/types\/product"}],"version-history":[{"count":0,"href":"https:\/\/gogashop.com\/hr\/wp-json\/wp\/v2\/product\/14402\/revisions"}],"wp:featuredmedia":[{"embeddable":true,"href":"https:\/\/gogashop.com\/hr\/wp-json\/wp\/v2\/media\/14404"}],"wp:attachment":[{"href":"https:\/\/gogashop.com\/hr\/wp-json\/wp\/v2\/media?parent=14402"}],"wp:term":[{"taxonomy":"product_brand","embeddable":true,"href":"https:\/\/gogashop.com\/hr\/wp-json\/wp\/v2\/product_brand?post=14402"},{"taxonomy":"product_cat","embeddable":true,"href":"https:\/\/gogashop.com\/hr\/wp-json\/wp\/v2\/product_cat?post=14402"},{"taxonomy":"product_tag","embeddable":true,"href":"https:\/\/gogashop.com\/hr\/wp-json\/wp\/v2\/product_tag?post=14402"}],"curies":[{"name":"wp","href":"https:\/\/api.w.org\/{rel}","templated":true}]}}