{"id":14186,"date":"2022-10-07T22:59:40","date_gmt":"2022-10-07T22:59:40","guid":{"rendered":"https:\/\/gogashop.com\/hr\/?post_type=product&#038;p=14186"},"modified":"2024-06-04T23:43:33","modified_gmt":"2024-06-04T23:43:33","slug":"naljepnica-za-auto-tiktok-log-in-username","status":"publish","type":"product","link":"https:\/\/gogashop.com\/hr\/naljepnica-za-auto-tiktok-log-in-username\/","title":{"rendered":"Naljepnica za auto TikTok log in username"},"content":{"rendered":"","protected":false},"excerpt":{"rendered":"<p>Naljepnica za auto TikTok log in username odli\u010dna je naljepnica za sve koji koriste TikTok i koji \u017eele biti prepoznatljivi na svakom koraku.<\/p>\n<p>Ova prekrasna naljepnica za auto TikTok sav\u0161eno \u0107e pristajati svakom automobilu, a vrlo ju je va\u017eno pozicionirati na podru\u010dje gdje \u0107e biti uo\u010dljiva i gdje \u0107e ju ba\u0161 svi ugledati i zapamtiti Va\u0161 Tik Tok profil.<\/p>\n<p>Ova naljepnica za auto mora se personalizirati ovisno o Va\u0161em korisni\u010dkom imenu, a sve \u0161to trebate je u prostor za personalizaciju upisati svoje korisni\u010dko ime odnosno username i dobiti \u0107ete personaliziranu naljepnicu za auto sa Va\u0161im korisni\u010dkim imenom.<\/p>\n<p>Personalizirani pokloni najbolj su, stoga poklonite sebi i prijateljima ove prekrasne personalizirane naljepnice za auto TikTok username log in.<\/p>\n","protected":false},"featured_media":14199,"template":"","meta":[],"product_brand":[],"product_cat":[374,1119,1138],"product_tag":[1017,375,1016,1011],"class_list":{"0":"post-14186","1":"product","2":"type-product","3":"status-publish","4":"has-post-thumbnail","6":"product_cat-naljepnice-za-auto","7":"product_cat-natpisi-i-citati","8":"product_cat-drustvene-mreze","9":"product_tag-instagram-log-in","10":"product_tag-naljepnice-za-auto","11":"product_tag-personalizirane-naljepnice","12":"product_tag-personalizirani-pokloni","14":"first","15":"instock","16":"taxable","17":"shipping-taxable","18":"purchasable","19":"product-type-variable","20":"has-default-attributes"},"_links":{"self":[{"href":"https:\/\/gogashop.com\/hr\/wp-json\/wp\/v2\/product\/14186","targetHints":{"allow":["GET"]}}],"collection":[{"href":"https:\/\/gogashop.com\/hr\/wp-json\/wp\/v2\/product"}],"about":[{"href":"https:\/\/gogashop.com\/hr\/wp-json\/wp\/v2\/types\/product"}],"version-history":[{"count":0,"href":"https:\/\/gogashop.com\/hr\/wp-json\/wp\/v2\/product\/14186\/revisions"}],"wp:featuredmedia":[{"embeddable":true,"href":"https:\/\/gogashop.com\/hr\/wp-json\/wp\/v2\/media\/14199"}],"wp:attachment":[{"href":"https:\/\/gogashop.com\/hr\/wp-json\/wp\/v2\/media?parent=14186"}],"wp:term":[{"taxonomy":"product_brand","embeddable":true,"href":"https:\/\/gogashop.com\/hr\/wp-json\/wp\/v2\/product_brand?post=14186"},{"taxonomy":"product_cat","embeddable":true,"href":"https:\/\/gogashop.com\/hr\/wp-json\/wp\/v2\/product_cat?post=14186"},{"taxonomy":"product_tag","embeddable":true,"href":"https:\/\/gogashop.com\/hr\/wp-json\/wp\/v2\/product_tag?post=14186"}],"curies":[{"name":"wp","href":"https:\/\/api.w.org\/{rel}","templated":true}]}}