{"id":13428,"date":"2022-09-17T18:51:15","date_gmt":"2022-09-17T18:51:15","guid":{"rendered":"https:\/\/gogashop.com\/hr\/?post_type=product&#038;p=13428"},"modified":"2024-01-30T11:23:04","modified_gmt":"2024-01-30T11:23:04","slug":"naljepnice-za-auto-ljuti-lav","status":"publish","type":"product","link":"https:\/\/gogashop.com\/hr\/naljepnice-za-auto-ljuti-lav\/","title":{"rendered":"Naljepnice za auto LJUTI LAV"},"content":{"rendered":"<p><strong>Specifikacije:<\/strong><\/p>\n<ul>\n<li>Gogashop izra\u0111uje naljepnice iz priznate folije njema\u010dkog proizvo\u0111a\u010da koja ne o\u0161te\u0107uje, ve\u0107 \u0161titi boju na va\u0161em automobilu.<\/li>\n<li>izuzetno lijepe grafi\u010dne pripreme i motivi proizlaze iz kreativnosti na\u0161ega grafi\u010dnog dizajnera<\/li>\n<li>Naljepnica za auto dolazi u pakiranju za jednostavno i zabavno postavljanje\u00a0 na auto<\/li>\n<\/ul>\n","protected":false},"excerpt":{"rendered":"<p>Naljepnice za auto moderno su dizajnirane i prilagoditi \u0107e se svakom djelu Va\u0161eg automobila.<\/p>\n<p>Ova prekrasna naljepnica za auto sadr\u017ei prekrasnog lava, a naljepnica \u0107e savr\u0161eno prekriti sve nedostatke i o\u0161te\u0107enja na Va\u0161em automobilu ukoliko ih ima.<\/p>\n<p>Savr\u0161en dodatak za svaki automobil upravo su ove zabavne naljepnice za auto koje \u0107e za\u0161titit i o\u010duvati boju na va\u0161em automobilu.<\/p>\n<p>Naljepnice za auto LJUTI LAV savr\u0161en su poklon svima koji \u017eele biti jedinstveni.<\/p>\n<p><strong>Paket sadr\u017ei:<\/strong><\/p>\n<p>1 x Naljepnice za auto LJUTI LAV<\/p>\n","protected":false},"featured_media":13430,"template":"","meta":[],"product_brand":[],"product_cat":[374],"product_tag":[1108,376],"class_list":{"0":"post-13428","1":"product","2":"type-product","3":"status-publish","4":"has-post-thumbnail","6":"product_cat-naljepnice-za-auto","7":"product_tag-kralj-zivotinja","8":"product_tag-naljepnica-za-auto","10":"first","11":"instock","12":"taxable","13":"shipping-taxable","14":"purchasable","15":"product-type-variable","16":"has-default-attributes"},"_links":{"self":[{"href":"https:\/\/gogashop.com\/hr\/wp-json\/wp\/v2\/product\/13428","targetHints":{"allow":["GET"]}}],"collection":[{"href":"https:\/\/gogashop.com\/hr\/wp-json\/wp\/v2\/product"}],"about":[{"href":"https:\/\/gogashop.com\/hr\/wp-json\/wp\/v2\/types\/product"}],"version-history":[{"count":0,"href":"https:\/\/gogashop.com\/hr\/wp-json\/wp\/v2\/product\/13428\/revisions"}],"wp:featuredmedia":[{"embeddable":true,"href":"https:\/\/gogashop.com\/hr\/wp-json\/wp\/v2\/media\/13430"}],"wp:attachment":[{"href":"https:\/\/gogashop.com\/hr\/wp-json\/wp\/v2\/media?parent=13428"}],"wp:term":[{"taxonomy":"product_brand","embeddable":true,"href":"https:\/\/gogashop.com\/hr\/wp-json\/wp\/v2\/product_brand?post=13428"},{"taxonomy":"product_cat","embeddable":true,"href":"https:\/\/gogashop.com\/hr\/wp-json\/wp\/v2\/product_cat?post=13428"},{"taxonomy":"product_tag","embeddable":true,"href":"https:\/\/gogashop.com\/hr\/wp-json\/wp\/v2\/product_tag?post=13428"}],"curies":[{"name":"wp","href":"https:\/\/api.w.org\/{rel}","templated":true}]}}