{"id":13086,"date":"2022-09-11T12:05:16","date_gmt":"2022-09-11T12:05:16","guid":{"rendered":"https:\/\/gogashop.com\/hr\/?post_type=product&#038;p=13086"},"modified":"2023-03-12T23:19:28","modified_gmt":"2023-03-12T23:19:28","slug":"privjesci-za-kljuceve-pinky-promise-safe-and-wild","status":"publish","type":"product","link":"https:\/\/gogashop.com\/hr\/privjesci-za-kljuceve-pinky-promise-safe-and-wild\/","title":{"rendered":"Privjesci za klju\u010deve pinky promise SAFE and WILD"},"content":{"rendered":"<p>Privjesci za klju\u010deve &#8220;pinky promise&#8221; su posebno dizajnirani privjesci za klju\u010deve za parove koji imaju zna\u010denje prijateljstva i obe\u0107anja. Ovi privjesci su obi\u010dno izra\u0111eni od metala.<\/p>\n<p>Ova vrsta privjeska za klju\u010deve simbolizira obe\u0107anje izme\u0111u dvoje ljudi, u ovom slu\u010daju parova, da \u0107e ostati zajedno i da \u0107e ostati vjerni jedno drugome. Pinky promise simbolizira prijateljstvo i ozbiljnost obe\u0107anja.<\/p>\n<p>Ovi privjesci su idealni poklon za parove koji \u017eele pokazati svoju predanost jedno drugome. Mogu biti idealni poklon za razli\u010dite prigode poput godi\u0161njice, ro\u0111endana, Valentinova ili bilo kojeg drugog posebnog doga\u0111aja. Ovi privjesci mogu biti izra\u0111eni od razli\u010ditih materijala, poput metala, ko\u017ee ili akrila, te se mogu personalizirati s imenima, inicijalima ili datumom.<\/p>\n<p>Osim \u0161to su simboli\u010dni i personalizirani, ovi privjesci su prakti\u010dni i korisni. Poma\u017eu u organizaciji klju\u010deva i olak\u0161avaju pronala\u017eenje pravog klju\u010da.<\/p>\n<p>Ukratko, privjesci za klju\u010deve &#8220;pinky promise&#8221; su posebno dizajnirani privjesci za klju\u010deve za parove s simbolikom prijateljstva i obe\u0107anja. Ovi privjesci su idealni poklon za parove koji \u017eele pokazati svoju predanost jedno drugome i mogu biti personalizirani s imenima, inicijalima ili datumom. Osim \u0161to su simboli\u010dni i personalizirani, ovi privjesci su prakti\u010dni i korisni u organizaciji klju\u010deva<\/p>\n","protected":false},"excerpt":{"rendered":"<p>Privjesci za klju\u010deve pinky promise SAFE and WILD prekrasni su privjesci s prekrasnim natpisom koji savr\u0161eno opisuje ljubav i oba\u0107anje koje si daju dvije osobe.<\/p>\n<p>Privjesci za klju\u010deve pinky promise dolaze u kompletu od dva privjeska od kojih je jedan s natpison <strong>I WILL KEEP YOU SAFE<\/strong>, a drugi privjesak ima natpis <strong>I WILL KEEP YOU WILD<\/strong>!<\/p>\n<p>Privjeske za klju\u010deve mo\u017eete i dodatno personalizirati odnosno mo\u017eete odabrati boju samog privjeska ovisno o boji koju volite vi i va\u0161 partner.<\/p>\n<p>Iznenadite svoju voljenu osobu te joj poklonite ovaj savr\u0161en privjesak za klju\u010deve koji \u0107e je uvijek podsije\u0107ati na Vas i na Va\u0161u ljubav!<\/p>\n<p><strong>Material:<\/strong> Nehr\u0111aju\u0107i \u010delik<\/p>\n<p><strong>Veli\u010dina privjeska za klju\u010deve:<\/strong>\u00a05,2 cm x 2,2 cm<\/p>\n<p><strong>Ukupna du\u017eina privjeska za klju\u010deve: <\/strong>\u00a012 cm<\/p>\n<p><strong>Paket uklju\u010duje:<\/strong><\/p>\n<ul>\n<li>1 x\u00a0 privjesak za klju\u010deve I WILL KEEP YOU SAFE<\/li>\n<li>1 x\u00a0 privjesak za klju\u010deve I WILL KEEP YOU WILD<\/li>\n<\/ul>\n<p>&nbsp;<\/p>\n","protected":false},"featured_media":13093,"template":"","meta":[],"product_brand":[],"product_cat":[98],"product_tag":[1102,1090],"class_list":{"0":"post-13086","1":"product","2":"type-product","3":"status-publish","4":"has-post-thumbnail","6":"product_cat-privjesci-za-kljuceve","7":"product_tag-privjesci-za-kljuceve","8":"product_tag-unikatni-pokloni","10":"first","11":"instock","12":"taxable","13":"shipping-taxable","14":"purchasable","15":"product-type-variable","16":"has-default-attributes"},"_links":{"self":[{"href":"https:\/\/gogashop.com\/hr\/wp-json\/wp\/v2\/product\/13086","targetHints":{"allow":["GET"]}}],"collection":[{"href":"https:\/\/gogashop.com\/hr\/wp-json\/wp\/v2\/product"}],"about":[{"href":"https:\/\/gogashop.com\/hr\/wp-json\/wp\/v2\/types\/product"}],"version-history":[{"count":2,"href":"https:\/\/gogashop.com\/hr\/wp-json\/wp\/v2\/product\/13086\/revisions"}],"predecessor-version":[{"id":16793,"href":"https:\/\/gogashop.com\/hr\/wp-json\/wp\/v2\/product\/13086\/revisions\/16793"}],"wp:featuredmedia":[{"embeddable":true,"href":"https:\/\/gogashop.com\/hr\/wp-json\/wp\/v2\/media\/13093"}],"wp:attachment":[{"href":"https:\/\/gogashop.com\/hr\/wp-json\/wp\/v2\/media?parent=13086"}],"wp:term":[{"taxonomy":"product_brand","embeddable":true,"href":"https:\/\/gogashop.com\/hr\/wp-json\/wp\/v2\/product_brand?post=13086"},{"taxonomy":"product_cat","embeddable":true,"href":"https:\/\/gogashop.com\/hr\/wp-json\/wp\/v2\/product_cat?post=13086"},{"taxonomy":"product_tag","embeddable":true,"href":"https:\/\/gogashop.com\/hr\/wp-json\/wp\/v2\/product_tag?post=13086"}],"curies":[{"name":"wp","href":"https:\/\/api.w.org\/{rel}","templated":true}]}}