{"id":13054,"date":"2022-09-10T17:09:22","date_gmt":"2022-09-10T17:09:22","guid":{"rendered":"https:\/\/gogashop.com\/hr\/?post_type=product&#038;p=13054"},"modified":"2024-01-30T11:30:06","modified_gmt":"2024-01-30T11:30:06","slug":"privjesci-za-kljuceve-king-and-queen","status":"publish","type":"product","link":"https:\/\/gogashop.com\/hr\/privjesci-za-kljuceve-king-and-queen\/","title":{"rendered":"Privjesci za klju\u010deve KING and QUEEN"},"content":{"rendered":"","protected":false},"excerpt":{"rendered":"<p>Privjesci za klju\u010deve KING and QUEEN predivni su privjesci za parove i voljene osobe koje \u017eele uvijek sa sobom imati prekrasan komad privjeska koji \u0107e ju podsije\u0107ati na svoju voljenu osobu.<\/p>\n<p>Privjesci za klju\u010deve vrlo su elegantni i moderno dizajnirani, a jedan je privjesak namijenjen za \u017eensku, a drugi privjesak za mu\u0161ku osobu.<\/p>\n<p>Poka\u017eite voljenoj osobi koliko Vam zna\u010di. Poka\u017eite da je ona Va\u0161a kraljica, a on Va\u0161 kralj te poklonite unikatni poklon i budite uvijek u mislima zajedno.<\/p>\n<p><strong>Material:<\/strong> Nehr\u0111aju\u0107i \u010delik<\/p>\n<p><strong>Veli\u010dina privjeska za klju\u010deve:<\/strong>\u00a05,2 cm x 2,2 cm<\/p>\n<p><strong>Ukupna du\u017eina privjeska za klju\u010deve: <\/strong>\u00a012 cm<\/p>\n<p><strong>Paket uklju\u010duje:<\/strong><\/p>\n<ul>\n<li>1 x\u00a0 privjesak za klju\u010deve MY KING<\/li>\n<li>1 x\u00a0 privjesak za klju\u010deve MY QUEEN<\/li>\n<\/ul>\n<p>&nbsp;<\/p>\n","protected":false},"featured_media":13059,"template":"","meta":[],"product_brand":[],"product_cat":[98],"product_tag":[1102,1090],"class_list":{"0":"post-13054","1":"product","2":"type-product","3":"status-publish","4":"has-post-thumbnail","6":"product_cat-privjesci-za-kljuceve","7":"product_tag-privjesci-za-kljuceve","8":"product_tag-unikatni-pokloni","10":"first","11":"instock","12":"taxable","13":"shipping-taxable","14":"purchasable","15":"product-type-variable","16":"has-default-attributes"},"_links":{"self":[{"href":"https:\/\/gogashop.com\/hr\/wp-json\/wp\/v2\/product\/13054","targetHints":{"allow":["GET"]}}],"collection":[{"href":"https:\/\/gogashop.com\/hr\/wp-json\/wp\/v2\/product"}],"about":[{"href":"https:\/\/gogashop.com\/hr\/wp-json\/wp\/v2\/types\/product"}],"version-history":[{"count":0,"href":"https:\/\/gogashop.com\/hr\/wp-json\/wp\/v2\/product\/13054\/revisions"}],"wp:featuredmedia":[{"embeddable":true,"href":"https:\/\/gogashop.com\/hr\/wp-json\/wp\/v2\/media\/13059"}],"wp:attachment":[{"href":"https:\/\/gogashop.com\/hr\/wp-json\/wp\/v2\/media?parent=13054"}],"wp:term":[{"taxonomy":"product_brand","embeddable":true,"href":"https:\/\/gogashop.com\/hr\/wp-json\/wp\/v2\/product_brand?post=13054"},{"taxonomy":"product_cat","embeddable":true,"href":"https:\/\/gogashop.com\/hr\/wp-json\/wp\/v2\/product_cat?post=13054"},{"taxonomy":"product_tag","embeddable":true,"href":"https:\/\/gogashop.com\/hr\/wp-json\/wp\/v2\/product_tag?post=13054"}],"curies":[{"name":"wp","href":"https:\/\/api.w.org\/{rel}","templated":true}]}}