{"id":13042,"date":"2022-09-10T12:34:11","date_gmt":"2022-09-10T12:34:11","guid":{"rendered":"https:\/\/gogashop.com\/hr\/?post_type=product&#038;p=13042"},"modified":"2024-01-30T11:32:27","modified_gmt":"2024-01-30T11:32:27","slug":"privjesci-za-kljuceve-pinky-promise","status":"publish","type":"product","link":"https:\/\/gogashop.com\/hr\/privjesci-za-kljuceve-pinky-promise\/","title":{"rendered":"Privjesci za klju\u010deve Pinky promise"},"content":{"rendered":"","protected":false},"excerpt":{"rendered":"<p>Privjesci za klju\u010deve Pinky promise najbolji su poklon za svaku voljenu osobu.<\/p>\n<p>Ovi privjesci za klju\u010deve Pinky promise namijenjeni su svim parovima koji se vole i \u017eele zavijek biti zajedno.<\/p>\n<p>Privjesci za klju\u010deve Pinky promise dolaze u kompletu od 2 privjeska, jedan je dizajniran za mu\u0161ku polovicu, a drugi je za \u017eensku polovicu.<\/p>\n<p>Prilikom darivanja privjesaka za klju\u010deve vrlo je bitno da si me\u0111usobno izrazite osije\u0107aje i da si obe\u0107ate zajedni\u0161tvo i ljubav kao \u0161to simbol pinky promise nala\u017ee.<\/p>\n<p>Poklonite svojoj boljoj polovici personaliziran i unikatan poklon te budite uvijek zajedno pa\u010daki u mislima.<\/p>\n<p><strong>Material:<\/strong> Nehr\u0111aju\u0107i \u010delik<\/p>\n<p><strong>Veli\u010dina privjeska za klju\u010deve:<\/strong>\u00a05,2 cm x 2,2 cm<\/p>\n<p><strong>Ukupna du\u017eina privjeska za klju\u010deve: <\/strong>\u00a012 cm<\/p>\n<p><strong>Paket uklju\u010duje:<\/strong><\/p>\n<ul>\n<li>1 x\u00a0 privjesak za klju\u010deve <strong>He\u2019s mine forever. We pinky promised. + personalizacija<\/strong><\/li>\n<li>1 x\u00a0 privjesak za klju\u010deve\u00a0<strong>She\u2019s mine forever. We pinky promised. + personalizacija<\/strong><\/li>\n<\/ul>\n<p>&nbsp;<\/p>\n","protected":false},"featured_media":13051,"template":"","meta":[],"product_brand":[],"product_cat":[98],"product_tag":[1102,1090],"class_list":{"0":"post-13042","1":"product","2":"type-product","3":"status-publish","4":"has-post-thumbnail","6":"product_cat-privjesci-za-kljuceve","7":"product_tag-privjesci-za-kljuceve","8":"product_tag-unikatni-pokloni","10":"first","11":"instock","12":"taxable","13":"shipping-taxable","14":"purchasable","15":"product-type-variable","16":"has-default-attributes"},"_links":{"self":[{"href":"https:\/\/gogashop.com\/hr\/wp-json\/wp\/v2\/product\/13042","targetHints":{"allow":["GET"]}}],"collection":[{"href":"https:\/\/gogashop.com\/hr\/wp-json\/wp\/v2\/product"}],"about":[{"href":"https:\/\/gogashop.com\/hr\/wp-json\/wp\/v2\/types\/product"}],"version-history":[{"count":0,"href":"https:\/\/gogashop.com\/hr\/wp-json\/wp\/v2\/product\/13042\/revisions"}],"wp:featuredmedia":[{"embeddable":true,"href":"https:\/\/gogashop.com\/hr\/wp-json\/wp\/v2\/media\/13051"}],"wp:attachment":[{"href":"https:\/\/gogashop.com\/hr\/wp-json\/wp\/v2\/media?parent=13042"}],"wp:term":[{"taxonomy":"product_brand","embeddable":true,"href":"https:\/\/gogashop.com\/hr\/wp-json\/wp\/v2\/product_brand?post=13042"},{"taxonomy":"product_cat","embeddable":true,"href":"https:\/\/gogashop.com\/hr\/wp-json\/wp\/v2\/product_cat?post=13042"},{"taxonomy":"product_tag","embeddable":true,"href":"https:\/\/gogashop.com\/hr\/wp-json\/wp\/v2\/product_tag?post=13042"}],"curies":[{"name":"wp","href":"https:\/\/api.w.org\/{rel}","templated":true}]}}