{"id":13016,"date":"2022-09-09T13:03:26","date_gmt":"2022-09-09T13:03:26","guid":{"rendered":"https:\/\/gogashop.com\/hr\/?post_type=product&#038;p=13016"},"modified":"2024-01-30T11:30:05","modified_gmt":"2024-01-30T11:30:05","slug":"privjesci-za-kljuceve-i-will-be-back","status":"publish","type":"product","link":"https:\/\/gogashop.com\/hr\/privjesci-za-kljuceve-i-will-be-back\/","title":{"rendered":"Privjesci za klju\u010deve I will be back"},"content":{"rendered":"","protected":false},"excerpt":{"rendered":"<p>Privjesci za klju\u010deve I will be back odli\u010dni su privjesci za sve klju\u010deve jer nose mo\u010dnu poruku koja \u0107e zasigurno zadiviti svaku osobu koja \u0107e privjesak vidjeti.<\/p>\n<p>Privjesci za klju\u010deve I will be back mogu se vrlo jednostavno personalizirati tako da u polje ime upi\u0161ete ime Va\u0161e omiljene osobe kojoj \u017eelite pokloniti ovaj savr\u0161en privjesak za klju\u010deve.<\/p>\n<p>Privjesci za klju\u010deve odli\u010dni su za parove i voljene osobe, naime svaka osoba dobiva jedan personalizirani privjesak za klju\u010deve.<\/p>\n<p>Unikatni pokloni\u00a0 jedni su od najtra\u017eenijih i najpo\u017eeljnijih poklona u ovo doba te \u0107e ovi personalizirani privjesci za klju\u010deve biti odli\u010dan odabir i poklon koji \u0107e se uvijek nositi sa sobom.<\/p>\n<p><strong>Material:<\/strong> Nehr\u0111aju\u0107i \u010delik<\/p>\n<p><strong>Veli\u010dina privjeska za klju\u010deve:<\/strong>\u00a05,2 cm x 2,2 cm<\/p>\n<p><strong>Ukupna du\u017eina privjeska za klju\u010deve s privjeskom: <\/strong>\u00a012 cm<\/p>\n<p><strong>Paket uklju\u010duje:<\/strong><\/p>\n<ul>\n<li>1x\u00a0 privjesak za klju\u010deve I WILL BE BACK<\/li>\n<li>1x\u00a0 privjesak za klju\u010deve I WILL BE WAITING<\/li>\n<\/ul>\n<p>&nbsp;<\/p>\n","protected":false},"featured_media":13021,"template":"","meta":[],"product_brand":[],"product_cat":[98],"product_tag":[1102,1090],"class_list":{"0":"post-13016","1":"product","2":"type-product","3":"status-publish","4":"has-post-thumbnail","6":"product_cat-privjesci-za-kljuceve","7":"product_tag-privjesci-za-kljuceve","8":"product_tag-unikatni-pokloni","10":"first","11":"instock","12":"taxable","13":"shipping-taxable","14":"purchasable","15":"product-type-variable","16":"has-default-attributes"},"_links":{"self":[{"href":"https:\/\/gogashop.com\/hr\/wp-json\/wp\/v2\/product\/13016","targetHints":{"allow":["GET"]}}],"collection":[{"href":"https:\/\/gogashop.com\/hr\/wp-json\/wp\/v2\/product"}],"about":[{"href":"https:\/\/gogashop.com\/hr\/wp-json\/wp\/v2\/types\/product"}],"version-history":[{"count":0,"href":"https:\/\/gogashop.com\/hr\/wp-json\/wp\/v2\/product\/13016\/revisions"}],"wp:featuredmedia":[{"embeddable":true,"href":"https:\/\/gogashop.com\/hr\/wp-json\/wp\/v2\/media\/13021"}],"wp:attachment":[{"href":"https:\/\/gogashop.com\/hr\/wp-json\/wp\/v2\/media?parent=13016"}],"wp:term":[{"taxonomy":"product_brand","embeddable":true,"href":"https:\/\/gogashop.com\/hr\/wp-json\/wp\/v2\/product_brand?post=13016"},{"taxonomy":"product_cat","embeddable":true,"href":"https:\/\/gogashop.com\/hr\/wp-json\/wp\/v2\/product_cat?post=13016"},{"taxonomy":"product_tag","embeddable":true,"href":"https:\/\/gogashop.com\/hr\/wp-json\/wp\/v2\/product_tag?post=13016"}],"curies":[{"name":"wp","href":"https:\/\/api.w.org\/{rel}","templated":true}]}}