{"id":12386,"date":"2022-09-04T14:39:47","date_gmt":"2022-09-04T14:39:47","guid":{"rendered":"https:\/\/gogashop.com\/hr\/?post_type=product&#038;p=12386"},"modified":"2024-01-30T11:27:47","modified_gmt":"2024-01-30T11:27:47","slug":"naljepnice-za-kampere-adventure-await","status":"publish","type":"product","link":"https:\/\/gogashop.com\/hr\/naljepnice-za-kampere-adventure-await\/","title":{"rendered":"Naljepnice za kampere Adventure awaits"},"content":{"rendered":"","protected":false},"excerpt":{"rendered":"<p>Naljepnice za kampere Adventure awaits odli\u010dna je naljepnica za sve koji vole avanture i kampiranje.<\/p>\n<p>Naljepnice za kampere Adventure awaits prekrasno \u0107e se uklopiti na svaki kamper i jedva \u0107ete \u010dekati na nove avantura, a sam natpis uvijek \u0107e Vas podsijetiti na doga\u0111aje koje ste do\u0111ivjeli i pobuditi \u0107e ma\u0161tu i \u017eelju za novim do\u017eivljajima i avanturama.<\/p>\n<p>Naljepnice za kampere Adventure awaits odli\u010dan je i poklon svima koji vole kampirati i vole nove avanture u \u017eivotu!<\/p>\n<p><strong>Paket sadr\u017ei:<\/strong><\/p>\n<p>1 x Naljepnice za kampere Adventure awaits<\/p>\n","protected":false},"featured_media":12400,"template":"","meta":[],"product_brand":[],"product_cat":[374,1121,1115],"product_tag":[1064,1063],"class_list":{"0":"post-12386","1":"product","2":"type-product","3":"status-publish","4":"has-post-thumbnail","6":"product_cat-naljepnice-za-auto","7":"product_cat-avanturisticke","8":"product_cat-kamperi","9":"product_tag-adventure-awaits","10":"product_tag-naljepnice-za-kampere","12":"first","13":"instock","14":"taxable","15":"shipping-taxable","16":"purchasable","17":"product-type-variable"},"_links":{"self":[{"href":"https:\/\/gogashop.com\/hr\/wp-json\/wp\/v2\/product\/12386","targetHints":{"allow":["GET"]}}],"collection":[{"href":"https:\/\/gogashop.com\/hr\/wp-json\/wp\/v2\/product"}],"about":[{"href":"https:\/\/gogashop.com\/hr\/wp-json\/wp\/v2\/types\/product"}],"version-history":[{"count":0,"href":"https:\/\/gogashop.com\/hr\/wp-json\/wp\/v2\/product\/12386\/revisions"}],"wp:featuredmedia":[{"embeddable":true,"href":"https:\/\/gogashop.com\/hr\/wp-json\/wp\/v2\/media\/12400"}],"wp:attachment":[{"href":"https:\/\/gogashop.com\/hr\/wp-json\/wp\/v2\/media?parent=12386"}],"wp:term":[{"taxonomy":"product_brand","embeddable":true,"href":"https:\/\/gogashop.com\/hr\/wp-json\/wp\/v2\/product_brand?post=12386"},{"taxonomy":"product_cat","embeddable":true,"href":"https:\/\/gogashop.com\/hr\/wp-json\/wp\/v2\/product_cat?post=12386"},{"taxonomy":"product_tag","embeddable":true,"href":"https:\/\/gogashop.com\/hr\/wp-json\/wp\/v2\/product_tag?post=12386"}],"curies":[{"name":"wp","href":"https:\/\/api.w.org\/{rel}","templated":true}]}}